{"id":982,"date":"2013-01-14T20:58:02","date_gmt":"2013-01-14T18:58:02","guid":{"rendered":"http:\/\/www.bachstrasse2.de\/?page_id=982"},"modified":"2013-10-14T20:47:31","modified_gmt":"2013-10-14T18:47:31","slug":"laufergebnisse-2013","status":"publish","type":"page","link":"https:\/\/www.bachstrasse6.de\/?page_id=982","title":{"rendered":"Laufergebnisse 2013"},"content":{"rendered":"<p>Training ist ja recht und sch\u00f6n, doch ein Duell im Wettkampf ist eben durch nichts zu ersetzen. Deshalb starten wir auch wann immer es m\u00f6glich ist bei offiziellen Wettk\u00e4mpfen in unserer Umgebung. Hier die Ergebnisse des Jahres 2013:<\/p>\n<p><strong>31. Winterlaufserie<\/strong>, 13.01.13, Rheinzabern, 15 km, 900 Teilnehmer<br \/>\nBernhard Frey 69:25 min. (393), Marco Frei 69:29 min. (397), Thomas G\u00f6hringer 69:51 min. (409)<br \/>\n<strong>10. Ri\u00dfnertlauf<\/strong>, 17.03.13, Karlsruhe-R\u00fcppurr, 15 km, 333 Teilnehmer<br \/>\nMarco Frei 71:25 min. (103)<br \/>\n<strong>12. Hermann-Hesse-Lauf<\/strong>, 23.03.13, Calw, 10 km, 302 Teilnehmer<br \/>\nMarco Frei 45:28 min. (123), Lothar Becht 46:36 min. (139)<br \/>\n<strong>8. Stutenseer Stadtlauf,<\/strong> 14.04.13, Blankenloch, 10 km, 202 Teilnehmer<br \/>\nMarco Frei 44:20 min. (51), Lothar Becht 48:21 min.\u00a0(86), Timo Brenk 54:33 min. (139)<br \/>\n<strong>13. Trollinger-Marathon<\/strong>, 05.05.13, Heilbronn, 21,1 km, 4.446 Teilnehmer<br \/>\nMarco Frei 1:50:05 h (1222), Siegfried Lamprecht 2:08:23 h (2912)<br \/>\n<strong>23. Himmelfahrtslauf<\/strong>, 09.05.13, W\u00f6ssingen, 10 km, 146 Teilnehmer<br \/>\nMarco Frei 47:07 min. (50)<br \/>\n<strong>31. K\u00e4mpfelbach-Lauf<\/strong>, 11.05.13, Ersingen, 10 km, 142 Teilnehmer<br \/>\nMarco Frei 46:35 min. (51)<br \/>\n<strong>S\u00fcdpfalzlauf<\/strong>, 20.05.13, R\u00fclzheim, 10 km, 479 Teilnehmer<br \/>\nMarco Frei 45:53 min. (144), Lothar Becht 47:49 min. (192)<br \/>\n<strong>11. Gei\u00dfeschenner-Lauf<\/strong>, 08.06.13, Kieselbronn, 21,1 km, 128 Teilnehmer<br \/>\nMarco Frei 1:49:45 h (47)<br \/>\n<strong>11. Gei\u00dfeschenner-Lauf<\/strong>, 08.06.13, Kieselbronn, 10 km, 97 Teilnehmer<br \/>\nChristine Frei 58:08 min. (62)<br \/>\n<strong>8. Lu\u00dfhardtlauf<\/strong>, 18.08.13, Hambr\u00fccken, 21,1 km, 222 Teilnehmer<br \/>\nMarco Frei 1:49:27 h (127)<br \/>\n<strong>18. Dieter-Meinecke-Lauf<\/strong>, 01.09.13, Karlsdorf, 10 km, 286 Teilnehmer<br \/>\nMarco Frei 45:55 min. (92), Lothar Becht 47:03 min. (108)<br \/>\n<strong>18. Ranntal-Lauf<\/strong>, 14.09.13, Wilferdingen, 10 km, 208 Teilnehmer<br \/>\nMarco Frei 46:56 min. (76),\u00a0Lothar Becht 47:47 min. (83), Christine Frei 53:55 min. (150)<br \/>\n<strong>31. Baden-Marathon<\/strong>, 22.09.13, Karlsruhe, 21,1 km, 4963 Teilnehmer<br \/>\nMarco Frei 1:42:33 h (1019), Lothar Becht 1:46:08 h (1326), Siegfried Lamprecht 2:07:09 h (3648)<br \/>\n<strong>5. Fitnesslauf<\/strong>, 03.10.13, \u00d6stringen, 10 km, 243 Teilnehmer<br \/>\nMarco Frei 45:26 min. (30), Christine Frei 52:46 min. (125)<br \/>\n<strong>28. Hardtwaldlauf, <\/strong>13.10.13, Karlsruhe, 10 km, 562 Teilnehmer<br \/>\nMarco Frei 44:48 min. (148), Lothar Becht 45:52 min.\u00a0(173), Thomas G\u00f6hringer 46:16 min. (185), Christine Frei 50:51 min. (293)<\/p>\n<p>&nbsp;<\/p>\n<div id=\"attachment_1038\" style=\"width: 310px\" class=\"wp-caption alignleft\"><img loading=\"lazy\" decoding=\"async\" aria-describedby=\"caption-attachment-1038\" class=\"size-medium wp-image-1038\" alt=\"Marco Frei beim Hermann-Hesse-Lauf Calw 2013\" src=\"http:\/\/www.bachstrasse6.de\/wp-content\/uploads\/2008\/10\/2013hhlcwmf-300x198.jpg\" width=\"300\" height=\"198\" srcset=\"https:\/\/www.bachstrasse6.de\/wp-content\/uploads\/2008\/10\/2013hhlcwmf-300x198.jpg 300w, https:\/\/www.bachstrasse6.de\/wp-content\/uploads\/2008\/10\/2013hhlcwmf.jpg 900w\" sizes=\"auto, (max-width: 300px) 100vw, 300px\" \/><p id=\"caption-attachment-1038\" class=\"wp-caption-text\">Marco Frei beim Hermann-Hesse-Lauf Calw 2013<\/p><\/div>\n<p>&nbsp;<\/p>\n<div id=\"attachment_1208\" style=\"width: 310px\" class=\"wp-caption alignleft\"><img loading=\"lazy\" decoding=\"async\" aria-describedby=\"caption-attachment-1208\" class=\"size-medium wp-image-1208\" alt=\"Marco Frei beim Lu\u00dfhardtlauf Hambr\u00fccken 2013\" src=\"http:\/\/www.bachstrasse6.de\/wp-content\/uploads\/2008\/10\/Lusshardtlauf2013-AG0101-DSC_0117-300x199.jpg\" width=\"300\" height=\"199\" srcset=\"https:\/\/www.bachstrasse6.de\/wp-content\/uploads\/2008\/10\/Lusshardtlauf2013-AG0101-DSC_0117-300x199.jpg 300w, https:\/\/www.bachstrasse6.de\/wp-content\/uploads\/2008\/10\/Lusshardtlauf2013-AG0101-DSC_0117.jpg 331w\" sizes=\"auto, (max-width: 300px) 100vw, 300px\" \/><p id=\"caption-attachment-1208\" class=\"wp-caption-text\">Marco Frei beim Lu\u00dfhardtlauf Hambr\u00fccken 2013<\/p><\/div>\n<p>&nbsp;<\/p>\n<div id=\"attachment_1207\" style=\"width: 310px\" class=\"wp-caption alignleft\"><img loading=\"lazy\" decoding=\"async\" aria-describedby=\"caption-attachment-1207\" class=\"size-medium wp-image-1207\" alt=\"Marco Frei beim Lu\u00dfhardtlauf Hambr\u00fccken 2013\" src=\"http:\/\/www.bachstrasse6.de\/wp-content\/uploads\/2008\/10\/Lusshardtlauf2013-UZ0476-E_Grillh\u00fctte_146-300x198.jpg\" width=\"300\" height=\"198\" srcset=\"https:\/\/www.bachstrasse6.de\/wp-content\/uploads\/2008\/10\/Lusshardtlauf2013-UZ0476-E_Grillh\u00fctte_146-300x198.jpg 300w, https:\/\/www.bachstrasse6.de\/wp-content\/uploads\/2008\/10\/Lusshardtlauf2013-UZ0476-E_Grillh\u00fctte_146.jpg 332w\" sizes=\"auto, (max-width: 300px) 100vw, 300px\" \/><p id=\"caption-attachment-1207\" class=\"wp-caption-text\">Marco Frei beim Lu\u00dfhardtlauf Hambr\u00fccken 2013<\/p><\/div>\n<p>&nbsp;<\/p>\n<div id=\"attachment_1333\" style=\"width: 310px\" class=\"wp-caption alignleft\"><img loading=\"lazy\" decoding=\"async\" aria-describedby=\"caption-attachment-1333\" class=\"size-medium wp-image-1333\" alt=\"Marco Frei beim Ranntallauf Wilferdingen 2013\" src=\"http:\/\/www.bachstrasse6.de\/wp-content\/uploads\/2013\/01\/2013rtlwil01-300x224.jpg\" width=\"300\" height=\"224\" srcset=\"https:\/\/www.bachstrasse6.de\/wp-content\/uploads\/2013\/01\/2013rtlwil01-300x224.jpg 300w, https:\/\/www.bachstrasse6.de\/wp-content\/uploads\/2013\/01\/2013rtlwil01.jpg 1000w\" sizes=\"auto, (max-width: 300px) 100vw, 300px\" \/><p id=\"caption-attachment-1333\" class=\"wp-caption-text\">Marco Frei beim Ranntallauf Wilferdingen 2013<\/p><\/div>\n<p>&nbsp;<\/p>\n<div id=\"attachment_1334\" style=\"width: 310px\" class=\"wp-caption alignleft\"><img loading=\"lazy\" decoding=\"async\" aria-describedby=\"caption-attachment-1334\" class=\"size-medium wp-image-1334\" alt=\"Christine Frei beim Ranntallauf Wilferdingen 2013\" src=\"http:\/\/www.bachstrasse6.de\/wp-content\/uploads\/2013\/01\/2013rtlwil02-300x224.jpg\" width=\"300\" height=\"224\" srcset=\"https:\/\/www.bachstrasse6.de\/wp-content\/uploads\/2013\/01\/2013rtlwil02-300x224.jpg 300w, https:\/\/www.bachstrasse6.de\/wp-content\/uploads\/2013\/01\/2013rtlwil02.jpg 1000w\" sizes=\"auto, (max-width: 300px) 100vw, 300px\" \/><p id=\"caption-attachment-1334\" class=\"wp-caption-text\">Christine Frei beim Ranntallauf Wilferdingen 2013<\/p><\/div>\n<p>&nbsp;<\/p>\n<div id=\"attachment_1393\" style=\"width: 310px\" class=\"wp-caption alignleft\"><img loading=\"lazy\" decoding=\"async\" aria-describedby=\"caption-attachment-1393\" class=\"size-medium wp-image-1393\" alt=\"Marco Frei beim \u00d6stringer Fitnesslauf 2013\" src=\"http:\/\/www.bachstrasse6.de\/wp-content\/uploads\/2013\/01\/2013fl\u00f6smf-300x199.jpg\" width=\"300\" height=\"199\" srcset=\"https:\/\/www.bachstrasse6.de\/wp-content\/uploads\/2013\/01\/2013fl\u00f6smf-300x199.jpg 300w, https:\/\/www.bachstrasse6.de\/wp-content\/uploads\/2013\/01\/2013fl\u00f6smf.jpg 590w\" sizes=\"auto, (max-width: 300px) 100vw, 300px\" \/><p id=\"caption-attachment-1393\" class=\"wp-caption-text\">Marco Frei beim \u00d6stringer Fitnesslauf 2013<\/p><\/div>\n<p>&nbsp;<\/p>\n<div id=\"attachment_1394\" style=\"width: 310px\" class=\"wp-caption alignleft\"><img loading=\"lazy\" decoding=\"async\" aria-describedby=\"caption-attachment-1394\" class=\"size-medium wp-image-1394\" alt=\"Christine Frei beim \u00d6stringer Fitnesslauf 2013\" src=\"http:\/\/www.bachstrasse6.de\/wp-content\/uploads\/2013\/01\/2013fl\u00f6scf-300x199.jpg\" width=\"300\" height=\"199\" srcset=\"https:\/\/www.bachstrasse6.de\/wp-content\/uploads\/2013\/01\/2013fl\u00f6scf-300x199.jpg 300w, https:\/\/www.bachstrasse6.de\/wp-content\/uploads\/2013\/01\/2013fl\u00f6scf.jpg 590w\" sizes=\"auto, (max-width: 300px) 100vw, 300px\" \/><p id=\"caption-attachment-1394\" class=\"wp-caption-text\">Christine Frei beim \u00d6stringer Fitnesslauf 2013<\/p><\/div>\n<p>&nbsp;<\/p>\n<div id=\"attachment_1414\" style=\"width: 310px\" class=\"wp-caption alignleft\"><img loading=\"lazy\" decoding=\"async\" aria-describedby=\"caption-attachment-1414\" src=\"http:\/\/www.bachstrasse6.de\/wp-content\/uploads\/2013\/01\/2013hwlmf02-300x216.jpg\" alt=\"Marco Frei beim Karlsruher Hardtwaldlauf 2013\" width=\"300\" height=\"216\" class=\"size-medium wp-image-1414\" srcset=\"https:\/\/www.bachstrasse6.de\/wp-content\/uploads\/2013\/01\/2013hwlmf02-300x216.jpg 300w, https:\/\/www.bachstrasse6.de\/wp-content\/uploads\/2013\/01\/2013hwlmf02.jpg 500w\" sizes=\"auto, (max-width: 300px) 100vw, 300px\" \/><p id=\"caption-attachment-1414\" class=\"wp-caption-text\">Marco Frei beim Karlsruher Hardtwaldlauf 2013<\/p><\/div>\n<p>&nbsp;<\/p>\n<div id=\"attachment_1415\" style=\"width: 310px\" class=\"wp-caption alignleft\"><img loading=\"lazy\" decoding=\"async\" aria-describedby=\"caption-attachment-1415\" src=\"http:\/\/www.bachstrasse6.de\/wp-content\/uploads\/2013\/01\/2013hwlcf-300x226.jpg\" alt=\"Christine Frei beim Karlsruher Hardtwaldlauf 2013\" width=\"300\" height=\"226\" class=\"size-medium wp-image-1415\" srcset=\"https:\/\/www.bachstrasse6.de\/wp-content\/uploads\/2013\/01\/2013hwlcf-300x226.jpg 300w, https:\/\/www.bachstrasse6.de\/wp-content\/uploads\/2013\/01\/2013hwlcf.jpg 500w\" sizes=\"auto, (max-width: 300px) 100vw, 300px\" \/><p id=\"caption-attachment-1415\" class=\"wp-caption-text\">Christine Frei beim Karlsruher Hardtwaldlauf 2013<\/p><\/div>\n<p>&nbsp;<\/p>\n","protected":false},"excerpt":{"rendered":"<p>Training ist ja recht und sch\u00f6n, doch ein Duell im Wettkampf ist eben durch nichts zu ersetzen. Deshalb starten wir auch wann immer es m\u00f6glich ist bei offiziellen Wettk\u00e4mpfen in unserer Umgebung. Hier die Ergebnisse des Jahres 2013: 31. Winterlaufserie, 13.01.13, Rheinzabern, 15 km, 900 Teilnehmer Bernhard Frey 69:25 min. (393), Marco Frei 69:29 min. [&hellip;]<\/p>\n","protected":false},"author":2,"featured_media":0,"parent":9,"menu_order":0,"comment_status":"open","ping_status":"closed","template":"","meta":{"footnotes":""},"class_list":["post-982","page","type-page","status-publish","hentry"],"_links":{"self":[{"href":"https:\/\/www.bachstrasse6.de\/index.php?rest_route=\/wp\/v2\/pages\/982","targetHints":{"allow":["GET"]}}],"collection":[{"href":"https:\/\/www.bachstrasse6.de\/index.php?rest_route=\/wp\/v2\/pages"}],"about":[{"href":"https:\/\/www.bachstrasse6.de\/index.php?rest_route=\/wp\/v2\/types\/page"}],"author":[{"embeddable":true,"href":"https:\/\/www.bachstrasse6.de\/index.php?rest_route=\/wp\/v2\/users\/2"}],"replies":[{"embeddable":true,"href":"https:\/\/www.bachstrasse6.de\/index.php?rest_route=%2Fwp%2Fv2%2Fcomments&post=982"}],"version-history":[{"count":26,"href":"https:\/\/www.bachstrasse6.de\/index.php?rest_route=\/wp\/v2\/pages\/982\/revisions"}],"predecessor-version":[{"id":1416,"href":"https:\/\/www.bachstrasse6.de\/index.php?rest_route=\/wp\/v2\/pages\/982\/revisions\/1416"}],"up":[{"embeddable":true,"href":"https:\/\/www.bachstrasse6.de\/index.php?rest_route=\/wp\/v2\/pages\/9"}],"wp:attachment":[{"href":"https:\/\/www.bachstrasse6.de\/index.php?rest_route=%2Fwp%2Fv2%2Fmedia&parent=982"}],"curies":[{"name":"wp","href":"https:\/\/api.w.org\/{rel}","templated":true}]}}