{"id":9,"date":"2008-10-03T17:12:29","date_gmt":"2008-10-03T15:12:29","guid":{"rendered":"http:\/\/marco-frei.landoweg.de\/?page_id=9"},"modified":"2026-01-11T16:04:12","modified_gmt":"2026-01-11T15:04:12","slug":"ergebnisse","status":"publish","type":"page","link":"https:\/\/www.bachstrasse6.de\/?page_id=9","title":{"rendered":"Ergebnisse"},"content":{"rendered":"<p><span style=\"font-family: Arial,Helvetica;\">Training ist ja recht und sch\u00f6n, doch ein Duell im Wettkampf ist eben durch nichts zu ersetzen. Deshalb starten wir auch wann immer es m\u00f6glich ist bei offiziellen Wettk\u00e4mpfen in unserer Umgebung.\u00a0Laufberichte findet man bei <a href=\"http:\/\/www.laufreport.de\" target=\"_blank\" rel=\"noopener noreferrer\">Laufreport <\/a>.<\/span><\/p>\n<p><a href=\"https:\/\/www.bachstrasse6.de\/?page_id=3432\">Ergebnisse 2026<\/a><\/p>\n<p><a href=\"http:\/\/www.bachstrasse6.de\/?page_id=3325\">Ergebnisse 2025<\/a><\/p>\n<p><a href=\"http:\/\/www.bachstrasse6.de\/?page_id=3229\">Ergebnisse 2024<\/a><\/p>\n<p><a href=\"http:\/\/www.bachstrasse6.de\/?page_id=3156\">Ergebnisse 2023<\/a><\/p>\n<p><a href=\"http:\/\/www.bachstrasse6.de\/?page_id=3068\">Ergebnisse 2022<\/a><\/p>\n<p><a href=\"http:\/\/www.bachstrasse6.de\/?page_id=3058\">Ergebnisse 2021<\/a><\/p>\n<p><a href=\"http:\/\/www.bachstrasse6.de\/?page_id=2988\">Ergebnisse 2020<\/a><\/p>\n<p><a href=\"http:\/\/www.bachstrasse6.de\/?page_id=2941\">Ergebnisse 2019<\/a><\/p>\n<p><a href=\"http:\/\/www.bachstrasse6.de\/?page_id=2866\">Ergebnisse 2018<\/a><\/p>\n<p><a href=\"http:\/\/www.bachstrasse6.de\/?page_id=2739\">Ergebnisse 2017<\/a><\/p>\n<p><a href=\"http:\/\/www.bachstrasse6.de\/?page_id=2635\">Ergebnisse 2016<\/a><\/p>\n<p><a title=\"Laufergebnisse 2015\" href=\"http:\/\/www.bachstrasse6.de\/?page_id=2558\">Ergebnisse 2015<\/a><\/p>\n<p><a title=\"Laufergebnisse 2014\" href=\"http:\/\/www.bachstrasse6.de\/?page_id=1943\">Ergebnisse 2014<\/a><\/p>\n<p><a title=\"Laufergebnisse 2013\" href=\"http:\/\/www.bachstrasse6.de\/?page_id=982\">Ergebnisse 2013<\/a><\/p>\n<p><a title=\"Laufergebnisse 2012\" href=\"http:\/\/www.bachstrasse6.de\/?page_id=320\">Ergebnisse 2012<\/a><\/p>\n<p><a title=\"Laufergebnisse 2011\" href=\"http:\/\/www.bachstrasse6.de\/?page_id=198\">Ergebnisse 2011<\/a><\/p>\n<p><a title=\"Laufergebnisse 2010\" href=\"http:\/\/www.bachstrasse6.de\/?page_id=175\">Ergebnisse 2010<\/a><\/p>\n<p><a title=\"Laufergebnisse 2009\" href=\"http:\/\/www.bachstrasse6.de\/?page_id=170\">Ergebnisse 2009<\/a><\/p>\n<p><a title=\"Laufergebnisse 2008\" href=\"http:\/\/www.bachstrasse6.de\/?page_id=182\">Ergebnisse 2008<\/a><\/p>\n<p><a title=\"Laufergebnisse 2007\" href=\"http:\/\/www.bachstrasse6.de\/?page_id=206\">Ergebnisse 2007<\/a><\/p>\n<p><a title=\"Laufergebnisse 2006\" href=\"http:\/\/www.bachstrasse6.de\/?page_id=216\">Ergebnisse 2006<\/a><\/p>\n<p><a title=\"Laufergebnisse 2005\" href=\"http:\/\/www.bachstrasse6.de\/?page_id=221\">Ergebnisse 2005<\/a><\/p>\n<p><a title=\"Laufergebnisse 2004\" href=\"http:\/\/www.bachstrasse6.de\/?page_id=223\">Ergebnisse 2004<\/a><\/p>\n<p><a title=\"Laufergebnisse 2003\" href=\"http:\/\/www.bachstrasse6.de\/?page_id=225\">Ergebnisse 2003<\/a><\/p>\n<p><a title=\"Laufergebnisse 2002\" href=\"http:\/\/www.bachstrasse6.de\/?page_id=228\">Ergebnisse 2002<\/a><\/p>\n<p><a title=\"Laufergebnisse 2001\" href=\"http:\/\/www.bachstrasse6.de\/?page_id=230\">Ergebnisse 2001<\/a><\/p>\n<p><a title=\"Laufergebnisse 2000\" href=\"http:\/\/www.bachstrasse6.de\/?page_id=232\">Ergebnisse 2000<\/a><\/p>\n<p><a title=\"Laufergebnisse 1999\" href=\"http:\/\/www.bachstrasse6.de\/?page_id=234\">Ergebnisse 1999<\/a><\/p>\n<p><a title=\"Laufergebnisse 1998\" href=\"http:\/\/www.bachstrasse6.de\/?page_id=236\">Ergebnisse 1998<\/a><\/p>\n<p><a title=\"Laufergebnisse 1996\" href=\"http:\/\/www.bachstrasse6.de\/?page_id=240\">Ergebnisse 1996<\/a><\/p>\n<p><a title=\"Laufergebnisse 1995\" href=\"http:\/\/www.bachstrasse6.de\/?page_id=242\">Ergebnisse 1995<\/a><\/p>\n<p><a title=\"Laufergebnisse 1994\" href=\"http:\/\/www.bachstrasse6.de\/?page_id=244\">Ergebnisse 1994<\/a><\/p>\n","protected":false},"excerpt":{"rendered":"<p>Training ist ja recht und sch\u00f6n, doch ein Duell im Wettkampf ist eben durch nichts zu ersetzen. Deshalb starten wir auch wann immer es m\u00f6glich ist bei offiziellen Wettk\u00e4mpfen in unserer Umgebung.\u00a0Laufberichte findet man bei Laufreport . Ergebnisse 2026 Ergebnisse 2025 Ergebnisse 2024 Ergebnisse 2023 Ergebnisse 2022 Ergebnisse 2021 Ergebnisse 2020 Ergebnisse 2019 Ergebnisse 2018 [&hellip;]<\/p>\n","protected":false},"author":2,"featured_media":0,"parent":5,"menu_order":2,"comment_status":"open","ping_status":"open","template":"","meta":{"footnotes":""},"class_list":["post-9","page","type-page","status-publish","hentry"],"_links":{"self":[{"href":"https:\/\/www.bachstrasse6.de\/index.php?rest_route=\/wp\/v2\/pages\/9","targetHints":{"allow":["GET"]}}],"collection":[{"href":"https:\/\/www.bachstrasse6.de\/index.php?rest_route=\/wp\/v2\/pages"}],"about":[{"href":"https:\/\/www.bachstrasse6.de\/index.php?rest_route=\/wp\/v2\/types\/page"}],"author":[{"embeddable":true,"href":"https:\/\/www.bachstrasse6.de\/index.php?rest_route=\/wp\/v2\/users\/2"}],"replies":[{"embeddable":true,"href":"https:\/\/www.bachstrasse6.de\/index.php?rest_route=%2Fwp%2Fv2%2Fcomments&post=9"}],"version-history":[{"count":60,"href":"https:\/\/www.bachstrasse6.de\/index.php?rest_route=\/wp\/v2\/pages\/9\/revisions"}],"predecessor-version":[{"id":3436,"href":"https:\/\/www.bachstrasse6.de\/index.php?rest_route=\/wp\/v2\/pages\/9\/revisions\/3436"}],"up":[{"embeddable":true,"href":"https:\/\/www.bachstrasse6.de\/index.php?rest_route=\/wp\/v2\/pages\/5"}],"wp:attachment":[{"href":"https:\/\/www.bachstrasse6.de\/index.php?rest_route=%2Fwp%2Fv2%2Fmedia&parent=9"}],"curies":[{"name":"wp","href":"https:\/\/api.w.org\/{rel}","templated":true}]}}