{"id":763,"date":"2012-04-16T21:10:21","date_gmt":"2012-04-16T19:10:21","guid":{"rendered":"http:\/\/www.bachstrasse2.de\/?page_id=763"},"modified":"2012-04-16T21:42:56","modified_gmt":"2012-04-16T19:42:56","slug":"la-palma-2002","status":"publish","type":"page","link":"https:\/\/www.bachstrasse6.de\/?page_id=763","title":{"rendered":"La Palma 2002"},"content":{"rendered":"<p>Vom <strong>17.\u00a0bis 31. Oktober 2002<\/strong> waren <strong>Ralf Wessinger<\/strong> und <strong>Marco Frei<\/strong> auf der Kanareninsel La Palma zu Gast.<\/p>\n<p>Viele tolle Wanderungen haben wir im\u00a0Rother Wanderf\u00fchrer &#8222;La Palma&#8220; 6. Auflage 2001 (= R) und im\u00a0Peter Meyer Reisef\u00fchrer &#8222;La Palma&#8220; 5. Auflage 2000 (= M) gefunden.<br \/>\n<strong>Donnerstag,17.10.2002<\/strong><\/p>\n<ul>\n<li>Condor Flug-Nr.: DE 4892 Frankfurt &#8211; Santa Cruz de la Palma Abflug: 5.35 Uhr, Ankunft: 9.15 Uhr<\/li>\n<li>Ankunft auf La Palma<\/li>\n<li>Los Llanos de Aridane<\/li>\n<li>Puerto de Tazacorte<\/li>\n<li>Mirador El Time<\/li>\n<li>Abendessen in Los Llanos de Aridane<\/li>\n<li>\u00dcbernachtung: Hotel Ed\u00e9n, Los Llanos de Aridane, Tel.: +34 922 46 01 04<\/li>\n<\/ul>\n<p><strong>Freitag, 18.10.2002<\/strong><\/p>\n<ul>\n<li>Plaza Mercado, Los Llanos de Aridane<\/li>\n<li>Wanderung: Mirador de Taburiente &#8211; Roque de los Muchachos &#8211; Mirador de Taburiente (R 48 \/ M 13)<\/li>\n<li>Mirador El Time<\/li>\n<li>Puerto de Tazacorte<\/li>\n<li>Abendessen: Tasca la Fuente, Los Llanos de Aridane<\/li>\n<li>\u00dcbernachtung: Hotel Ed\u00e9n, Los Llanos de Aridane, Tel.: +34 922 46 01 04<\/li>\n<\/ul>\n<p><strong>Samstag, 19.10.2002<\/strong><\/p>\n<ul>\n<li>Plaza Mercado, Los Llanos de Aridane<\/li>\n<li>Mazo<\/li>\n<li>Wanderung: Mazo &#8211; El Molino &#8211; Monte Bre\u00f1a &#8211; Mazo (R 3)<\/li>\n<li>Mercadillo, Mazo<\/li>\n<li>Puerto Naos<\/li>\n<li>Abendessen: Puerto de Tazacorte<\/li>\n<li>\u00dcbernachtung: Hotel Ed\u00e9n, Los Llanos de Aridane, Tel.: +34 922 46 01 04<\/li>\n<\/ul>\n<p><strong>Sonntag, 20.10.2002<\/strong><\/p>\n<ul>\n<li>Fuencaliente<\/li>\n<li>Wanderung: Fuencaliente &#8211; Volc\u00e1n San Antonio &#8211; Roque Tengu\u00eda &#8211; Volc\u00e1n Tenegu\u00eda &#8211; Faro de Fuencaliente &#8211; Fuencaliente (R 36)<\/li>\n<li>Abendessen: Playa-Mont, Puerto de Tazacorte<\/li>\n<li>\u00dcbernachtung: Hotel Ed\u00e9n, Los Llanos de Aridane, Tel.: +34 922 46 01 04<\/li>\n<\/ul>\n<p><strong>Montag, 21.10.2002<\/strong><\/p>\n<ul>\n<li>Plaza Mercado, Los Llanos de Aridane<\/li>\n<li>La Cumbrecita<\/li>\n<li>Wanderung: Cumbrecita &#8211; Mirador Punta de los Roques &#8211; Gal\u00e9ria Aridane &#8211; Gal\u00e9ria la Faya &#8211; Hoyo de los Pinos (R 39)<\/li>\n<li>Wanderung: Cumbrecita &#8211; Mirador de las Chozas &#8211; Mirador Punta de los Roques &#8211; Cumbrecita (R 40)<\/li>\n<li>Baden in Puerto de Tazacorte<\/li>\n<li>Abendessen<\/li>\n<li>\u00dcbernachtung: Hotel Ed\u00e9n, Los Llanos de Aridane, Tel.: +34 922 46 01 04<\/li>\n<\/ul>\n<p><strong>Dienstag, 22.10.2002<\/strong><\/p>\n<ul>\n<li>Plaza Mercado, Los Llanos de Aridane<\/li>\n<li>Wanderung: Casa del Monte &#8211; Nacientes Marcos y Cordero &#8211; Casa del Monte (R 39 \/ M 20)<\/li>\n<li>Abendessen<\/li>\n<li>\u00dcbernachtung: Hotel Ed\u00e9n, Los Llanos de Aridane, Tel.: +34 922 46 01 04<\/li>\n<\/ul>\n<p><strong>Mittwoch, 23.10.2002<\/strong><\/p>\n<ul>\n<li>Plaza Mercado, Los Llanos de Aridane<\/li>\n<li>Tijarafe<\/li>\n<li>Wanderung: Tijarafe &#8211; Barranco del Jurado &#8211; Playa del Jurado &#8211; Por\u00eds de Candelaria &#8211; Tijarafe (R 25)<\/li>\n<li>Baden in Puerto de Tazacorte<\/li>\n<li>Abendessen<\/li>\n<li>\u00dcbernachtung: Hotel Ed\u00e9n, Los Llanos de Aridane, Tel.: +34 922 46 01 04<\/li>\n<\/ul>\n<p><strong>Donnerstag, 24.10.2002<\/strong><\/p>\n<ul>\n<li>Plaza Mercado, Los Llanos de Aridane<\/li>\n<li>Wanderung: El Barial &#8211; El Rodeo &#8211; Pico Bejenado &#8211; El Rodeo &#8211; El Barrial (R 41 \/ M 2)<\/li>\n<li>Baden in Puerto de Tazacorte<\/li>\n<li>Abendessen: Bodeg\u00f3n Tamanca, Las Manchas<\/li>\n<li>\u00dcbernachtung: Hotel Ed\u00e9n, Los Llanos de Aridane, Tel.: +34 922 46 01 04<\/li>\n<\/ul>\n<p><strong>Freitag, 25.10.2002<\/strong><\/p>\n<ul>\n<li>Los Tilos<\/li>\n<li>Wanderung: Los Tilos &#8211; Barranco del Agua &#8211; Los Tilos (R 12)<\/li>\n<li>Barlovento<\/li>\n<li>La Fajana<\/li>\n<li>La Tosca<\/li>\n<li>Abendessen: Monte Rio, Puerto de Tazacorte<\/li>\n<li>\u00dcbernachtung: Hotel Ed\u00e9n, Los Llanos de Aridane, Tel.: +34 922 46 01 04<\/li>\n<\/ul>\n<p><strong>Samstag, 26.10.2002<\/strong><\/p>\n<ul>\n<li>Fuencaliente<\/li>\n<li>Wanderung: Fuencaliente &#8211; Volc\u00e1n Mart\u00edn &#8211; Monta\u00f1a Pelada &#8211; Fuencaliente (R 34)<\/li>\n<li>Mazo<\/li>\n<li>Mercadillo, Mazo<\/li>\n<li>Abendessen: El Chino, Los Llanos de Aridane<\/li>\n<li>\u00dcbernachtung: Hotel Ed\u00e9n, Los Llanos de Aridane, Tel.: +34 922 46 01 04<\/li>\n<\/ul>\n<p><strong>Sonntag, 27.10.2002<\/strong><\/p>\n<ul>\n<li>Santa Cruz de La Palma<\/li>\n<li>Wanderung: Santa Cruz de La Palma &#8211; Barranco del R\u00edo de Las Nieves &#8211; Las Nieves &#8211; Mirador de la Concepci\u00f3n (R 1)<\/li>\n<li>Wanderung: Mirador de la Concepci\u00f3n &#8211; Santa Cruz de La Palma\u00a0 (R 2)<\/li>\n<li>Baden in Puerto de Tazacorte<\/li>\n<li>Abendessen: Restaurante Palacio del Vino, Los Llanos de Aridane<\/li>\n<li>\u00dcbernachtung: Hotel Ed\u00e9n, Los Llanos de Aridane, Tel.: +34 922 46 01 04<\/li>\n<\/ul>\n<p><strong>Montag, 28.10.2002<\/strong><\/p>\n<ul>\n<li>Parkplatz Barranco de las Angustias<\/li>\n<li>Los Brecitos<\/li>\n<li>Wanderung: Los Brecitos &#8211; Playa de Taburiente &#8211; Cascada de la Fondada &#8211; Playa de Taburiente (R 37 \/ M 6 \/ M8 )<\/li>\n<li>Wanderung: Playa de Taburiente &#8211; Cascada de Colores &#8211; Dos Aguas &#8211; Barranco de las Angustias (R 38\u00a0\/ M 7)<\/li>\n<li>Abendessen: Casa Antoni, Los Llanos de Aridane<\/li>\n<li>\u00dcbernachtung: Hotel Ed\u00e9n, Los Llanos de Aridane, Tel.: +34 922 46 01 04<\/li>\n<\/ul>\n<p><strong>Dienstag, 29.10.2002<\/strong><\/p>\n<ul>\n<li>Santa Cruz de La Palma<\/li>\n<li>Fuencaliente<\/li>\n<li>Bodegas Tengu\u00eda<\/li>\n<li>Baden am Playa de Charco Verde<\/li>\n<li>Abendessen: Bodeg\u00f3n Tamanca, Las Manchas<\/li>\n<li>\u00dcbernachtung: Hotel Ed\u00e9n, Los Llanos de Aridane, Tel.: +34 922 46 01 04<\/li>\n<\/ul>\n<p><strong>Mittwoch, 30.10.2002<\/strong><\/p>\n<ul>\n<li>Plaza Mercado, Los Llanos de Aridane<\/li>\n<li>Wanderung: Puerto de Tazacorte &#8211; Mirador El Time &#8211; Puerto de Tazacorte (R 27 \/ M 3)<\/li>\n<li>Baden in Puerto de Tazacorte<\/li>\n<li>Abendessen: Restaurante Palacio del Vino, Los Llanos de Aridane<\/li>\n<li>\u00dcbernachtung: Hotel Ed\u00e9n, Los Llanos de Aridane, Tel.: +34 922 46 01 04<\/li>\n<\/ul>\n<p><strong>Donnerstag, 31.10.2002<\/strong><\/p>\n<ul>\n<li>Condor Flug-Nr.: DE 4893 Santa Cruz de La Palma &#8211; Frankfurt Abflug: 10.45 Uhr, Ankunft: 16.15 Uhr<\/li>\n<\/ul>\n","protected":false},"excerpt":{"rendered":"<p>Vom 17.\u00a0bis 31. Oktober 2002 waren Ralf Wessinger und Marco Frei auf der Kanareninsel La Palma zu Gast. Viele tolle Wanderungen haben wir im\u00a0Rother Wanderf\u00fchrer &#8222;La Palma&#8220; 6. Auflage 2001 (= R) und im\u00a0Peter Meyer Reisef\u00fchrer &#8222;La Palma&#8220; 5. Auflage 2000 (= M) gefunden. Donnerstag,17.10.2002 Condor Flug-Nr.: DE 4892 Frankfurt &#8211; Santa Cruz de la [&hellip;]<\/p>\n","protected":false},"author":2,"featured_media":0,"parent":355,"menu_order":0,"comment_status":"open","ping_status":"closed","template":"","meta":{"footnotes":""},"class_list":["post-763","page","type-page","status-publish","hentry"],"_links":{"self":[{"href":"https:\/\/www.bachstrasse6.de\/index.php?rest_route=\/wp\/v2\/pages\/763","targetHints":{"allow":["GET"]}}],"collection":[{"href":"https:\/\/www.bachstrasse6.de\/index.php?rest_route=\/wp\/v2\/pages"}],"about":[{"href":"https:\/\/www.bachstrasse6.de\/index.php?rest_route=\/wp\/v2\/types\/page"}],"author":[{"embeddable":true,"href":"https:\/\/www.bachstrasse6.de\/index.php?rest_route=\/wp\/v2\/users\/2"}],"replies":[{"embeddable":true,"href":"https:\/\/www.bachstrasse6.de\/index.php?rest_route=%2Fwp%2Fv2%2Fcomments&post=763"}],"version-history":[{"count":23,"href":"https:\/\/www.bachstrasse6.de\/index.php?rest_route=\/wp\/v2\/pages\/763\/revisions"}],"predecessor-version":[{"id":793,"href":"https:\/\/www.bachstrasse6.de\/index.php?rest_route=\/wp\/v2\/pages\/763\/revisions\/793"}],"up":[{"embeddable":true,"href":"https:\/\/www.bachstrasse6.de\/index.php?rest_route=\/wp\/v2\/pages\/355"}],"wp:attachment":[{"href":"https:\/\/www.bachstrasse6.de\/index.php?rest_route=%2Fwp%2Fv2%2Fmedia&parent=763"}],"curies":[{"name":"wp","href":"https:\/\/api.w.org\/{rel}","templated":true}]}}