{"id":7,"date":"2008-10-03T17:11:51","date_gmt":"2008-10-03T15:11:51","guid":{"rendered":"http:\/\/marco-frei.landoweg.de\/?page_id=7"},"modified":"2013-08-20T14:04:23","modified_gmt":"2013-08-20T12:04:23","slug":"training","status":"publish","type":"page","link":"https:\/\/www.bachstrasse6.de\/?page_id=7","title":{"rendered":"Trainingsstrecken"},"content":{"rendered":"<p>Wir haben mehrere Trainingsstrecken zur Auswahl, welche gelaufen wird entscheidet sich je nach Wetter, Tagesform und Teilnehmer.<\/p>\n<p><strong>Strecke 1 (Das Bermuda-Dreieck)\u00a0<\/strong><\/p>\n<p>Ecke Ufer-\/Steiner Stra\u00dfe &#8211; Turnhalle Bilfingen &#8211; Steiner Weg &#8211; Getr\u00e4nke Seiter Stein &#8211; Kreisverkehr Stein &#8211; Sportplatz K\u00f6nigsbach &#8211; Bildungszentrum K\u00f6nigsbach &#8211; Pl\u00f6tzer &#8211; Radweg nach Bilfingen &#8211; Ecke Ufer-\/Steiner Stra\u00dfe (ca. 4 km)<\/p>\n<p><strong>Strecke 2 (Rund um die Ebb)\u00a0<\/strong><\/p>\n<p>Kindergarten &#8211; Gr\u00fcndle &#8211; Ketzinger &#8211; Mittlerer Schlauderhellenweg &#8211; Betonweg &#8211; Kirchgrundstra\u00dfe &#8211; Bahnhof &#8211; Kindergarten (ca. 5 km)<\/p>\n<p><strong>Strecke 3 (Gengenbachtal Classic)\u00a0<\/strong><\/p>\n<p>Kindergarten &#8211; M\u00fchlstra\u00dfe &#8211; Waldstra\u00dfe &#8211; Esel &#8211; Tennisplatz Ersingen &#8211; Ameisenbergweg &#8211; Scheibenschlagenplatz &#8211; Bergfeld &#8211; Ersinger Kreuz &#8211; Gengenbach-H\u00fctte &#8211; Gengenbachtal &#8211; Steiner Kirche &#8211; Schildwach &#8211; Hellberg &#8211; M\u00fchlstra\u00dfe &#8211; Kindergarten (ca. 10 km)<\/p>\n<p><strong>Strecke 4 (Gengenbachtal For Runaways)\u00a0<\/strong><\/p>\n<p>Kindergarten &#8211; M\u00fchlstra\u00dfe &#8211; Waldstra\u00dfe &#8211; Esel &#8211; Tennisplatz Ersingen &#8211; Ameisenbergweg &#8211; Scheibenschlagenplatz &#8211; Bergfeld &#8211; Ersinger Kreuz &#8211; J\u00fcnglingsplatz &#8211; Gengenbachtal &#8211; Steiner Kirche &#8211; Hellberg &#8211; Schildwach &#8211; M\u00fchlstra\u00dfe &#8211; Kindergarten (15,5 km)<\/p>\n<p><strong>Strecke 5\u00a0<\/strong><\/p>\n<p>Kindergarten &#8211; M\u00fchlstra\u00dfe &#8211; Waldstra\u00dfe &#8211; Esel &#8211; Tennisplatz Ersingen &#8211; Ameisenbergweg &#8211; Scheibenschlagenplatz &#8211; Bergfeld &#8211; Ersinger Kreuz &#8211; J\u00fcnglingsplatz &#8211; Gengenbachtal &#8211; Steiner Kirche &#8211; Schildwach &#8211; Hellberg &#8211; M\u00fchlstra\u00dfe &#8211; Gr\u00fcndle &#8211; Ketzinger &#8211; Mittlerer Schlauderhellenweg &#8211; Betonweg &#8211; Kirchgrundstra\u00dfe &#8211; Bahnhof &#8211; Kindergarten (ca. 20 km)<\/p>\n<p>&nbsp;<\/p>\n<p>Start- und Zielpunkt ist hier immer der Kindergarten in Bilfingen, wo sich auch Parkm\u00f6glichkeiten befinden.<\/p>\n<p>Wir sehen uns!<\/p>\n","protected":false},"excerpt":{"rendered":"<p>Wir haben mehrere Trainingsstrecken zur Auswahl, welche gelaufen wird entscheidet sich je nach Wetter, Tagesform und Teilnehmer. Strecke 1 (Das Bermuda-Dreieck)\u00a0 Ecke Ufer-\/Steiner Stra\u00dfe &#8211; Turnhalle Bilfingen &#8211; Steiner Weg &#8211; Getr\u00e4nke Seiter Stein &#8211; Kreisverkehr Stein &#8211; Sportplatz K\u00f6nigsbach &#8211; Bildungszentrum K\u00f6nigsbach &#8211; Pl\u00f6tzer &#8211; Radweg nach Bilfingen &#8211; Ecke Ufer-\/Steiner Stra\u00dfe (ca. 4 [&hellip;]<\/p>\n","protected":false},"author":2,"featured_media":0,"parent":5,"menu_order":1,"comment_status":"open","ping_status":"open","template":"","meta":{"footnotes":""},"class_list":["post-7","page","type-page","status-publish","hentry"],"_links":{"self":[{"href":"https:\/\/www.bachstrasse6.de\/index.php?rest_route=\/wp\/v2\/pages\/7","targetHints":{"allow":["GET"]}}],"collection":[{"href":"https:\/\/www.bachstrasse6.de\/index.php?rest_route=\/wp\/v2\/pages"}],"about":[{"href":"https:\/\/www.bachstrasse6.de\/index.php?rest_route=\/wp\/v2\/types\/page"}],"author":[{"embeddable":true,"href":"https:\/\/www.bachstrasse6.de\/index.php?rest_route=\/wp\/v2\/users\/2"}],"replies":[{"embeddable":true,"href":"https:\/\/www.bachstrasse6.de\/index.php?rest_route=%2Fwp%2Fv2%2Fcomments&post=7"}],"version-history":[{"count":11,"href":"https:\/\/www.bachstrasse6.de\/index.php?rest_route=\/wp\/v2\/pages\/7\/revisions"}],"predecessor-version":[{"id":1239,"href":"https:\/\/www.bachstrasse6.de\/index.php?rest_route=\/wp\/v2\/pages\/7\/revisions\/1239"}],"up":[{"embeddable":true,"href":"https:\/\/www.bachstrasse6.de\/index.php?rest_route=\/wp\/v2\/pages\/5"}],"wp:attachment":[{"href":"https:\/\/www.bachstrasse6.de\/index.php?rest_route=%2Fwp%2Fv2%2Fmedia&parent=7"}],"curies":[{"name":"wp","href":"https:\/\/api.w.org\/{rel}","templated":true}]}}