{"id":53,"date":"2008-10-03T18:14:46","date_gmt":"2008-10-03T16:14:46","guid":{"rendered":"http:\/\/marco-frei.landoweg.de\/?page_id=53"},"modified":"2017-10-21T15:44:06","modified_gmt":"2017-10-21T13:44:06","slug":"startseite","status":"publish","type":"page","link":"https:\/\/www.bachstrasse6.de\/","title":{"rendered":"Startseite"},"content":{"rendered":"<p><img loading=\"lazy\" decoding=\"async\" class=\"alignleft wp-image-2464\" src=\"http:\/\/www.bachstrasse6.de\/wp-content\/uploads\/2013\/03\/bs6-1293-Small-150x150.jpg\" alt=\"bs6 1293 (Small)\" width=\"63\" height=\"63\" \/><\/p>\n<p>Namensgeber dieser Seiten ist unser Grundst\u00fcck in der <strong><a title=\"Bachstra\u00dfe 6\" href=\"http:\/\/www.bachstrasse6.de\/?page_id=1012\">Bachstra\u00dfe 6<\/a><\/strong> in Bilfingen. Hier kann der Bau unseres Hauses verfolgt werden.<\/p>\n<p>&nbsp;<\/p>\n<p><img loading=\"lazy\" decoding=\"async\" class=\"alignleft size-thumbnail wp-image-358\" title=\"090607 244\" src=\"http:\/\/www.bachstrasse6.de\/wp-content\/uploads\/2012\/04\/090607-244-150x150.jpg\" alt=\"\" width=\"90\" height=\"90\" \/><\/p>\n<p>Geheiratet wurde in Frankreich und in Deutschland. Nicht vergessen werden d\u00fcrfen auch zwei tolle Junggesellenabschiede. Viele tolle Bilder gibt es auf der\u00a0<strong><a href=\"http:\/\/hochzeit.bachstrasse6.de\/\" target=\"_blank\" rel=\"noopener\">Hochzeits-Seite<\/a><\/strong>.<\/p>\n<p>&nbsp;<\/p>\n<p>&nbsp;<\/p>\n<p><img loading=\"lazy\" decoding=\"async\" class=\"alignleft size-full wp-image-104\" title=\"lauflogo\" src=\"http:\/\/www.bachstrasse6.de\/wp-content\/uploads\/2009\/04\/lauflogo.gif\" alt=\"lauflogo\" width=\"40\" height=\"40\" \/><\/p>\n<p>Zu meinen Hobbies geh\u00f6rt\u00a0das Laufen. Weitere Informationen dazu gibt es auf der Seite der <strong><a title=\"Laufen\" href=\"http:\/\/www.bachstrasse6.de\/?page_id=5\">Gebajo&#8217;s Bilfingen<\/a><\/strong>.<\/p>\n<p>&nbsp;<\/p>\n<p><img loading=\"lazy\" decoding=\"async\" class=\"alignleft size-thumbnail wp-image-342\" title=\"Schildwachhexen\" src=\"http:\/\/www.bachstrasse6.de\/wp-content\/uploads\/2008\/10\/Schildwachhexen-150x150.jpg\" alt=\"\" width=\"63\" height=\"63\" \/><\/p>\n<p>Hoch im Kurs steht\u00a0die Fasnet. Als Bilfinger ist man\u00a0eben auch ein Fasnetskind und deshalb bin ich aktives Mitglied bei den Bilfinger Schildwach-Hexen. Alles wichtige dazu steht auf der <strong><a href=\"http:\/\/www.schildwach-hexen.de\" target=\"_blank\" rel=\"noopener\">Schildwach-Hexen-Seite<\/a><\/strong>.<\/p>\n<p>&nbsp;<\/p>\n<p><img loading=\"lazy\" decoding=\"async\" class=\"alignleft size-full wp-image-103\" title=\"holpalme\" src=\"http:\/\/www.bachstrasse6.de\/wp-content\/uploads\/2009\/04\/holpalme.jpg\" alt=\"holpalme\" width=\"70\" height=\"65\" \/><\/p>\n<p>Spannende\u00a0Urlaube gab es in den\u00a0Jahren\u00a01993 bis 2002. Impressionen gibt es auf der <strong><a title=\"Urlaub\" href=\"http:\/\/www.bachstrasse6.de\/?page_id=355\">Urlaubs-Seite<\/a><\/strong>.<\/p>\n<p>&nbsp;<\/p>\n<p>Gute Freunde sind ein kostbares Gut. Davon gibt es nat\u00fcrlich viele in <strong><a title=\"Bilfingen\" href=\"http:\/\/www.bachstrasse6.de\/?page_id=35\">Bilfingen<\/a><\/strong>, aber auch besonders w\u00e4hrend meiner Zeit in Kehl hatte ich das Gl\u00fcck eine Menge toller Leute kennenlernen zu d\u00fcrfen, vor allem nat\u00fcrlich meine <strong><a title=\"Kehl\" href=\"http:\/\/www.bachstrasse6.de\/?page_id=45\">Kehler Stockwerks-Familie<\/a><\/strong>.<\/p>\n","protected":false},"excerpt":{"rendered":"<p>Namensgeber dieser Seiten ist unser Grundst\u00fcck in der Bachstra\u00dfe 6 in Bilfingen. Hier kann der Bau unseres Hauses verfolgt werden. &nbsp; Geheiratet wurde in Frankreich und in Deutschland. Nicht vergessen werden d\u00fcrfen auch zwei tolle Junggesellenabschiede. Viele tolle Bilder gibt es auf der\u00a0Hochzeits-Seite. &nbsp; &nbsp; Zu meinen Hobbies geh\u00f6rt\u00a0das Laufen. Weitere Informationen dazu gibt es [&hellip;]<\/p>\n","protected":false},"author":2,"featured_media":0,"parent":0,"menu_order":0,"comment_status":"closed","ping_status":"closed","template":"","meta":{"footnotes":""},"class_list":["post-53","page","type-page","status-publish","hentry"],"_links":{"self":[{"href":"https:\/\/www.bachstrasse6.de\/index.php?rest_route=\/wp\/v2\/pages\/53","targetHints":{"allow":["GET"]}}],"collection":[{"href":"https:\/\/www.bachstrasse6.de\/index.php?rest_route=\/wp\/v2\/pages"}],"about":[{"href":"https:\/\/www.bachstrasse6.de\/index.php?rest_route=\/wp\/v2\/types\/page"}],"author":[{"embeddable":true,"href":"https:\/\/www.bachstrasse6.de\/index.php?rest_route=\/wp\/v2\/users\/2"}],"replies":[{"embeddable":true,"href":"https:\/\/www.bachstrasse6.de\/index.php?rest_route=%2Fwp%2Fv2%2Fcomments&post=53"}],"version-history":[{"count":43,"href":"https:\/\/www.bachstrasse6.de\/index.php?rest_route=\/wp\/v2\/pages\/53\/revisions"}],"predecessor-version":[{"id":2856,"href":"https:\/\/www.bachstrasse6.de\/index.php?rest_route=\/wp\/v2\/pages\/53\/revisions\/2856"}],"wp:attachment":[{"href":"https:\/\/www.bachstrasse6.de\/index.php?rest_route=%2Fwp%2Fv2%2Fmedia&parent=53"}],"curies":[{"name":"wp","href":"https:\/\/api.w.org\/{rel}","templated":true}]}}