{"id":45,"date":"2008-10-03T17:40:40","date_gmt":"2008-10-03T15:40:40","guid":{"rendered":"http:\/\/marco-frei.landoweg.de\/?page_id=45"},"modified":"2017-10-29T21:13:48","modified_gmt":"2017-10-29T19:13:48","slug":"kehl","status":"publish","type":"page","link":"https:\/\/www.bachstrasse6.de\/?page_id=45","title":{"rendered":"Kehl"},"content":{"rendered":"<div class=\"mceTemp\">Im Rahmen meiner Ausbildung f\u00fcr den gehobenen Verwaltungsdienst durfte ich f\u00fcr zwei Jahre zum Studium an die\u00a0<a href=\"http:\/\/www.fh-kehl.de\" target=\"_blank\" rel=\"noopener\">FH Kehl<\/a>.<\/div>\n<div class=\"mceTemp\">Im Studienjahr 1997 \/ 1998 brachte der Zufall 14 angehende Diplom-Verwaltungswirte im Nordfl\u00fcgel des 6. Stocks des alten Wohnheims zusammen. Rookies und alte Hasen teilten ein Jahr Fl\u00fcgel und K\u00fcche. Sie kamen aus Mosbach, Saulgau, Breisach, Bilfingen, Malsch und verstanden sich so gut, dass sie auch nach Ende des Jahres noch nicht genug voneinander hatten. Zusammen mit &#8222;G\u00e4sten&#8220; aus Karlsruhe und Heidelberg war die Stockwerksfamilie gegr\u00fcndet.<\/div>\n<div class=\"mceTemp\"><img loading=\"lazy\" decoding=\"async\" title=\"famfin98kehl\" src=\"http:\/\/www.bachstrasse6.de\/wp-content\/uploads\/2008\/10\/famfin98kehl.jpg\" alt=\"\" width=\"300\" height=\"253\" \/><\/div>\n<div class=\"mceTemp\">\n<p>(v.l.n.r.: Markus Roggenstein, L\u00e2le Bozkurt, Marco Frei, Rebekka Pra\u00dfler, Daniela Kromer, Sandra Guhl, Martin Nelius)<\/p>\n<p>Nach viermonatiger &#8222;Zwangspause&#8220; starteten wir in Mosbach unsere Familientour:<\/p>\n<div class=\"mceTemp\">\n<div class=\"mceTemp\">\n<dl id=\"attachment_465\">\n<dt><img loading=\"lazy\" decoding=\"async\" title=\"fammosbach\" src=\"http:\/\/www.bachstrasse6.de\/wp-content\/uploads\/2008\/10\/fammosbach.jpg\" alt=\"\" width=\"400\" height=\"248\" \/><\/dt>\n<dd>Familientreffen am 4. und 5. Dezember 1998 in Mosbach<\/dd>\n<\/dl>\n<\/div>\n<\/div>\n<\/div>\n<div class=\"mceTemp\">(v.l.n.r.: Martin Nelius, Barbara Flohs, Sandra Guhl, Markus Roggenstein, Daniela Kromer, Marco Frei, L\u00e2le\u00a0 Bozkurt)<\/div>\n<div class=\"mceTemp\">Weiter ging es nach Bilfingen:<\/div>\n<div class=\"mceTemp\">\n<dl id=\"attachment_466\">\n<dt><img loading=\"lazy\" decoding=\"async\" title=\"fambifi\" src=\"http:\/\/www.bachstrasse6.de\/wp-content\/uploads\/2008\/10\/fambifi.jpg\" alt=\"\" width=\"300\" height=\"235\" \/><\/dt>\n<dd>Familientreffen am 15. und 16. Mai 1999 in Bilfingen<\/dd>\n<\/dl>\n<\/div>\n<p class=\"mceTemp\">(v.l.n.r.: Daniela Kromer, L\u00e2le Bozkurt, Barbara Flohs. Martin Nelius, Sandra Guhl, Marco Frei)<\/p>\n<p class=\"mceTemp\">N\u00e4chste Station war\u00a0Breisach:<\/p>\n<div class=\"mceTemp\">\n<dl id=\"attachment_467\">\n<dt><img loading=\"lazy\" decoding=\"async\" title=\"fambreisach\" src=\"http:\/\/www.bachstrasse6.de\/wp-content\/uploads\/2008\/10\/fambreisach.jpg\" alt=\"\" width=\"459\" height=\"354\" \/><\/dt>\n<dd>Familientreffen von 27. bis 29. August 1999 in Breisach<\/dd>\n<\/dl>\n<\/div>\n<p class=\"mceTemp\">(v.l.n.r.: Marco Frei, Martin Nelius, Daniela Kromer, Barbara Flohs, Sandra Guhl, Markus Roggenstein)<\/p>\n<p>&nbsp;<\/p>\n<p>Die alten Hasen waren mittlerweile schon in Amt &amp; W\u00fcrden und tummelten sich in der weiten Welt des gehobenen Verwaltungsdienstes beim Sozialamt, bei den Verkehrsbetrieben und bei der Universit\u00e4tsverwaltung. Die Rookies setzten nun zum Endspurt an und kehrten ihrerseits als alte Hasen nach Kehl zur\u00fcck.<\/p>\n<p>Back to the Roots:<\/p>\n<div class=\"mceTemp\">\n<dl id=\"attachment_469\">\n<dt><img loading=\"lazy\" decoding=\"async\" title=\"famkehl\" src=\"http:\/\/www.bachstrasse6.de\/wp-content\/uploads\/2008\/10\/famkehl.jpg\" alt=\"\" width=\"400\" height=\"316\" \/><\/dt>\n<dd>Familientreffen am 8. und 9. Januar 2000 in Kehl<\/dd>\n<\/dl>\n<\/div>\n<p>(v.l.n.r.: Markus Roggenstein, Daniela Kromer, Marco Frei, Sandra Guhl, Martin Nelius, Barbara Flohs, L\u00e2le Bozkurt)<\/p>\n<p>Doch die Zeit nahm keine R\u00fccksicht\u00a0und ehe man sich versah, standen die n\u00e4chsten Klausuren vor der T\u00fcr. Doch\u00a0mit ein wenig moralischer Unterst\u00fctzung\u00a0von au\u00dfen konnte da aber \u00fcberhaupt nichts schiefgehen:<\/p>\n<div class=\"mceTemp\">\n<dl id=\"attachment_470\">\n<dt><img loading=\"lazy\" decoding=\"async\" title=\"famluck\" src=\"http:\/\/www.bachstrasse6.de\/wp-content\/uploads\/2008\/10\/famluck-202x300.jpg\" alt=\"\" width=\"202\" height=\"300\" \/><\/dt>\n<dd>\u00dcberraschung in der Nacht<\/dd>\n<\/dl>\n<\/div>\n<p class=\"mceTemp\">(v.l.n.r.: Markus Roggenstein, Carmen Zimmermann, Daniela Kromer, Ingrid Schlindwein, Rebekka Pra\u00dfler, Martin Nelius)<\/p>\n<div class=\"mceTemp\">\n<dl id=\"attachment_478\">\n<dt><img loading=\"lazy\" decoding=\"async\" title=\"famfin00kehl\" src=\"http:\/\/www.bachstrasse6.de\/wp-content\/uploads\/2008\/10\/famfin00kehl-300x200.jpg\" alt=\"\" width=\"300\" height=\"200\" \/><\/dt>\n<dd>Kehl, 14. Juli 2000<\/dd>\n<\/dl>\n<\/div>\n<p class=\"mceTemp\">(v.l.n.r.: Daniela Kromer, Carmen Zimmermann, Martin Nelius, Ingrid Schlindwein, Rebekka Pra\u00dfler, Markus Roggenstein)<\/p>\n<p>&nbsp;<\/p>\n<p>Unser &#8222;junges Gem\u00fcse&#8220; war nun ebenfalls &#8222;erntereif&#8220; und stieg im Rechenzentrum und in den Jugend\u00e4mtern ins Berufsleben ein.\u00a0N\u00e4chste Station auf unserer &#8222;Tour de L\u00e4ndle&#8220; war Ravensburg am 09. und 10. Dezember 2000:<\/p>\n<div class=\"mceTemp\">\n<dl id=\"attachment_481\">\n<dt><img loading=\"lazy\" decoding=\"async\" title=\"famrv\" src=\"http:\/\/www.bachstrasse6.de\/wp-content\/uploads\/2008\/10\/famrv-300x202.jpg\" alt=\"\" width=\"300\" height=\"202\" \/><\/dt>\n<dd>Familientreffen am 9. und 10. Dezember 2000 in Ravensburg<\/dd>\n<\/dl>\n<\/div>\n<p class=\"mceTemp\">(v.l.n.r.: Martin Nelius, Sandra Guhl, Marco Frei, Markus Roggenstein)<\/p>\n<p>&nbsp;<\/p>\n<p>R\u00fcckkehr ins Studentenwohnheim nach 20 Jahren:<\/p>\n<div id=\"attachment_2861\" style=\"width: 310px\" class=\"wp-caption alignnone\"><a href=\"http:\/\/www.bachstrasse6.de\/wp-content\/uploads\/2008\/10\/IMG_3550.jpg\"><img loading=\"lazy\" decoding=\"async\" aria-describedby=\"caption-attachment-2861\" class=\"size-medium wp-image-2861\" src=\"http:\/\/www.bachstrasse6.de\/wp-content\/uploads\/2008\/10\/IMG_3550-300x225.jpg\" alt=\"\" width=\"300\" height=\"225\" srcset=\"https:\/\/www.bachstrasse6.de\/wp-content\/uploads\/2008\/10\/IMG_3550-300x225.jpg 300w, https:\/\/www.bachstrasse6.de\/wp-content\/uploads\/2008\/10\/IMG_3550-768x576.jpg 768w, https:\/\/www.bachstrasse6.de\/wp-content\/uploads\/2008\/10\/IMG_3550-1024x768.jpg 1024w\" sizes=\"auto, (max-width: 300px) 100vw, 300px\" \/><\/a><p id=\"caption-attachment-2861\" class=\"wp-caption-text\">Marrtin Nelius und Marco Frei am 28.10.2017<\/p><\/div>\n","protected":false},"excerpt":{"rendered":"<p>Im Rahmen meiner Ausbildung f\u00fcr den gehobenen Verwaltungsdienst durfte ich f\u00fcr zwei Jahre zum Studium an die\u00a0FH Kehl. Im Studienjahr 1997 \/ 1998 brachte der Zufall 14 angehende Diplom-Verwaltungswirte im Nordfl\u00fcgel des 6. Stocks des alten Wohnheims zusammen. Rookies und alte Hasen teilten ein Jahr Fl\u00fcgel und K\u00fcche. Sie kamen aus Mosbach, Saulgau, Breisach, Bilfingen, [&hellip;]<\/p>\n","protected":false},"author":2,"featured_media":0,"parent":0,"menu_order":7,"comment_status":"closed","ping_status":"closed","template":"","meta":{"footnotes":""},"class_list":["post-45","page","type-page","status-publish","hentry"],"_links":{"self":[{"href":"https:\/\/www.bachstrasse6.de\/index.php?rest_route=\/wp\/v2\/pages\/45","targetHints":{"allow":["GET"]}}],"collection":[{"href":"https:\/\/www.bachstrasse6.de\/index.php?rest_route=\/wp\/v2\/pages"}],"about":[{"href":"https:\/\/www.bachstrasse6.de\/index.php?rest_route=\/wp\/v2\/types\/page"}],"author":[{"embeddable":true,"href":"https:\/\/www.bachstrasse6.de\/index.php?rest_route=\/wp\/v2\/users\/2"}],"replies":[{"embeddable":true,"href":"https:\/\/www.bachstrasse6.de\/index.php?rest_route=%2Fwp%2Fv2%2Fcomments&post=45"}],"version-history":[{"count":59,"href":"https:\/\/www.bachstrasse6.de\/index.php?rest_route=\/wp\/v2\/pages\/45\/revisions"}],"predecessor-version":[{"id":2862,"href":"https:\/\/www.bachstrasse6.de\/index.php?rest_route=\/wp\/v2\/pages\/45\/revisions\/2862"}],"wp:attachment":[{"href":"https:\/\/www.bachstrasse6.de\/index.php?rest_route=%2Fwp%2Fv2%2Fmedia&parent=45"}],"curies":[{"name":"wp","href":"https:\/\/api.w.org\/{rel}","templated":true}]}}