{"id":355,"date":"2012-04-14T17:52:02","date_gmt":"2012-04-14T15:52:02","guid":{"rendered":"http:\/\/www.bachstrasse2.de\/?page_id=355"},"modified":"2014-04-18T22:07:10","modified_gmt":"2014-04-18T20:07:10","slug":"urlaub","status":"publish","type":"page","link":"https:\/\/www.bachstrasse6.de\/?page_id=355","title":{"rendered":"Urlaub"},"content":{"rendered":"<p><strong>1995<\/strong><\/p>\n<p><img loading=\"lazy\" decoding=\"async\" class=\"alignleft size-thumbnail wp-image-717\" title=\"imagesCAU9OHPA\" src=\"http:\/\/www.bachstrasse6.de\/wp-content\/uploads\/2012\/04\/imagesCAU9OHPA-150x150.jpg\" alt=\"\" width=\"63\" height=\"63\" \/><\/p>\n<p><a title=\"USA 1995\" href=\"http:\/\/www.bachstrasse6.de\/?page_id=748\">New York und die Highlights im Osten<\/a><\/p>\n<p>&nbsp;<\/p>\n<p>&nbsp;<\/p>\n<p><strong>1997<\/strong><\/p>\n<p>&nbsp;<\/p>\n<p><strong><img loading=\"lazy\" decoding=\"async\" class=\"alignleft size-thumbnail wp-image-720\" title=\"Unbenannt\" src=\"http:\/\/www.bachstrasse6.de\/wp-content\/uploads\/2012\/04\/Unbenannt1-150x144.png\" alt=\"\" width=\"90\" height=\"86\" \/><\/strong><\/p>\n<p>&nbsp;<\/p>\n<p><a title=\"Malta 1997\" href=\"http:\/\/www.bachstrasse6.de\/?page_id=707\">Fr\u00fchlingsausflug nach Malta<\/a><\/p>\n<p>&nbsp;<\/p>\n<p>&nbsp;<\/p>\n<p><strong>1999<\/strong><\/p>\n<p><img loading=\"lazy\" decoding=\"async\" title=\"saflag\" src=\"http:\/\/www.bachstrasse6.de\/wp-content\/uploads\/2009\/04\/saflag.gif\" alt=\"saflag\" width=\"80\" height=\"59\" \/><a title=\"S\u00fcdafrika 1999\" href=\"http:\/\/www.bachstrasse6.de\/?page_id=433\">S\u00dcDAFRIKA, geniale drei Wochen im gr\u00f6\u00dften Tierpark der Welt!<\/a><\/p>\n<p>&nbsp;<\/p>\n<p>&nbsp;<\/p>\n<p><strong>2000<\/strong><\/p>\n<p><img loading=\"lazy\" decoding=\"async\" title=\"mexflag\" src=\"http:\/\/www.bachstrasse6.de\/wp-content\/uploads\/2009\/04\/mexflag.gif\" alt=\"mexflag\" width=\"80\" height=\"57\" \/><a title=\"Mexiko 2000\" href=\"http:\/\/www.bachstrasse6.de\/?page_id=402\">Fiesta Mexicana! Zwei Wochen im Land der Maya.<\/a><\/p>\n<p>&nbsp;<\/p>\n<p>&nbsp;<\/p>\n<p><strong>2001 \/ 2002<\/strong><\/p>\n<p><img loading=\"lazy\" decoding=\"async\" title=\"thflaga\" src=\"http:\/\/www.bachstrasse6.de\/wp-content\/uploads\/2009\/04\/thflaga.gif\" alt=\"thflaga\" width=\"78\" height=\"59\" \/>\u00a0<a title=\"Thailand 2001\/2002\" href=\"http:\/\/www.bachstrasse6.de\/?page_id=448\">Drei Wochen Amazing Thailand<\/a><\/p>\n<p>&nbsp;<\/p>\n<p>&nbsp;<\/p>\n<p><strong>2002<\/strong><\/p>\n<p><img loading=\"lazy\" decoding=\"async\" class=\"alignleft size-thumbnail wp-image-772\" title=\"imagesCA77AJ3R\" src=\"http:\/\/www.bachstrasse6.de\/wp-content\/uploads\/2012\/04\/imagesCA77AJ3R-150x150.jpg\" alt=\"\" width=\"90\" height=\"90\" \/><\/p>\n<p><a title=\"La Palma 2002\" href=\"http:\/\/www.bachstrasse6.de\/?page_id=763\">Zwei Wochen Wanderurlaub auf La Palma<\/a><\/p>\n","protected":false},"excerpt":{"rendered":"<p>1995 New York und die Highlights im Osten &nbsp; &nbsp; 1997 &nbsp; &nbsp; Fr\u00fchlingsausflug nach Malta &nbsp; &nbsp; 1999 S\u00dcDAFRIKA, geniale drei Wochen im gr\u00f6\u00dften Tierpark der Welt! &nbsp; &nbsp; 2000 Fiesta Mexicana! Zwei Wochen im Land der Maya. &nbsp; &nbsp; 2001 \/ 2002 \u00a0Drei Wochen Amazing Thailand &nbsp; &nbsp; 2002 Zwei Wochen Wanderurlaub auf [&hellip;]<\/p>\n","protected":false},"author":2,"featured_media":0,"parent":0,"menu_order":6,"comment_status":"open","ping_status":"closed","template":"","meta":{"footnotes":""},"class_list":["post-355","page","type-page","status-publish","hentry"],"_links":{"self":[{"href":"https:\/\/www.bachstrasse6.de\/index.php?rest_route=\/wp\/v2\/pages\/355","targetHints":{"allow":["GET"]}}],"collection":[{"href":"https:\/\/www.bachstrasse6.de\/index.php?rest_route=\/wp\/v2\/pages"}],"about":[{"href":"https:\/\/www.bachstrasse6.de\/index.php?rest_route=\/wp\/v2\/types\/page"}],"author":[{"embeddable":true,"href":"https:\/\/www.bachstrasse6.de\/index.php?rest_route=\/wp\/v2\/users\/2"}],"replies":[{"embeddable":true,"href":"https:\/\/www.bachstrasse6.de\/index.php?rest_route=%2Fwp%2Fv2%2Fcomments&post=355"}],"version-history":[{"count":31,"href":"https:\/\/www.bachstrasse6.de\/index.php?rest_route=\/wp\/v2\/pages\/355\/revisions"}],"predecessor-version":[{"id":2423,"href":"https:\/\/www.bachstrasse6.de\/index.php?rest_route=\/wp\/v2\/pages\/355\/revisions\/2423"}],"wp:attachment":[{"href":"https:\/\/www.bachstrasse6.de\/index.php?rest_route=%2Fwp%2Fv2%2Fmedia&parent=355"}],"curies":[{"name":"wp","href":"https:\/\/api.w.org\/{rel}","templated":true}]}}