{"id":3229,"date":"2024-01-14T17:37:26","date_gmt":"2024-01-14T16:37:26","guid":{"rendered":"http:\/\/www.bachstrasse6.de\/?page_id=3229"},"modified":"2024-11-10T15:38:47","modified_gmt":"2024-11-10T14:38:47","slug":"laufergebnisse-2024","status":"publish","type":"page","link":"https:\/\/www.bachstrasse6.de\/?page_id=3229","title":{"rendered":"Laufergebnisse 2024"},"content":{"rendered":"\n<p>Training ist ja recht und sch\u00f6n, doch ein Duell im Wettkampf ist eben durch nichts zu ersetzen. Deshalb starten wir auch wann immer es m\u00f6glich ist bei offiziellen Wettk\u00e4mpfen in unserer Umgebung. Hier die Ergebnisse des Jahres 2024:<\/p>\n\n\n\n<p><strong>40. Winterlaufserie<\/strong>, 14.01.24, Rheinzabern, 15 km, 865 Teilnehmer<br>Marco Frei 69.34 min. (325)<br><strong>3. HaWei50<\/strong>, 24.02.24, Weiher, 35 km, 342 Teilnehmer<br>Marco Frei 3.27.23 h (277)<br><strong>49. Bienwald-Marathon<\/strong>, 10.03.24, Kandel, 21,1 km, 1.402 Teilnehmer<br>Marco Frei 1.41.15 h (468)<br><strong>22. Hesse-Lauf<\/strong>, 16.03.24, Calw, 10 km, 225 Teilnehmer<br>Marco Frei 44.24 min. (73)<br><strong><strong>19. Freiburg-Marathon<\/strong>,<\/strong>\u00a007.04.24, Freiburg, 21,1 km, 7.699 Teilnehmer<strong><br><\/strong>Marco Frei 1:42:37 h (1164)<br><strong>41. Heidelberger Halbmarathon<\/strong>, 28.04.24, Heidelberg, 21,1 km, 3.514 Teilnehmer<br>Marco Frei 1:49:14 h (763), Martin Nelius 2:18:31 h (2758)<br><strong>22. Trollinger-Marathon<\/strong>, 05.05.24, Heilbronn, 21,1 km, 2.672 Teilnehmer<br>Marco Frei 1:42:19 h (366)<br><strong>32. Himmelfahrtslauf<\/strong>, 09.05.24, W\u00f6ssingen, 10 km, 152 Teilnehmer<br>Marco Frei 45:27 min. (31), Oliver Lamprecht 61:36 min. (119)<br><strong>Gazellen-Meeting mit Kreismeisterschaft Langstrecke<\/strong>, 18.05.24, K\u00f6nigsbach, 5.000 m, 20 Teilnehmer<br>Marco Frei 21:29 min. (9)<br><strong>20. Gai\u00dfeschenner-Lauf<\/strong>, 08.06.24, Kieselbronn, 21,1 km, 98 Teilnehmer<br>Marco Frei 1:46:09 h (31)<br><strong>Citylauf<\/strong>, 28.06.24, Pforzheim, 9,3 km, 559 Teilnehmer<br>Marco Frei 42:37 min. (67)<br><strong>11. Ranntallauf<\/strong>, 13.07.24, N\u00f6ttingen, 10 km, 120 Teilnehmer<br>Marco Frei 47:19 min. (45)<br><strong>17. Lu\u00dfhardtlauf<\/strong>, 18.08.24, Hambr\u00fccken, 21,1 km, 164 Teilnehmer<br>Marco Frei 1:42:11 h (53)<br><strong>8. Keibellauf<\/strong>, 08.09.24, Huchenfeld, 10 km, 96 Teilnehmer<br>Marco Frei 49:37 min. (25)<br><strong>40. Baden-Marathon<\/strong>, 15.09.24, Karlsruhe, 21,1 km, 4.762 Teilnehmer<br>Marco Frei 1:38:01 h (548), Michael Popp 1:42:22 h (799), Siegfried Lamprecht 2:22:07 h (4057)<br>Mannschaftswertung: TV N\u00f6ttingen I 4:47:21 h (28. von 174)<br><strong>28. Heckeng\u00e4u-Lauf<\/strong>, 03.10.24, Wiernsheim, 10 km, 152 Teilnehmer<br>Marco Frei 46:42 min. (47)<br><strong>38. Hardtwaldlauf, <\/strong>13.10.24, Karlsruhe, 10 km, 228 Teilnehmer<br>Marco Frei 44:24 min. (53)<br><strong>38. Oberwaldlauf, <\/strong>19.10.24, Karlsruhe, 10 km, 299 Teilnehmer<br>Marco Frei 47:27 min. (99)<br><strong>Karlsbader Volkslauf, <\/strong>10.11.24, Langensteinbach, 10 km, 183 Teilnehmer<br>Marco Frei 46:47 min. (54)<br><br><\/p>\n\n\n\n<figure class=\"wp-block-image size-medium\"><a href=\"http:\/\/www.bachstrasse6.de\/wp-content\/uploads\/2024\/01\/2024wlsrz15km-scaled.jpg\"><img loading=\"lazy\" decoding=\"async\" width=\"300\" height=\"225\" src=\"http:\/\/www.bachstrasse6.de\/wp-content\/uploads\/2024\/01\/2024wlsrz15km-300x225.jpg\" alt=\"\" class=\"wp-image-3235\" srcset=\"https:\/\/www.bachstrasse6.de\/wp-content\/uploads\/2024\/01\/2024wlsrz15km-300x225.jpg 300w, https:\/\/www.bachstrasse6.de\/wp-content\/uploads\/2024\/01\/2024wlsrz15km-1024x768.jpg 1024w, https:\/\/www.bachstrasse6.de\/wp-content\/uploads\/2024\/01\/2024wlsrz15km-768x576.jpg 768w, https:\/\/www.bachstrasse6.de\/wp-content\/uploads\/2024\/01\/2024wlsrz15km-1536x1152.jpg 1536w, https:\/\/www.bachstrasse6.de\/wp-content\/uploads\/2024\/01\/2024wlsrz15km-2048x1536.jpg 2048w\" sizes=\"auto, (max-width: 300px) 100vw, 300px\" \/><\/a><figcaption class=\"wp-element-caption\">Bernd Guigas und Marco Frei bei den 15 km der Winterlaufserie Rheinzabern 2024<\/figcaption><\/figure>\n\n\n\n<figure class=\"wp-block-image size-medium\"><a href=\"http:\/\/www.bachstrasse6.de\/wp-content\/uploads\/2024\/02\/2024hawei50-3.jpg\"><img loading=\"lazy\" decoding=\"async\" width=\"225\" height=\"300\" src=\"http:\/\/www.bachstrasse6.de\/wp-content\/uploads\/2024\/02\/2024hawei50-3-225x300.jpg\" alt=\"\" class=\"wp-image-3240\" srcset=\"https:\/\/www.bachstrasse6.de\/wp-content\/uploads\/2024\/02\/2024hawei50-3-225x300.jpg 225w, https:\/\/www.bachstrasse6.de\/wp-content\/uploads\/2024\/02\/2024hawei50-3-768x1024.jpg 768w, https:\/\/www.bachstrasse6.de\/wp-content\/uploads\/2024\/02\/2024hawei50-3-1152x1536.jpg 1152w, https:\/\/www.bachstrasse6.de\/wp-content\/uploads\/2024\/02\/2024hawei50-3.jpg 1200w\" sizes=\"auto, (max-width: 225px) 100vw, 225px\" \/><\/a><figcaption class=\"wp-element-caption\">Marco Frei beim HaWei50 2024 in Weiher<\/figcaption><\/figure>\n\n\n\n<figure class=\"wp-block-image size-medium\"><a href=\"http:\/\/www.bachstrasse6.de\/wp-content\/uploads\/2024\/03\/2024bwmk.jpg\"><img loading=\"lazy\" decoding=\"async\" width=\"300\" height=\"225\" src=\"http:\/\/www.bachstrasse6.de\/wp-content\/uploads\/2024\/03\/2024bwmk-300x225.jpg\" alt=\"\" class=\"wp-image-3245\" srcset=\"https:\/\/www.bachstrasse6.de\/wp-content\/uploads\/2024\/03\/2024bwmk-300x225.jpg 300w, https:\/\/www.bachstrasse6.de\/wp-content\/uploads\/2024\/03\/2024bwmk-1024x768.jpg 1024w, https:\/\/www.bachstrasse6.de\/wp-content\/uploads\/2024\/03\/2024bwmk-768x576.jpg 768w, https:\/\/www.bachstrasse6.de\/wp-content\/uploads\/2024\/03\/2024bwmk-1536x1152.jpg 1536w, https:\/\/www.bachstrasse6.de\/wp-content\/uploads\/2024\/03\/2024bwmk.jpg 2016w\" sizes=\"auto, (max-width: 300px) 100vw, 300px\" \/><\/a><figcaption class=\"wp-element-caption\">Stefan Rau, Bernd Guigas, Marco Frei und Gunther K\u00f6nig beim Bienwaldmarathon 2024 in Kandel<\/figcaption><\/figure>\n\n\n\n<figure class=\"wp-block-image size-medium\"><a href=\"http:\/\/www.bachstrasse6.de\/wp-content\/uploads\/2024\/03\/2024hlc7.jpg\"><img loading=\"lazy\" decoding=\"async\" width=\"300\" height=\"200\" src=\"http:\/\/www.bachstrasse6.de\/wp-content\/uploads\/2024\/03\/2024hlc7-300x200.jpg\" alt=\"\" class=\"wp-image-3252\" srcset=\"https:\/\/www.bachstrasse6.de\/wp-content\/uploads\/2024\/03\/2024hlc7-300x200.jpg 300w, https:\/\/www.bachstrasse6.de\/wp-content\/uploads\/2024\/03\/2024hlc7-768x512.jpg 768w, https:\/\/www.bachstrasse6.de\/wp-content\/uploads\/2024\/03\/2024hlc7.jpg 1024w\" sizes=\"auto, (max-width: 300px) 100vw, 300px\" \/><\/a><figcaption class=\"wp-element-caption\">Marco Frei beim Hesse-Lauf 2024 in Calw<\/figcaption><\/figure>\n\n\n\n<figure class=\"wp-block-image size-medium\"><a href=\"http:\/\/www.bachstrasse6.de\/wp-content\/uploads\/2024\/04\/2024frm-scaled.jpg\"><img loading=\"lazy\" decoding=\"async\" width=\"225\" height=\"300\" src=\"http:\/\/www.bachstrasse6.de\/wp-content\/uploads\/2024\/04\/2024frm-225x300.jpg\" alt=\"\" class=\"wp-image-3257\" srcset=\"https:\/\/www.bachstrasse6.de\/wp-content\/uploads\/2024\/04\/2024frm-225x300.jpg 225w, https:\/\/www.bachstrasse6.de\/wp-content\/uploads\/2024\/04\/2024frm-768x1024.jpg 768w, https:\/\/www.bachstrasse6.de\/wp-content\/uploads\/2024\/04\/2024frm-1152x1536.jpg 1152w, https:\/\/www.bachstrasse6.de\/wp-content\/uploads\/2024\/04\/2024frm-1536x2048.jpg 1536w, https:\/\/www.bachstrasse6.de\/wp-content\/uploads\/2024\/04\/2024frm-scaled.jpg 1920w\" sizes=\"auto, (max-width: 225px) 100vw, 225px\" \/><\/a><figcaption class=\"wp-element-caption\">Marcel Jouvenal und Marco Frei beim Freiburg-Marathon 2024<\/figcaption><\/figure>\n\n\n\n<figure class=\"wp-block-image size-medium\"><a href=\"http:\/\/www.bachstrasse6.de\/wp-content\/uploads\/2024\/04\/2024hmhd2.jpg\"><img loading=\"lazy\" decoding=\"async\" width=\"169\" height=\"300\" src=\"http:\/\/www.bachstrasse6.de\/wp-content\/uploads\/2024\/04\/2024hmhd2-169x300.jpg\" alt=\"\" class=\"wp-image-3263\" srcset=\"https:\/\/www.bachstrasse6.de\/wp-content\/uploads\/2024\/04\/2024hmhd2-169x300.jpg 169w, https:\/\/www.bachstrasse6.de\/wp-content\/uploads\/2024\/04\/2024hmhd2-576x1024.jpg 576w, https:\/\/www.bachstrasse6.de\/wp-content\/uploads\/2024\/04\/2024hmhd2-768x1365.jpg 768w, https:\/\/www.bachstrasse6.de\/wp-content\/uploads\/2024\/04\/2024hmhd2-864x1536.jpg 864w, https:\/\/www.bachstrasse6.de\/wp-content\/uploads\/2024\/04\/2024hmhd2.jpg 900w\" sizes=\"auto, (max-width: 169px) 100vw, 169px\" \/><\/a><figcaption class=\"wp-element-caption\">Marco Frei beim Heidelberger Halbmarathon 2024<\/figcaption><\/figure>\n\n\n\n<figure class=\"wp-block-image size-medium\"><a href=\"http:\/\/www.bachstrasse6.de\/wp-content\/uploads\/2024\/05\/2024hflwoe1-scaled.jpg\"><img loading=\"lazy\" decoding=\"async\" width=\"300\" height=\"225\" src=\"http:\/\/www.bachstrasse6.de\/wp-content\/uploads\/2024\/05\/2024hflwoe1-300x225.jpg\" alt=\"\" class=\"wp-image-3269\" srcset=\"https:\/\/www.bachstrasse6.de\/wp-content\/uploads\/2024\/05\/2024hflwoe1-300x225.jpg 300w, https:\/\/www.bachstrasse6.de\/wp-content\/uploads\/2024\/05\/2024hflwoe1-1024x768.jpg 1024w, https:\/\/www.bachstrasse6.de\/wp-content\/uploads\/2024\/05\/2024hflwoe1-768x576.jpg 768w, https:\/\/www.bachstrasse6.de\/wp-content\/uploads\/2024\/05\/2024hflwoe1-1536x1152.jpg 1536w, https:\/\/www.bachstrasse6.de\/wp-content\/uploads\/2024\/05\/2024hflwoe1-2048x1536.jpg 2048w\" sizes=\"auto, (max-width: 300px) 100vw, 300px\" \/><\/a><figcaption class=\"wp-element-caption\">Marco Frei und Oliver Lamprecht beim Himmelfahrtslauf 2024 in W\u00f6ssingen<\/figcaption><\/figure>\n\n\n\n<figure class=\"wp-block-image size-medium\"><a href=\"http:\/\/www.bachstrasse6.de\/wp-content\/uploads\/2024\/05\/2024hflwoe3-scaled.jpg\"><img loading=\"lazy\" decoding=\"async\" width=\"225\" height=\"300\" src=\"http:\/\/www.bachstrasse6.de\/wp-content\/uploads\/2024\/05\/2024hflwoe3-225x300.jpg\" alt=\"\" class=\"wp-image-3270\" srcset=\"https:\/\/www.bachstrasse6.de\/wp-content\/uploads\/2024\/05\/2024hflwoe3-225x300.jpg 225w, https:\/\/www.bachstrasse6.de\/wp-content\/uploads\/2024\/05\/2024hflwoe3-768x1024.jpg 768w, https:\/\/www.bachstrasse6.de\/wp-content\/uploads\/2024\/05\/2024hflwoe3-1152x1536.jpg 1152w, https:\/\/www.bachstrasse6.de\/wp-content\/uploads\/2024\/05\/2024hflwoe3-1536x2048.jpg 1536w, https:\/\/www.bachstrasse6.de\/wp-content\/uploads\/2024\/05\/2024hflwoe3-scaled.jpg 1920w\" sizes=\"auto, (max-width: 225px) 100vw, 225px\" \/><\/a><figcaption class=\"wp-element-caption\">Marco Frei beim Himmelfahrtslauf 2024 in W\u00f6ssingen<\/figcaption><\/figure>\n\n\n\n<figure class=\"wp-block-image size-medium\"><a href=\"http:\/\/www.bachstrasse6.de\/wp-content\/uploads\/2024\/05\/2024hflwoe4.jpg\"><img loading=\"lazy\" decoding=\"async\" width=\"300\" height=\"200\" src=\"http:\/\/www.bachstrasse6.de\/wp-content\/uploads\/2024\/05\/2024hflwoe4-300x200.jpg\" alt=\"\" class=\"wp-image-3272\" srcset=\"https:\/\/www.bachstrasse6.de\/wp-content\/uploads\/2024\/05\/2024hflwoe4-300x200.jpg 300w, https:\/\/www.bachstrasse6.de\/wp-content\/uploads\/2024\/05\/2024hflwoe4-1024x683.jpg 1024w, https:\/\/www.bachstrasse6.de\/wp-content\/uploads\/2024\/05\/2024hflwoe4-768x512.jpg 768w, https:\/\/www.bachstrasse6.de\/wp-content\/uploads\/2024\/05\/2024hflwoe4-1536x1024.jpg 1536w, https:\/\/www.bachstrasse6.de\/wp-content\/uploads\/2024\/05\/2024hflwoe4-2048x1366.jpg 2048w\" sizes=\"auto, (max-width: 300px) 100vw, 300px\" \/><\/a><figcaption class=\"wp-element-caption\">Oliver Lamprecht beim Himmelfahrtslauf 2024 in W\u00f6ssingen<\/figcaption><\/figure>\n\n\n\n<figure class=\"wp-block-image size-medium\"><a href=\"http:\/\/www.bachstrasse6.de\/wp-content\/uploads\/2024\/05\/2024kmlskoe2.jpg\"><img loading=\"lazy\" decoding=\"async\" width=\"225\" height=\"300\" src=\"http:\/\/www.bachstrasse6.de\/wp-content\/uploads\/2024\/05\/2024kmlskoe2-225x300.jpg\" alt=\"\" class=\"wp-image-3276\" srcset=\"https:\/\/www.bachstrasse6.de\/wp-content\/uploads\/2024\/05\/2024kmlskoe2-225x300.jpg 225w, https:\/\/www.bachstrasse6.de\/wp-content\/uploads\/2024\/05\/2024kmlskoe2-768x1024.jpg 768w, https:\/\/www.bachstrasse6.de\/wp-content\/uploads\/2024\/05\/2024kmlskoe2-1152x1536.jpg 1152w, https:\/\/www.bachstrasse6.de\/wp-content\/uploads\/2024\/05\/2024kmlskoe2.jpg 1512w\" sizes=\"auto, (max-width: 225px) 100vw, 225px\" \/><\/a><figcaption class=\"wp-element-caption\">Marco Frei beim Gazellen-Meeting \/ Kreismeisterschaft Langstrecke 2024 in K\u00f6nigsbach<\/figcaption><\/figure>\n\n\n\n<figure class=\"wp-block-image size-medium\"><a href=\"http:\/\/www.bachstrasse6.de\/wp-content\/uploads\/2024\/06\/2024gslki4-scaled.jpg\"><img loading=\"lazy\" decoding=\"async\" width=\"225\" height=\"300\" src=\"http:\/\/www.bachstrasse6.de\/wp-content\/uploads\/2024\/06\/2024gslki4-225x300.jpg\" alt=\"\" class=\"wp-image-3281\" srcset=\"https:\/\/www.bachstrasse6.de\/wp-content\/uploads\/2024\/06\/2024gslki4-225x300.jpg 225w, https:\/\/www.bachstrasse6.de\/wp-content\/uploads\/2024\/06\/2024gslki4-768x1024.jpg 768w, https:\/\/www.bachstrasse6.de\/wp-content\/uploads\/2024\/06\/2024gslki4-1152x1536.jpg 1152w, https:\/\/www.bachstrasse6.de\/wp-content\/uploads\/2024\/06\/2024gslki4-1536x2048.jpg 1536w, https:\/\/www.bachstrasse6.de\/wp-content\/uploads\/2024\/06\/2024gslki4-scaled.jpg 1920w\" sizes=\"auto, (max-width: 225px) 100vw, 225px\" \/><\/a><figcaption class=\"wp-element-caption\">Marco Frei beim Gai\u00dfeschenner-Lauf 2024 in Kieselbronn<\/figcaption><\/figure>\n\n\n\n<figure class=\"wp-block-image size-medium\"><a href=\"http:\/\/www.bachstrasse6.de\/wp-content\/uploads\/2024\/07\/2024rtlnoe4.jpg\"><img loading=\"lazy\" decoding=\"async\" width=\"300\" height=\"200\" src=\"http:\/\/www.bachstrasse6.de\/wp-content\/uploads\/2024\/07\/2024rtlnoe4-300x200.jpg\" alt=\"\" class=\"wp-image-3289\" srcset=\"https:\/\/www.bachstrasse6.de\/wp-content\/uploads\/2024\/07\/2024rtlnoe4-300x200.jpg 300w, https:\/\/www.bachstrasse6.de\/wp-content\/uploads\/2024\/07\/2024rtlnoe4-1024x683.jpg 1024w, https:\/\/www.bachstrasse6.de\/wp-content\/uploads\/2024\/07\/2024rtlnoe4-768x512.jpg 768w, https:\/\/www.bachstrasse6.de\/wp-content\/uploads\/2024\/07\/2024rtlnoe4-1536x1024.jpg 1536w, https:\/\/www.bachstrasse6.de\/wp-content\/uploads\/2024\/07\/2024rtlnoe4.jpg 1800w\" sizes=\"auto, (max-width: 300px) 100vw, 300px\" \/><\/a><figcaption class=\"wp-element-caption\">Marco Frei beim Ranntallauf 2024 in N\u00f6ttingen<\/figcaption><\/figure>\n\n\n\n<figure class=\"wp-block-image size-medium\"><a href=\"http:\/\/www.bachstrasse6.de\/wp-content\/uploads\/2024\/08\/2024lhlhb3.jpg\"><img loading=\"lazy\" decoding=\"async\" width=\"300\" height=\"200\" src=\"http:\/\/www.bachstrasse6.de\/wp-content\/uploads\/2024\/08\/2024lhlhb3-300x200.jpg\" alt=\"\" class=\"wp-image-3294\" srcset=\"https:\/\/www.bachstrasse6.de\/wp-content\/uploads\/2024\/08\/2024lhlhb3-300x200.jpg 300w, https:\/\/www.bachstrasse6.de\/wp-content\/uploads\/2024\/08\/2024lhlhb3-1024x683.jpg 1024w, https:\/\/www.bachstrasse6.de\/wp-content\/uploads\/2024\/08\/2024lhlhb3-768x512.jpg 768w, https:\/\/www.bachstrasse6.de\/wp-content\/uploads\/2024\/08\/2024lhlhb3.jpg 1423w\" sizes=\"auto, (max-width: 300px) 100vw, 300px\" \/><\/a><figcaption class=\"wp-element-caption\">Marco Frei beim Lu\u00dfhardtlauf 2024 in Hambr\u00fccken<\/figcaption><\/figure>\n\n\n\n<figure class=\"wp-block-image size-medium\"><a href=\"http:\/\/www.bachstrasse6.de\/wp-content\/uploads\/2024\/09\/2024bmka06.jpg\"><img loading=\"lazy\" decoding=\"async\" width=\"200\" height=\"300\" src=\"http:\/\/www.bachstrasse6.de\/wp-content\/uploads\/2024\/09\/2024bmka06-200x300.jpg\" alt=\"\" class=\"wp-image-3307\" srcset=\"https:\/\/www.bachstrasse6.de\/wp-content\/uploads\/2024\/09\/2024bmka06-200x300.jpg 200w, https:\/\/www.bachstrasse6.de\/wp-content\/uploads\/2024\/09\/2024bmka06-683x1024.jpg 683w, https:\/\/www.bachstrasse6.de\/wp-content\/uploads\/2024\/09\/2024bmka06-768x1152.jpg 768w, https:\/\/www.bachstrasse6.de\/wp-content\/uploads\/2024\/09\/2024bmka06-1024x1536.jpg 1024w, https:\/\/www.bachstrasse6.de\/wp-content\/uploads\/2024\/09\/2024bmka06.jpg 1080w\" sizes=\"auto, (max-width: 200px) 100vw, 200px\" \/><\/a><figcaption class=\"wp-element-caption\">Marco Frei beim Baden-Marathon 2024 in Karlsruhe<\/figcaption><\/figure>\n\n\n\n<figure class=\"wp-block-image size-medium\"><a href=\"http:\/\/www.bachstrasse6.de\/wp-content\/uploads\/2024\/10\/2024hwlka2.jpg\"><img loading=\"lazy\" decoding=\"async\" width=\"300\" height=\"169\" src=\"http:\/\/www.bachstrasse6.de\/wp-content\/uploads\/2024\/10\/2024hwlka2-300x169.jpg\" alt=\"\" class=\"wp-image-3315\" srcset=\"https:\/\/www.bachstrasse6.de\/wp-content\/uploads\/2024\/10\/2024hwlka2-300x169.jpg 300w, https:\/\/www.bachstrasse6.de\/wp-content\/uploads\/2024\/10\/2024hwlka2-1024x575.jpg 1024w, https:\/\/www.bachstrasse6.de\/wp-content\/uploads\/2024\/10\/2024hwlka2-768x431.jpg 768w, https:\/\/www.bachstrasse6.de\/wp-content\/uploads\/2024\/10\/2024hwlka2.jpg 1200w\" sizes=\"auto, (max-width: 300px) 100vw, 300px\" \/><\/a><figcaption class=\"wp-element-caption\">Marco Frei beim Hardtwaldlauf 2024 in Karlsruhe<\/figcaption><\/figure>\n\n\n\n<figure class=\"wp-block-image size-medium\"><a href=\"http:\/\/www.bachstrasse6.de\/wp-content\/uploads\/2024\/10\/2024owlrue-scaled.jpg\"><img loading=\"lazy\" decoding=\"async\" width=\"300\" height=\"225\" src=\"http:\/\/www.bachstrasse6.de\/wp-content\/uploads\/2024\/10\/2024owlrue-300x225.jpg\" alt=\"\" class=\"wp-image-3319\" srcset=\"https:\/\/www.bachstrasse6.de\/wp-content\/uploads\/2024\/10\/2024owlrue-300x225.jpg 300w, https:\/\/www.bachstrasse6.de\/wp-content\/uploads\/2024\/10\/2024owlrue-1024x768.jpg 1024w, https:\/\/www.bachstrasse6.de\/wp-content\/uploads\/2024\/10\/2024owlrue-768x576.jpg 768w, https:\/\/www.bachstrasse6.de\/wp-content\/uploads\/2024\/10\/2024owlrue-1536x1152.jpg 1536w, https:\/\/www.bachstrasse6.de\/wp-content\/uploads\/2024\/10\/2024owlrue-2048x1536.jpg 2048w\" sizes=\"auto, (max-width: 300px) 100vw, 300px\" \/><\/a><figcaption class=\"wp-element-caption\">Marco Frei, Manuel Novak, Andreas K\u00fcnkele und Thorsten Tjoa beim Oberwaldlauf 2024 in R\u00fcppurr<\/figcaption><\/figure>\n","protected":false},"excerpt":{"rendered":"<p>Training ist ja recht und sch\u00f6n, doch ein Duell im Wettkampf ist eben durch nichts zu ersetzen. Deshalb starten wir auch wann immer es m\u00f6glich ist bei offiziellen Wettk\u00e4mpfen in unserer Umgebung. Hier die Ergebnisse des Jahres 2024: 40. Winterlaufserie, 14.01.24, Rheinzabern, 15 km, 865 TeilnehmerMarco Frei 69.34 min. (325)3. HaWei50, 24.02.24, Weiher, 35 km, [&hellip;]<\/p>\n","protected":false},"author":2,"featured_media":0,"parent":9,"menu_order":0,"comment_status":"closed","ping_status":"closed","template":"","meta":{"footnotes":""},"class_list":["post-3229","page","type-page","status-publish","hentry"],"_links":{"self":[{"href":"https:\/\/www.bachstrasse6.de\/index.php?rest_route=\/wp\/v2\/pages\/3229","targetHints":{"allow":["GET"]}}],"collection":[{"href":"https:\/\/www.bachstrasse6.de\/index.php?rest_route=\/wp\/v2\/pages"}],"about":[{"href":"https:\/\/www.bachstrasse6.de\/index.php?rest_route=\/wp\/v2\/types\/page"}],"author":[{"embeddable":true,"href":"https:\/\/www.bachstrasse6.de\/index.php?rest_route=\/wp\/v2\/users\/2"}],"replies":[{"embeddable":true,"href":"https:\/\/www.bachstrasse6.de\/index.php?rest_route=%2Fwp%2Fv2%2Fcomments&post=3229"}],"version-history":[{"count":30,"href":"https:\/\/www.bachstrasse6.de\/index.php?rest_route=\/wp\/v2\/pages\/3229\/revisions"}],"predecessor-version":[{"id":3323,"href":"https:\/\/www.bachstrasse6.de\/index.php?rest_route=\/wp\/v2\/pages\/3229\/revisions\/3323"}],"up":[{"embeddable":true,"href":"https:\/\/www.bachstrasse6.de\/index.php?rest_route=\/wp\/v2\/pages\/9"}],"wp:attachment":[{"href":"https:\/\/www.bachstrasse6.de\/index.php?rest_route=%2Fwp%2Fv2%2Fmedia&parent=3229"}],"curies":[{"name":"wp","href":"https:\/\/api.w.org\/{rel}","templated":true}]}}