{"id":320,"date":"2012-01-01T13:36:11","date_gmt":"2012-01-01T11:36:11","guid":{"rendered":"http:\/\/www.bachstrasse2.de\/?page_id=320"},"modified":"2013-08-20T11:41:17","modified_gmt":"2013-08-20T09:41:17","slug":"laufergebnisse-2012","status":"publish","type":"page","link":"https:\/\/www.bachstrasse6.de\/?page_id=320","title":{"rendered":"Laufergebnisse 2012"},"content":{"rendered":"<p>Training ist ja recht und sch\u00f6n, doch ein Duell im Wettkampf ist eben durch nichts zu ersetzen. Deshalb starten wir auch wann immer es m\u00f6glich ist bei offiziellen Wettk\u00e4mpfen in unserer Umgebung. Hier die Ergebnisse des Jahres 2012:<\/p>\n<p><strong>30. Winterlaufserie<\/strong>, 06.02.12, Rheinzabern, 20 km, 620 Teilnehmer<br \/>\nBernhard Frey 1:37:30 h (310), Marco Frei 1:38:14 h (319), Thomas G\u00f6hringer 1:39:15 h (342), Siegfried Lamprecht 1:58:55 h (577)<br \/>\nMannschaftswertung: 5:14:39 h (61 von 86)<br \/>\n<strong>27. Auwaldlauf<\/strong>, 04.03.12, H\u00f6rdt, 20 km, 139 Teilnehmer<br \/>\nBernhard Frey 1:34:09 h (48)<br \/>\n<strong>9. Ri\u00dfnertlauf<\/strong>, 18.03.12, Karlsruhe-R\u00fcppurr, 15 km, 389 Teilnehmer<br \/>\nBernhard Frey 65:26 min. (67), Marco Frei 69:09 min. (114), Thomas G\u00f6hringer 71:43 min. (154)<br \/>\n<strong>39. Osterlauf<\/strong>, 07.04.12, Rheinzabern, 21,1 km, 268 Teilnehmer<br \/>\nBernhard Frey 1:36:38 h (98), Marco Frei 1:39:53 h (124), Siegfried Lamprecht 2:08:29 h (251)<br \/>\n<strong>7. Stutenseer Stadtlauf,<\/strong> 15.04.12, Blankenloch, 10 km, 211 Teilnehmer<br \/>\nMarco Frei 44:01 min. (57)<br \/>\n<strong>31. Heidelberger Halbmarathon<\/strong>, 29.04.12, Heidelberg, 21,1 km, 3.445 Teilnehmer<br \/>\nMarco Frei 1:50:09 h (882), Martin Nelius 1:59:53 h (1709)<br \/>\n<strong>12. Trollinger-Marathon<\/strong>, 06.05.12, Heilbronn, 21,1 km, 4.355 Teilnehmer<br \/>\nMarco Frei 1:58:33 h (2132)<br \/>\n<strong>30. K\u00e4mpfelbach-Lauf<\/strong>, 12.05.12, Ersingen, 10 km, 178 Teilnehmer<br \/>\nBernhard Frey 45:41 min. (59), Heiko G\u00f6hringer 46:58 min. (75)<br \/>\n<strong>19. Stuttgart-Lauf<\/strong>, 17.06.12, Stuttgart, 21,1 km, 7.513 Teilnehmer<br \/>\nMichael Popp 1:46:39 h (2294)<br \/>\n<strong>24. Asparaguslauf<\/strong>, 01.07.12, Graben, 10 km, 183 Teilnehmer<br \/>\nMarco Frei 45:15 h (46)<br \/>\n<strong>7. Lu\u00dfhardtlauf<\/strong>, 19.08.12, Hambr\u00fccken, 21,1 km, 204 Teilnehmer<br \/>\nMarco Frei 2:06:26 h (160)<br \/>\n<strong>28. Marathon du M\u00e9doc<\/strong>, 08.09.12, Paulliac, 42,195 km, 7.386 Teilnehmer<br \/>\nMarco Frei 4:38:06 h (914)<br \/>\n<strong>17. Ranntal-Lauf<\/strong>, 15.09.12, Wilferdingen, 10 km, 213 Teilnehmer<br \/>\nMarco Frei 44:58 min. (54),\u00a0Lothar Becht 48:30 min. (93)<br \/>\n<strong>30. Baden-Marathon<\/strong>, 23.09.12, Karlsruhe, 21,1 km 2. H\u00e4lfte, 238 Teilnehmer<br \/>\nMarco Frei 1:41:54 h (25), Heiko G\u00f6hringer 1:41:55 h (26)<br \/>\n<strong>4. Fitnesslauf<\/strong>, 03.10.12, \u00d6stringen, 10 km, 242 Teilnehmer<br \/>\nMarco Frei 45:18 min. (36), Christine Frei 52:09 min. (124)<br \/>\n<strong>27. Hardtwaldlauf, <\/strong>14.10.12, Karlsruhe, 10 km, 602 Teilnehmer<br \/>\nMarco Frei 43:48 min. (114), Lothar Becht 46:43 min.\u00a0(190), Christine Frei 52:01 min. (333)<br \/>\n<strong>26. Int. &#8222;Oberwald&#8220;-Volkslauf<\/strong>, 20.10.12, Karlsruhe-R\u00fcppurr, 10 km, 323 Teilnehmer<br \/>\nMarco Frei 44:19 min. (79), Thomas G\u00f6hringer 44:50 min. (87), Christine Frei 50:17 min. (153)<br \/>\n<strong>24. Karlsbader Volkslauf<\/strong>, 11.11.12, Langensteinbach, 10 km, 316 Teilnehmer<br \/>\nBernhard Frey 47:55 min. (92)<br \/>\n<strong>31. Winterlaufserie<\/strong>, 16.12.12, Rheinzabern, 10 km, 1.066 Teilnehmer<br \/>\nMarco Frei 44:47 h (451), Thomas G\u00f6hringer 45:17 h (480), Lothar Becht 48:14 h (639)<br \/>\n<strong>25. Silvesterlauf<\/strong>, 30.12.12, Forchheim, 10 km, 689 Teilnehmer<br \/>\nBernhard Frey 48:42 min. (252)<\/p>\n<p>&nbsp;<\/p>\n<div id=\"attachment_944\" style=\"width: 310px\" class=\"wp-caption alignleft\"><a href=\"http:\/\/www.bachstrasse6.de\/wp-content\/uploads\/2008\/10\/2012rlrmf.jpg\"><img loading=\"lazy\" decoding=\"async\" aria-describedby=\"caption-attachment-944\" src=\"http:\/\/www.bachstrasse6.de\/wp-content\/uploads\/2008\/10\/2012rlrmf-300x214.jpg\" alt=\"Marco Frei beim Ri\u00dfnertlauf R\u00fcppurr 2012\" width=\"300\" height=\"214\" class=\"size-medium wp-image-944\" srcset=\"https:\/\/www.bachstrasse6.de\/wp-content\/uploads\/2008\/10\/2012rlrmf-300x214.jpg 300w, https:\/\/www.bachstrasse6.de\/wp-content\/uploads\/2008\/10\/2012rlrmf.jpg 499w\" sizes=\"auto, (max-width: 300px) 100vw, 300px\" \/><\/a><p id=\"caption-attachment-944\" class=\"wp-caption-text\">Marco Frei beim Ri\u00dfnertlauf R\u00fcppurr 2012<\/p><\/div>\n<p>&nbsp;<\/p>\n<div id=\"attachment_943\" style=\"width: 310px\" class=\"wp-caption alignleft\"><img loading=\"lazy\" decoding=\"async\" aria-describedby=\"caption-attachment-943\" src=\"http:\/\/www.bachstrasse6.de\/wp-content\/uploads\/2008\/10\/2012rlrbf-300x225.jpg\" alt=\"Bernhard Frey beim Ri\u00dfnertlauf R\u00fcppurr 2012\" width=\"300\" height=\"225\" class=\"size-medium wp-image-943\" srcset=\"https:\/\/www.bachstrasse6.de\/wp-content\/uploads\/2008\/10\/2012rlrbf-300x225.jpg 300w, https:\/\/www.bachstrasse6.de\/wp-content\/uploads\/2008\/10\/2012rlrbf.jpg 500w\" sizes=\"auto, (max-width: 300px) 100vw, 300px\" \/><p id=\"caption-attachment-943\" class=\"wp-caption-text\">Bernhard Frey beim Ri\u00dfnertlauf R\u00fcppurr 2012<\/p><\/div>\n<p>&nbsp;<\/p>\n<div id=\"attachment_970\" style=\"width: 210px\" class=\"wp-caption alignleft\"><img loading=\"lazy\" decoding=\"async\" aria-describedby=\"caption-attachment-970\" src=\"http:\/\/www.bachstrasse6.de\/wp-content\/uploads\/2008\/10\/2012mdm1371-e1347476249397-200x300.jpg\" alt=\"Marco Frei beim Marathon du M\u00e9doc 2012\" width=\"200\" height=\"300\" class=\"size-medium wp-image-970\" srcset=\"https:\/\/www.bachstrasse6.de\/wp-content\/uploads\/2008\/10\/2012mdm1371-e1347476249397-200x300.jpg 200w, https:\/\/www.bachstrasse6.de\/wp-content\/uploads\/2008\/10\/2012mdm1371-e1347476249397-682x1024.jpg 682w, https:\/\/www.bachstrasse6.de\/wp-content\/uploads\/2008\/10\/2012mdm1371-e1347476249397.jpg 1632w\" sizes=\"auto, (max-width: 200px) 100vw, 200px\" \/><p id=\"caption-attachment-970\" class=\"wp-caption-text\">Marco Frei beim Marathon du M\u00e9doc 2012<\/p><\/div>\n<p>&nbsp;<\/p>\n<div id=\"attachment_975\" style=\"width: 226px\" class=\"wp-caption alignleft\"><img loading=\"lazy\" decoding=\"async\" aria-describedby=\"caption-attachment-975\" src=\"http:\/\/www.bachstrasse6.de\/wp-content\/uploads\/2008\/10\/2012rlwmf3-216x300.jpg\" alt=\"Marco Frei beim Ranntallauf Wilferdingen 2012\" width=\"216\" height=\"300\" class=\"size-medium wp-image-975\" srcset=\"https:\/\/www.bachstrasse6.de\/wp-content\/uploads\/2008\/10\/2012rlwmf3-216x300.jpg 216w, https:\/\/www.bachstrasse6.de\/wp-content\/uploads\/2008\/10\/2012rlwmf3-738x1024.jpg 738w, https:\/\/www.bachstrasse6.de\/wp-content\/uploads\/2008\/10\/2012rlwmf3.jpg 1313w\" sizes=\"auto, (max-width: 216px) 100vw, 216px\" \/><p id=\"caption-attachment-975\" class=\"wp-caption-text\">Marco Frei beim Ranntallauf Wilferdingen 2012<\/p><\/div>\n<p>&nbsp;<\/p>\n<div id=\"attachment_987\" style=\"width: 210px\" class=\"wp-caption alignleft\"><img loading=\"lazy\" decoding=\"async\" aria-describedby=\"caption-attachment-987\" src=\"http:\/\/www.bachstrasse6.de\/wp-content\/uploads\/2008\/10\/2012fl\u00f6scf-200x300.jpg\" alt=\"Christine Frei beim \u00d6stringer Fitnesslauf 2012\" width=\"200\" height=\"300\" class=\"size-medium wp-image-987\" srcset=\"https:\/\/www.bachstrasse6.de\/wp-content\/uploads\/2008\/10\/2012fl\u00f6scf-200x300.jpg 200w, https:\/\/www.bachstrasse6.de\/wp-content\/uploads\/2008\/10\/2012fl\u00f6scf.jpg 570w\" sizes=\"auto, (max-width: 200px) 100vw, 200px\" \/><p id=\"caption-attachment-987\" class=\"wp-caption-text\">Christine Frei beim \u00d6stringer Fitnesslauf 2012<\/p><\/div>\n<p>&nbsp;<\/p>\n<div id=\"attachment_989\" style=\"width: 210px\" class=\"wp-caption alignleft\"><img loading=\"lazy\" decoding=\"async\" aria-describedby=\"caption-attachment-989\" class=\"size-medium wp-image-989\" alt=\"Marco Frei beim \u00d6stringer Fitnesslauf 2012\" src=\"http:\/\/www.bachstrasse6.de\/wp-content\/uploads\/2008\/10\/2012fl\u00f6smf1-200x300.jpg\" width=\"200\" height=\"300\" srcset=\"https:\/\/www.bachstrasse6.de\/wp-content\/uploads\/2008\/10\/2012fl\u00f6smf1-200x300.jpg 200w, https:\/\/www.bachstrasse6.de\/wp-content\/uploads\/2008\/10\/2012fl\u00f6smf1.jpg 570w\" sizes=\"auto, (max-width: 200px) 100vw, 200px\" \/><p id=\"caption-attachment-989\" class=\"wp-caption-text\">Marco Frei beim \u00d6stringer Fitnesslauf 2012<\/p><\/div>\n","protected":false},"excerpt":{"rendered":"<p>Training ist ja recht und sch\u00f6n, doch ein Duell im Wettkampf ist eben durch nichts zu ersetzen. Deshalb starten wir auch wann immer es m\u00f6glich ist bei offiziellen Wettk\u00e4mpfen in unserer Umgebung. Hier die Ergebnisse des Jahres 2012: 30. Winterlaufserie, 06.02.12, Rheinzabern, 20 km, 620 Teilnehmer Bernhard Frey 1:37:30 h (310), Marco Frei 1:38:14 h [&hellip;]<\/p>\n","protected":false},"author":2,"featured_media":0,"parent":9,"menu_order":0,"comment_status":"open","ping_status":"closed","template":"","meta":{"footnotes":""},"class_list":["post-320","page","type-page","status-publish","hentry"],"_links":{"self":[{"href":"https:\/\/www.bachstrasse6.de\/index.php?rest_route=\/wp\/v2\/pages\/320","targetHints":{"allow":["GET"]}}],"collection":[{"href":"https:\/\/www.bachstrasse6.de\/index.php?rest_route=\/wp\/v2\/pages"}],"about":[{"href":"https:\/\/www.bachstrasse6.de\/index.php?rest_route=\/wp\/v2\/types\/page"}],"author":[{"embeddable":true,"href":"https:\/\/www.bachstrasse6.de\/index.php?rest_route=\/wp\/v2\/users\/2"}],"replies":[{"embeddable":true,"href":"https:\/\/www.bachstrasse6.de\/index.php?rest_route=%2Fwp%2Fv2%2Fcomments&post=320"}],"version-history":[{"count":47,"href":"https:\/\/www.bachstrasse6.de\/index.php?rest_route=\/wp\/v2\/pages\/320\/revisions"}],"predecessor-version":[{"id":1366,"href":"https:\/\/www.bachstrasse6.de\/index.php?rest_route=\/wp\/v2\/pages\/320\/revisions\/1366"}],"up":[{"embeddable":true,"href":"https:\/\/www.bachstrasse6.de\/index.php?rest_route=\/wp\/v2\/pages\/9"}],"wp:attachment":[{"href":"https:\/\/www.bachstrasse6.de\/index.php?rest_route=%2Fwp%2Fv2%2Fmedia&parent=320"}],"curies":[{"name":"wp","href":"https:\/\/api.w.org\/{rel}","templated":true}]}}