{"id":3068,"date":"2022-04-03T18:35:26","date_gmt":"2022-04-03T16:35:26","guid":{"rendered":"http:\/\/www.bachstrasse6.de\/?page_id=3068"},"modified":"2024-04-08T17:19:18","modified_gmt":"2024-04-08T16:19:18","slug":"laufergebnisse-2022","status":"publish","type":"page","link":"https:\/\/www.bachstrasse6.de\/?page_id=3068","title":{"rendered":"Laufergebnisse 2022"},"content":{"rendered":"\n<p>Training ist ja recht und sch\u00f6n, doch ein Duell im Wettkampf ist eben durch nichts zu ersetzen. Deshalb starten wir auch wann immer es m\u00f6glich ist bei offiziellen Wettk\u00e4mpfen in unserer Umgebung. Hier die Ergebnisse des Jahres 2022:<\/p>\n\n\n\n<p><strong><strong>17. Freiburg-Marathon<\/strong>,<\/strong> 03.04.22, Freiburg, 21,1 km, 4.997 Teilnehmer<strong><br><\/strong>Marco Frei 1:45:03 h (1400), Tobias Schnurr 2:23:49 h (4644)<br><strong>39. Heidelberger Halbmarathon<\/strong>, 01.05.22, Heidelberg, 21,1 km, 2.124 Teilnehmer<br>Marco Frei 1:49:25 h (563), Martin Nelius 1:52:35 h (723)<br><strong>20. Trollinger-Marathon<\/strong>, 08.05.22, Heilbronn, 21,1 km, 2.147 Teilnehmer<br>Marco Frei 1:43:52 h (413)<br><strong>30. Himmelfahrtslauf<\/strong>, 26.05.22, W\u00f6ssingen, 10 km, 122 Teilnehmer<br>Marco Frei 45:32 min. (21)<br><strong>18. Gai\u00dfeschenner-Lauf<\/strong>, 11.06.22, Kieselbronn, 21,1 km, 68 Teilnehmer<br>Marco Frei 1:51:15 h (22)<br><strong>20. Hermann-Hesse-Lauf<\/strong>, 29.06.22, Bad Liebenzell, 10 km, 116 Teilnehmer<br>Marco Frei 46:53 min. (44)<br><strong>Gazellen-Meeting mit Kreismeisterschaft Langstrecke<\/strong>, 16.07.22, K\u00f6nigsbach, 5.000 m, 14 Teilnehmer<br>Marco Frei 22:04 min. (9)<br><strong>9. Ranntallauf<\/strong>, 23.07.22, N\u00f6ttingen, 10 km, 106 Teilnehmer<br>Marco Frei 49:30 min. (35)<br><strong>13. Halbmarathon Ettlingen<\/strong>, Ettlingen, 21,1 km 315 Teilnehmer<br>Marco Frei 1:49:38 (105)<br><strong>15. Lu\u00dfhardtlauf<\/strong>, 14.08.22, Hambr\u00fccken, 21,1 km, 133 Teilnehmer<br>Marco Frei 1:44:39 h (43)<br><strong>38. Baden-Marathon<\/strong>, 18.09.22, Karlsruhe, 21,1 km, 2.664 Teilnehmer<br>Marco Frei 1:40:21 h (408)<br><strong>26. Heckeng\u00e4u-Lauf<\/strong>, 03.10.22, Wiernsheim, 10 km, 125 Teilnehmer<br>Marco Frei 47:49 min. (43), Christine Frei 56:42 min. (101)<br><strong>36. Hardtwaldlauf, <\/strong>09.10.22, Karlsruhe, 10 km, 119 Teilnehmer<br>Marco Frei 45:07 min. (36),\u00a0 Christine Frei 52:37 min. (86)<br><strong>18. Marathon du Beaujolais<\/strong>, 19.11.22, Villefranche-sur-Sa\u00f4ne, 21,1 km, 5.657 Teilnehmer<br>Marco Frei 1:48:08 h (449), C\u00e9cile Vinas 2:17:25 h (1962), Marc Poiget 2:17:25 h (1964)<\/p>\n\n\n\n<p><\/p>\n\n\n\n<p><\/p>\n\n\n\n<figure class=\"wp-block-image size-medium\"><a href=\"http:\/\/www.bachstrasse6.de\/wp-content\/uploads\/2022\/04\/2022frm3-1-scaled.jpg\"><img loading=\"lazy\" decoding=\"async\" width=\"225\" height=\"300\" src=\"http:\/\/www.bachstrasse6.de\/wp-content\/uploads\/2022\/04\/2022frm3-1-225x300.jpg\" alt=\"\" class=\"wp-image-3078\" srcset=\"https:\/\/www.bachstrasse6.de\/wp-content\/uploads\/2022\/04\/2022frm3-1-225x300.jpg 225w, https:\/\/www.bachstrasse6.de\/wp-content\/uploads\/2022\/04\/2022frm3-1-768x1024.jpg 768w, https:\/\/www.bachstrasse6.de\/wp-content\/uploads\/2022\/04\/2022frm3-1-1152x1536.jpg 1152w, https:\/\/www.bachstrasse6.de\/wp-content\/uploads\/2022\/04\/2022frm3-1-1536x2048.jpg 1536w, https:\/\/www.bachstrasse6.de\/wp-content\/uploads\/2022\/04\/2022frm3-1-scaled.jpg 1920w\" sizes=\"auto, (max-width: 225px) 100vw, 225px\" \/><\/a><figcaption class=\"wp-element-caption\">Marco Frei beim Freiburg-Marathon 2022<\/figcaption><\/figure>\n\n\n\n<figure class=\"wp-block-image size-medium\"><a href=\"http:\/\/www.bachstrasse6.de\/wp-content\/uploads\/2022\/05\/2022hmhd2.jpg\"><img loading=\"lazy\" decoding=\"async\" width=\"300\" height=\"225\" src=\"http:\/\/www.bachstrasse6.de\/wp-content\/uploads\/2022\/05\/2022hmhd2-300x225.jpg\" alt=\"\" class=\"wp-image-3084\" srcset=\"https:\/\/www.bachstrasse6.de\/wp-content\/uploads\/2022\/05\/2022hmhd2-300x225.jpg 300w, https:\/\/www.bachstrasse6.de\/wp-content\/uploads\/2022\/05\/2022hmhd2-1024x768.jpg 1024w, https:\/\/www.bachstrasse6.de\/wp-content\/uploads\/2022\/05\/2022hmhd2-768x576.jpg 768w, https:\/\/www.bachstrasse6.de\/wp-content\/uploads\/2022\/05\/2022hmhd2-1536x1152.jpg 1536w, https:\/\/www.bachstrasse6.de\/wp-content\/uploads\/2022\/05\/2022hmhd2.jpg 1600w\" sizes=\"auto, (max-width: 300px) 100vw, 300px\" \/><\/a><figcaption class=\"wp-element-caption\">Marco Frei beim Heidelberger Halbmarathon 2022<\/figcaption><\/figure>\n\n\n\n<figure class=\"wp-block-image size-medium\"><img loading=\"lazy\" decoding=\"async\" width=\"300\" height=\"195\" src=\"http:\/\/www.bachstrasse6.de\/wp-content\/uploads\/2022\/05\/2022tm2-300x195.webp\" alt=\"\" class=\"wp-image-3093\" srcset=\"https:\/\/www.bachstrasse6.de\/wp-content\/uploads\/2022\/05\/2022tm2-300x195.webp 300w, https:\/\/www.bachstrasse6.de\/wp-content\/uploads\/2022\/05\/2022tm2-768x499.webp 768w, https:\/\/www.bachstrasse6.de\/wp-content\/uploads\/2022\/05\/2022tm2.webp 962w\" sizes=\"auto, (max-width: 300px) 100vw, 300px\" \/><figcaption class=\"wp-element-caption\"> Marco Frei beim Trollinger-Marathon 2022 <\/figcaption><\/figure>\n\n\n\n<figure class=\"wp-block-image size-medium\"><a href=\"http:\/\/www.bachstrasse6.de\/wp-content\/uploads\/2022\/09\/2022hhlbl2.jpg\"><img loading=\"lazy\" decoding=\"async\" width=\"300\" height=\"200\" src=\"http:\/\/www.bachstrasse6.de\/wp-content\/uploads\/2022\/09\/2022hhlbl2-300x200.jpg\" alt=\"\" class=\"wp-image-3130\" srcset=\"https:\/\/www.bachstrasse6.de\/wp-content\/uploads\/2022\/09\/2022hhlbl2-300x200.jpg 300w, https:\/\/www.bachstrasse6.de\/wp-content\/uploads\/2022\/09\/2022hhlbl2-768x512.jpg 768w, https:\/\/www.bachstrasse6.de\/wp-content\/uploads\/2022\/09\/2022hhlbl2.jpg 800w\" sizes=\"auto, (max-width: 300px) 100vw, 300px\" \/><\/a><figcaption class=\"wp-element-caption\">Marco Frei beim Hermann-Hesse-Lauf 2022 in Bad Liebenzell<\/figcaption><\/figure>\n\n\n\n<figure class=\"wp-block-image size-medium\"><a href=\"http:\/\/www.bachstrasse6.de\/wp-content\/uploads\/2022\/09\/2022kmls2.jpg\"><img loading=\"lazy\" decoding=\"async\" width=\"300\" height=\"199\" src=\"http:\/\/www.bachstrasse6.de\/wp-content\/uploads\/2022\/09\/2022kmls2-300x199.jpg\" alt=\"\" class=\"wp-image-3125\" srcset=\"https:\/\/www.bachstrasse6.de\/wp-content\/uploads\/2022\/09\/2022kmls2-300x199.jpg 300w, https:\/\/www.bachstrasse6.de\/wp-content\/uploads\/2022\/09\/2022kmls2-768x510.jpg 768w, https:\/\/www.bachstrasse6.de\/wp-content\/uploads\/2022\/09\/2022kmls2.jpg 1000w\" sizes=\"auto, (max-width: 300px) 100vw, 300px\" \/><\/a><figcaption class=\"wp-element-caption\"> Marco Frei bei der Kreismeisterschaft Langstrecken 2022 in K\u00f6nigsbach <\/figcaption><\/figure>\n\n\n\n<figure class=\"wp-block-image size-medium\"><a href=\"http:\/\/www.bachstrasse6.de\/wp-content\/uploads\/2022\/08\/2022hmet.jpg\"><img loading=\"lazy\" decoding=\"async\" width=\"300\" height=\"169\" src=\"http:\/\/www.bachstrasse6.de\/wp-content\/uploads\/2022\/08\/2022hmet-300x169.jpg\" alt=\"\" class=\"wp-image-3115\" srcset=\"https:\/\/www.bachstrasse6.de\/wp-content\/uploads\/2022\/08\/2022hmet-300x169.jpg 300w, https:\/\/www.bachstrasse6.de\/wp-content\/uploads\/2022\/08\/2022hmet-1024x576.jpg 1024w, https:\/\/www.bachstrasse6.de\/wp-content\/uploads\/2022\/08\/2022hmet-768x432.jpg 768w, https:\/\/www.bachstrasse6.de\/wp-content\/uploads\/2022\/08\/2022hmet-1536x864.jpg 1536w, https:\/\/www.bachstrasse6.de\/wp-content\/uploads\/2022\/08\/2022hmet.jpg 1600w\" sizes=\"auto, (max-width: 300px) 100vw, 300px\" \/><\/a><figcaption class=\"wp-element-caption\">Marco Frei beim Ettlinger Halbmarathon 2022<\/figcaption><\/figure>\n\n\n\n<figure class=\"wp-block-image size-medium\"><a href=\"http:\/\/www.bachstrasse6.de\/wp-content\/uploads\/2022\/09\/2022lhlhb.jpg\"><img loading=\"lazy\" decoding=\"async\" width=\"300\" height=\"200\" src=\"http:\/\/www.bachstrasse6.de\/wp-content\/uploads\/2022\/09\/2022lhlhb-300x200.jpg\" alt=\"\" class=\"wp-image-3124\" srcset=\"https:\/\/www.bachstrasse6.de\/wp-content\/uploads\/2022\/09\/2022lhlhb-300x200.jpg 300w, https:\/\/www.bachstrasse6.de\/wp-content\/uploads\/2022\/09\/2022lhlhb-1024x682.jpg 1024w, https:\/\/www.bachstrasse6.de\/wp-content\/uploads\/2022\/09\/2022lhlhb-768x512.jpg 768w, https:\/\/www.bachstrasse6.de\/wp-content\/uploads\/2022\/09\/2022lhlhb-1536x1024.jpg 1536w, https:\/\/www.bachstrasse6.de\/wp-content\/uploads\/2022\/09\/2022lhlhb.jpg 1649w\" sizes=\"auto, (max-width: 300px) 100vw, 300px\" \/><\/a><figcaption class=\"wp-element-caption\">Marco Frei beim Lusshardtlauf Hambr\u00fccken 2022<\/figcaption><\/figure>\n\n\n\n<figure class=\"wp-block-image size-medium\"><a href=\"http:\/\/www.bachstrasse6.de\/wp-content\/uploads\/2022\/09\/2022bmka-scaled.jpg\"><img loading=\"lazy\" decoding=\"async\" width=\"199\" height=\"300\" src=\"http:\/\/www.bachstrasse6.de\/wp-content\/uploads\/2022\/09\/2022bmka-199x300.jpg\" alt=\"\" class=\"wp-image-3132\" srcset=\"https:\/\/www.bachstrasse6.de\/wp-content\/uploads\/2022\/09\/2022bmka-199x300.jpg 199w, https:\/\/www.bachstrasse6.de\/wp-content\/uploads\/2022\/09\/2022bmka-680x1024.jpg 680w, https:\/\/www.bachstrasse6.de\/wp-content\/uploads\/2022\/09\/2022bmka-768x1156.jpg 768w, https:\/\/www.bachstrasse6.de\/wp-content\/uploads\/2022\/09\/2022bmka-1020x1536.jpg 1020w, https:\/\/www.bachstrasse6.de\/wp-content\/uploads\/2022\/09\/2022bmka-1360x2048.jpg 1360w, https:\/\/www.bachstrasse6.de\/wp-content\/uploads\/2022\/09\/2022bmka-scaled.jpg 1700w\" sizes=\"auto, (max-width: 199px) 100vw, 199px\" \/><\/a><figcaption class=\"wp-element-caption\">Marco Frei beim Baden-Marathon Karlsruhe 2022<\/figcaption><\/figure>\n\n\n\n<figure class=\"wp-block-image size-medium\"><a href=\"http:\/\/www.bachstrasse6.de\/wp-content\/uploads\/2022\/10\/2022hwlka-scaled.jpg\"><img loading=\"lazy\" decoding=\"async\" width=\"300\" height=\"225\" src=\"http:\/\/www.bachstrasse6.de\/wp-content\/uploads\/2022\/10\/2022hwlka-300x225.jpg\" alt=\"\" class=\"wp-image-3138\" srcset=\"https:\/\/www.bachstrasse6.de\/wp-content\/uploads\/2022\/10\/2022hwlka-300x225.jpg 300w, https:\/\/www.bachstrasse6.de\/wp-content\/uploads\/2022\/10\/2022hwlka-1024x768.jpg 1024w, https:\/\/www.bachstrasse6.de\/wp-content\/uploads\/2022\/10\/2022hwlka-768x576.jpg 768w, https:\/\/www.bachstrasse6.de\/wp-content\/uploads\/2022\/10\/2022hwlka-1536x1152.jpg 1536w, https:\/\/www.bachstrasse6.de\/wp-content\/uploads\/2022\/10\/2022hwlka-2048x1536.jpg 2048w\" sizes=\"auto, (max-width: 300px) 100vw, 300px\" \/><\/a><figcaption class=\"wp-element-caption\">Christine &amp; Marco Frei beim Hardtwaldlauf Karlsruhe 2022<\/figcaption><\/figure>\n\n\n\n<figure class=\"wp-block-image size-medium\"><a href=\"http:\/\/www.bachstrasse6.de\/wp-content\/uploads\/2022\/12\/2022mdb19-scaled.jpg\"><img loading=\"lazy\" decoding=\"async\" width=\"300\" height=\"225\" src=\"http:\/\/www.bachstrasse6.de\/wp-content\/uploads\/2022\/12\/2022mdb19-300x225.jpg\" alt=\"\" class=\"wp-image-3153\" srcset=\"https:\/\/www.bachstrasse6.de\/wp-content\/uploads\/2022\/12\/2022mdb19-300x225.jpg 300w, https:\/\/www.bachstrasse6.de\/wp-content\/uploads\/2022\/12\/2022mdb19-1024x768.jpg 1024w, https:\/\/www.bachstrasse6.de\/wp-content\/uploads\/2022\/12\/2022mdb19-768x576.jpg 768w, https:\/\/www.bachstrasse6.de\/wp-content\/uploads\/2022\/12\/2022mdb19-1536x1152.jpg 1536w, https:\/\/www.bachstrasse6.de\/wp-content\/uploads\/2022\/12\/2022mdb19-2048x1536.jpg 2048w\" sizes=\"auto, (max-width: 300px) 100vw, 300px\" \/><\/a><figcaption class=\"wp-element-caption\">Marco Frei beim Marathon du Beaujolais 2022<\/figcaption><\/figure>\n","protected":false},"excerpt":{"rendered":"<p>Training ist ja recht und sch\u00f6n, doch ein Duell im Wettkampf ist eben durch nichts zu ersetzen. Deshalb starten wir auch wann immer es m\u00f6glich ist bei offiziellen Wettk\u00e4mpfen in unserer Umgebung. Hier die Ergebnisse des Jahres 2022: 17. Freiburg-Marathon, 03.04.22, Freiburg, 21,1 km, 4.997 TeilnehmerMarco Frei 1:45:03 h (1400), Tobias Schnurr 2:23:49 h (4644)39. [&hellip;]<\/p>\n","protected":false},"author":2,"featured_media":0,"parent":9,"menu_order":0,"comment_status":"closed","ping_status":"closed","template":"","meta":{"footnotes":""},"class_list":["post-3068","page","type-page","status-publish","hentry"],"_links":{"self":[{"href":"https:\/\/www.bachstrasse6.de\/index.php?rest_route=\/wp\/v2\/pages\/3068","targetHints":{"allow":["GET"]}}],"collection":[{"href":"https:\/\/www.bachstrasse6.de\/index.php?rest_route=\/wp\/v2\/pages"}],"about":[{"href":"https:\/\/www.bachstrasse6.de\/index.php?rest_route=\/wp\/v2\/types\/page"}],"author":[{"embeddable":true,"href":"https:\/\/www.bachstrasse6.de\/index.php?rest_route=\/wp\/v2\/users\/2"}],"replies":[{"embeddable":true,"href":"https:\/\/www.bachstrasse6.de\/index.php?rest_route=%2Fwp%2Fv2%2Fcomments&post=3068"}],"version-history":[{"count":33,"href":"https:\/\/www.bachstrasse6.de\/index.php?rest_route=\/wp\/v2\/pages\/3068\/revisions"}],"predecessor-version":[{"id":3260,"href":"https:\/\/www.bachstrasse6.de\/index.php?rest_route=\/wp\/v2\/pages\/3068\/revisions\/3260"}],"up":[{"embeddable":true,"href":"https:\/\/www.bachstrasse6.de\/index.php?rest_route=\/wp\/v2\/pages\/9"}],"wp:attachment":[{"href":"https:\/\/www.bachstrasse6.de\/index.php?rest_route=%2Fwp%2Fv2%2Fmedia&parent=3068"}],"curies":[{"name":"wp","href":"https:\/\/api.w.org\/{rel}","templated":true}]}}