{"id":2988,"date":"2020-01-12T16:07:00","date_gmt":"2020-01-12T14:07:00","guid":{"rendered":"http:\/\/www.bachstrasse6.de\/?page_id=2988"},"modified":"2022-07-24T00:40:07","modified_gmt":"2022-07-23T22:40:07","slug":"laufergebnisse-2020","status":"publish","type":"page","link":"https:\/\/www.bachstrasse6.de\/?page_id=2988","title":{"rendered":"Laufergebnisse 2020"},"content":{"rendered":"\n<p>Training ist ja recht und sch\u00f6n, doch ein Duell im Wettkampf ist eben durch nichts zu ersetzen. Deshalb starten wir auch wann immer es m\u00f6glich ist bei offiziellen Wettk\u00e4mpfen in unserer Umgebung. Hier die Ergebnisse des Jahres 2020:<\/p>\n\n\n\n<p><strong>38. Winterlaufserie<\/strong>, 12.01.20, Rheinzabern, 15 km, 910 Teilnehmer<br>Marco Frei 69:25 min. (409), Lothar Becht 71:29 min. (466)<br><strong>7. Ranntallauf<\/strong>, 19.09.20, N\u00f6ttingen, 10 km, 156 Teilnehmer<br>Marco Frei 48:51 min. (39) <\/p>\n\n\n\n<p><\/p>\n\n\n\n<figure class=\"wp-block-image is-resized\"><img loading=\"lazy\" decoding=\"async\" src=\"http:\/\/www.bachstrasse6.de\/wp-content\/uploads\/2020\/09\/2020rtln\u00f61-1024x768.jpg\" alt=\"\" class=\"wp-image-3049\" width=\"256\" height=\"192\" srcset=\"https:\/\/www.bachstrasse6.de\/wp-content\/uploads\/2020\/09\/2020rtln\u00f61.jpg 1024w, https:\/\/www.bachstrasse6.de\/wp-content\/uploads\/2020\/09\/2020rtln\u00f61-300x225.jpg 300w, https:\/\/www.bachstrasse6.de\/wp-content\/uploads\/2020\/09\/2020rtln\u00f61-768x576.jpg 768w\" sizes=\"auto, (max-width: 256px) 100vw, 256px\" \/><figcaption>Marco Frei beim Ranntallauf 2020 in N\u00f6ttingen<\/figcaption><\/figure>\n\n\n\n<div class=\"wp-block-image\"><figure class=\"alignleft is-resized\"><img loading=\"lazy\" decoding=\"async\" src=\"http:\/\/www.bachstrasse6.de\/wp-content\/uploads\/2020\/01\/2020wlsrz15-300x225.jpg\" alt=\"\" class=\"wp-image-2994\" width=\"300\" height=\"225\" srcset=\"https:\/\/www.bachstrasse6.de\/wp-content\/uploads\/2020\/01\/2020wlsrz15-300x225.jpg 300w, https:\/\/www.bachstrasse6.de\/wp-content\/uploads\/2020\/01\/2020wlsrz15.jpg 600w\" sizes=\"auto, (max-width: 300px) 100vw, 300px\" \/><figcaption>Marco Frei beim 15 km Lauf der Winterlaufserie 2020 in Rheinzabern<br><br><\/figcaption><\/figure><\/div>\n","protected":false},"excerpt":{"rendered":"<p>Training ist ja recht und sch\u00f6n, doch ein Duell im Wettkampf ist eben durch nichts zu ersetzen. Deshalb starten wir auch wann immer es m\u00f6glich ist bei offiziellen Wettk\u00e4mpfen in unserer Umgebung. Hier die Ergebnisse des Jahres 2020: 38. Winterlaufserie, 12.01.20, Rheinzabern, 15 km, 910 TeilnehmerMarco Frei 69:25 min. (409), Lothar Becht 71:29 min. (466)7. [&hellip;]<\/p>\n","protected":false},"author":2,"featured_media":0,"parent":9,"menu_order":0,"comment_status":"closed","ping_status":"closed","template":"","meta":{"footnotes":""},"class_list":["post-2988","page","type-page","status-publish","hentry"],"_links":{"self":[{"href":"https:\/\/www.bachstrasse6.de\/index.php?rest_route=\/wp\/v2\/pages\/2988","targetHints":{"allow":["GET"]}}],"collection":[{"href":"https:\/\/www.bachstrasse6.de\/index.php?rest_route=\/wp\/v2\/pages"}],"about":[{"href":"https:\/\/www.bachstrasse6.de\/index.php?rest_route=\/wp\/v2\/types\/page"}],"author":[{"embeddable":true,"href":"https:\/\/www.bachstrasse6.de\/index.php?rest_route=\/wp\/v2\/users\/2"}],"replies":[{"embeddable":true,"href":"https:\/\/www.bachstrasse6.de\/index.php?rest_route=%2Fwp%2Fv2%2Fcomments&post=2988"}],"version-history":[{"count":9,"href":"https:\/\/www.bachstrasse6.de\/index.php?rest_route=\/wp\/v2\/pages\/2988\/revisions"}],"predecessor-version":[{"id":3111,"href":"https:\/\/www.bachstrasse6.de\/index.php?rest_route=\/wp\/v2\/pages\/2988\/revisions\/3111"}],"up":[{"embeddable":true,"href":"https:\/\/www.bachstrasse6.de\/index.php?rest_route=\/wp\/v2\/pages\/9"}],"wp:attachment":[{"href":"https:\/\/www.bachstrasse6.de\/index.php?rest_route=%2Fwp%2Fv2%2Fmedia&parent=2988"}],"curies":[{"name":"wp","href":"https:\/\/api.w.org\/{rel}","templated":true}]}}