{"id":2941,"date":"2019-03-17T16:00:33","date_gmt":"2019-03-17T14:00:33","guid":{"rendered":"http:\/\/www.bachstrasse6.de\/?page_id=2941"},"modified":"2019-10-13T21:39:08","modified_gmt":"2019-10-13T19:39:08","slug":"laufergebnisse-2019","status":"publish","type":"page","link":"https:\/\/www.bachstrasse6.de\/?page_id=2941","title":{"rendered":"Laufergebnisse 2019"},"content":{"rendered":"<p>Training ist ja recht und sch\u00f6n, doch ein Duell im Wettkampf ist eben durch nichts zu ersetzen. Deshalb starten wir auch wann immer es m\u00f6glich ist bei offiziellen Wettk\u00e4mpfen in unserer Umgebung. Hier die Ergebnisse des Jahres 2019:<\/p>\n<p><strong>16. Ri\u00dfnertlauf<\/strong>, 17.03.19, Karlsruhe-R\u00fcppurr, 15 km, 364 Teilnehmer<br \/>\nMarco Frei 71:44 min. (103), Lothar Becht 72:15 min. (107)<br \/>\n<strong>38. Heidelberger Halbmarathon<\/strong>, 07.04.19, Heidelberg, 21,1 km, 3.159 Teilnehmer<br \/>\nMarco Frei 1:48:50 h (781), Martin Nelius 2:13:39 h (2386)<br \/>\n<strong>32. Neureuter Volkslauf<\/strong>, 14.04.19, Karlsruhe-Neureut, 10 km, 260 Teilnehmer<br \/>\nMarco Frei 45:45 min. (87)<br \/>\n<strong>17. Illinger L\u00e4ufe,<\/strong> 28.04.19, Illingen, 10 km, 219 Teilnehmer<br \/>\nMarco Frei 46:05 min. (69)<br \/>\n<strong>19. Trollinger-Marathon<\/strong>, 05.05.19, Heilbronn, 21,1 km, 3.790 Teilnehmer<br \/>\nMarco Frei 1:40:25 h (469)<br \/>\n<strong>2. Gengenbachtallauf,<\/strong> 11.05.19, Stein, 10 km, 128 Teilnehmer<br \/>\nMarco Frei 46:25 min. (24)<br \/>\n<strong>5. Keibellauf<\/strong>, 22.06.19, Huchenfeld, 5,2 km, 126 Teilnehmer<br \/>\nMarco Frei 24:40 min. (40)<br \/>\n<strong>Citylauf<\/strong>, 07.07.19, Pforzheim, 9,1 km, 603 Teilnehmer<br \/>\nMarco Frei 42:36 min. (132)<br \/>\n<strong>6. Ranntallauf<\/strong>, 20.07.19, N\u00f6ttingen, 10 km, 124 Teilnehmer<br \/>\nMarco Frei 48:39 min. (47)<br \/>\n<strong>12. Ettlinger Halbmarathon, <\/strong>03.08.19, Ettlingen, 21,1 km, 525 Teilnehmer<br \/>\nMichael Popp 1:41:40 h (73)<strong><br \/>\n14. Lu\u00dfhardtlauf<\/strong>, 18.08.19, Hambr\u00fccken, 21,1 km, 230 Teilnehmer<br \/>\nMarco Frei 1:43:30 h (76)<br \/>\n<strong>S\u00fcdpfalzlauf<\/strong>, 01.09.19, R\u00fclzheim, 21,1 km, 120 Teilnehmer<br \/>\nMarco Frei 1:42:20 h (38), Lothar Becht 1:49:34 h (67)<br \/>\n<strong>37. Baden-Marathon<\/strong>, 22.09.19, Karlsruhe, 21,1 km, 4.211 Teilnehmer<br \/>\nMarco Frei 1:39:45 h (671)<br \/>\n<strong>4. Zementwerklauf<\/strong>, 29.09.19, W\u00f6ssingen, 10 km, 89 Teilnehmer<br \/>\nMarco Frei 47:02 min. (18), Lothar Becht 50:14 min. (25)<br \/>\n<strong>25. Volkslauf Serres<\/strong>, 03.10.19, Serres, 10 km, 163 Teilnehmer<br \/>\nMarco Frei 46:22 min. (42)<br \/>\n<strong>34. Hardtwaldlauf, <\/strong>13.10.19, Karlsruhe, 10 km, 312 Teilnehmer<br \/>\nMarco Frei 44:18 min. (76),\u00a0 Christine Frei 56:33 min. (222)<\/p>\n<div id=\"attachment_2948\" style=\"width: 310px\" class=\"wp-caption alignnone\"><a href=\"http:\/\/www.bachstrasse6.de\/wp-content\/uploads\/2019\/04\/2019hmhd.jpg\"><img loading=\"lazy\" decoding=\"async\" aria-describedby=\"caption-attachment-2948\" class=\"size-medium wp-image-2948\" src=\"http:\/\/www.bachstrasse6.de\/wp-content\/uploads\/2019\/04\/2019hmhd-300x225.jpg\" alt=\"\" width=\"300\" height=\"225\" srcset=\"https:\/\/www.bachstrasse6.de\/wp-content\/uploads\/2019\/04\/2019hmhd-300x225.jpg 300w, https:\/\/www.bachstrasse6.de\/wp-content\/uploads\/2019\/04\/2019hmhd-768x576.jpg 768w, https:\/\/www.bachstrasse6.de\/wp-content\/uploads\/2019\/04\/2019hmhd-1024x768.jpg 1024w, https:\/\/www.bachstrasse6.de\/wp-content\/uploads\/2019\/04\/2019hmhd.jpg 1600w\" sizes=\"auto, (max-width: 300px) 100vw, 300px\" \/><\/a><p id=\"caption-attachment-2948\" class=\"wp-caption-text\">Martin Nelius und Marco Frei vor dem Heidelberger Halbmarathon 2019<\/p><\/div>\n<div id=\"attachment_2956\" style=\"width: 310px\" class=\"wp-caption alignnone\"><a href=\"http:\/\/www.bachstrasse6.de\/wp-content\/uploads\/2019\/05\/2019gbtl.jpg\"><img loading=\"lazy\" decoding=\"async\" aria-describedby=\"caption-attachment-2956\" class=\"size-medium wp-image-2956\" src=\"http:\/\/www.bachstrasse6.de\/wp-content\/uploads\/2019\/05\/2019gbtl-300x200.jpg\" alt=\"\" width=\"300\" height=\"200\" srcset=\"https:\/\/www.bachstrasse6.de\/wp-content\/uploads\/2019\/05\/2019gbtl-300x200.jpg 300w, https:\/\/www.bachstrasse6.de\/wp-content\/uploads\/2019\/05\/2019gbtl-768x512.jpg 768w, https:\/\/www.bachstrasse6.de\/wp-content\/uploads\/2019\/05\/2019gbtl.jpg 800w\" sizes=\"auto, (max-width: 300px) 100vw, 300px\" \/><\/a><p id=\"caption-attachment-2956\" class=\"wp-caption-text\">Marco Frei beim Gengenbachtallauf 2019 in Stein<\/p><\/div>\n<div id=\"attachment_2969\" style=\"width: 235px\" class=\"wp-caption alignnone\"><a href=\"http:\/\/www.bachstrasse6.de\/wp-content\/uploads\/2019\/09\/2019klhu-e1569652205345.jpg\"><img loading=\"lazy\" decoding=\"async\" aria-describedby=\"caption-attachment-2969\" class=\"wp-image-2969 size-medium\" src=\"http:\/\/www.bachstrasse6.de\/wp-content\/uploads\/2019\/09\/2019klhu-e1569652205345-225x300.jpg\" alt=\"\" width=\"225\" height=\"300\" srcset=\"https:\/\/www.bachstrasse6.de\/wp-content\/uploads\/2019\/09\/2019klhu-e1569652205345-225x300.jpg 225w, https:\/\/www.bachstrasse6.de\/wp-content\/uploads\/2019\/09\/2019klhu-e1569652205345.jpg 480w\" sizes=\"auto, (max-width: 225px) 100vw, 225px\" \/><\/a><p id=\"caption-attachment-2969\" class=\"wp-caption-text\">Marco Frei mit dem TV N\u00f6ttingen beim Keibellauf 2019 in Huchenfeld<\/p><\/div>\n<div id=\"attachment_2970\" style=\"width: 310px\" class=\"wp-caption alignnone\"><a href=\"http:\/\/www.bachstrasse6.de\/wp-content\/uploads\/2019\/09\/2019rtl2.jpg\"><img loading=\"lazy\" decoding=\"async\" aria-describedby=\"caption-attachment-2970\" class=\"size-medium wp-image-2970\" src=\"http:\/\/www.bachstrasse6.de\/wp-content\/uploads\/2019\/09\/2019rtl2-300x169.jpg\" alt=\"\" width=\"300\" height=\"169\" srcset=\"https:\/\/www.bachstrasse6.de\/wp-content\/uploads\/2019\/09\/2019rtl2-300x169.jpg 300w, https:\/\/www.bachstrasse6.de\/wp-content\/uploads\/2019\/09\/2019rtl2-768x432.jpg 768w, https:\/\/www.bachstrasse6.de\/wp-content\/uploads\/2019\/09\/2019rtl2-1024x576.jpg 1024w, https:\/\/www.bachstrasse6.de\/wp-content\/uploads\/2019\/09\/2019rtl2.jpg 1920w\" sizes=\"auto, (max-width: 300px) 100vw, 300px\" \/><\/a><p id=\"caption-attachment-2970\" class=\"wp-caption-text\">Marco Frei beim Ranntallauf 2019 in N\u00f6ttingen<\/p><\/div>\n<div id=\"attachment_2972\" style=\"width: 310px\" class=\"wp-caption alignnone\"><a href=\"http:\/\/www.bachstrasse6.de\/wp-content\/uploads\/2019\/09\/2019lhlhb2.jpg\"><img loading=\"lazy\" decoding=\"async\" aria-describedby=\"caption-attachment-2972\" class=\"size-medium wp-image-2972\" src=\"http:\/\/www.bachstrasse6.de\/wp-content\/uploads\/2019\/09\/2019lhlhb2-300x200.jpg\" alt=\"\" width=\"300\" height=\"200\" srcset=\"https:\/\/www.bachstrasse6.de\/wp-content\/uploads\/2019\/09\/2019lhlhb2-300x200.jpg 300w, https:\/\/www.bachstrasse6.de\/wp-content\/uploads\/2019\/09\/2019lhlhb2-768x512.jpg 768w, https:\/\/www.bachstrasse6.de\/wp-content\/uploads\/2019\/09\/2019lhlhb2-1024x683.jpg 1024w, https:\/\/www.bachstrasse6.de\/wp-content\/uploads\/2019\/09\/2019lhlhb2.jpg 1345w\" sizes=\"auto, (max-width: 300px) 100vw, 300px\" \/><\/a><p id=\"caption-attachment-2972\" class=\"wp-caption-text\">Marco Frei beim Lu\u00dfhardtlauf 2019 in Hambr\u00fccken<\/p><\/div>\n<div id=\"attachment_2971\" style=\"width: 179px\" class=\"wp-caption alignnone\"><a href=\"http:\/\/www.bachstrasse6.de\/wp-content\/uploads\/2019\/09\/2019splrh-e1569652223171.jpg\"><img loading=\"lazy\" decoding=\"async\" aria-describedby=\"caption-attachment-2971\" class=\"size-medium wp-image-2971\" src=\"http:\/\/www.bachstrasse6.de\/wp-content\/uploads\/2019\/09\/2019splrh-e1569652223171-169x300.jpg\" alt=\"\" width=\"169\" height=\"300\" srcset=\"https:\/\/www.bachstrasse6.de\/wp-content\/uploads\/2019\/09\/2019splrh-e1569652223171-169x300.jpg 169w, https:\/\/www.bachstrasse6.de\/wp-content\/uploads\/2019\/09\/2019splrh-e1569652223171-768x1365.jpg 768w, https:\/\/www.bachstrasse6.de\/wp-content\/uploads\/2019\/09\/2019splrh-e1569652223171-576x1024.jpg 576w\" sizes=\"auto, (max-width: 169px) 100vw, 169px\" \/><\/a><p id=\"caption-attachment-2971\" class=\"wp-caption-text\">Thorsten Tjoa und Marco Frei beim S\u00fcdpfalzlauf 2019 in R\u00fclzheim<\/p><\/div>\n<div id=\"attachment_2979\" style=\"width: 210px\" class=\"wp-caption alignnone\"><a href=\"http:\/\/www.bachstrasse6.de\/wp-content\/uploads\/2019\/10\/2019bm2.jpg\"><img loading=\"lazy\" decoding=\"async\" aria-describedby=\"caption-attachment-2979\" class=\"size-medium wp-image-2979\" src=\"http:\/\/www.bachstrasse6.de\/wp-content\/uploads\/2019\/10\/2019bm2-200x300.jpg\" alt=\"\" width=\"200\" height=\"300\" srcset=\"https:\/\/www.bachstrasse6.de\/wp-content\/uploads\/2019\/10\/2019bm2-200x300.jpg 200w, https:\/\/www.bachstrasse6.de\/wp-content\/uploads\/2019\/10\/2019bm2.jpg 683w\" sizes=\"auto, (max-width: 200px) 100vw, 200px\" \/><\/a><p id=\"caption-attachment-2979\" class=\"wp-caption-text\">Marco Frei beim Baden-Marathon 2019 in Karlsruhe<\/p><\/div>\n<div id=\"attachment_2984\" style=\"width: 310px\" class=\"wp-caption alignnone\"><a href=\"http:\/\/www.bachstrasse6.de\/wp-content\/uploads\/2019\/10\/2019hwl-e1570995527125.jpg\"><img loading=\"lazy\" decoding=\"async\" aria-describedby=\"caption-attachment-2984\" class=\"size-medium wp-image-2984\" src=\"http:\/\/www.bachstrasse6.de\/wp-content\/uploads\/2019\/10\/2019hwl-e1570995527125-300x225.jpg\" alt=\"\" width=\"300\" height=\"225\" srcset=\"https:\/\/www.bachstrasse6.de\/wp-content\/uploads\/2019\/10\/2019hwl-e1570995527125-300x225.jpg 300w, https:\/\/www.bachstrasse6.de\/wp-content\/uploads\/2019\/10\/2019hwl-e1570995527125-768x576.jpg 768w, https:\/\/www.bachstrasse6.de\/wp-content\/uploads\/2019\/10\/2019hwl-e1570995527125-1024x768.jpg 1024w\" sizes=\"auto, (max-width: 300px) 100vw, 300px\" \/><\/a><p id=\"caption-attachment-2984\" class=\"wp-caption-text\">Christine &amp; Marco Frei nach dem Hardtwaldlauf 2019 in Karlsruhe<\/p><\/div>\n","protected":false},"excerpt":{"rendered":"<p>Training ist ja recht und sch\u00f6n, doch ein Duell im Wettkampf ist eben durch nichts zu ersetzen. Deshalb starten wir auch wann immer es m\u00f6glich ist bei offiziellen Wettk\u00e4mpfen in unserer Umgebung. Hier die Ergebnisse des Jahres 2019: 16. Ri\u00dfnertlauf, 17.03.19, Karlsruhe-R\u00fcppurr, 15 km, 364 Teilnehmer Marco Frei 71:44 min. (103), Lothar Becht 72:15 min. [&hellip;]<\/p>\n","protected":false},"author":2,"featured_media":0,"parent":9,"menu_order":0,"comment_status":"closed","ping_status":"closed","template":"","meta":{"footnotes":""},"class_list":["post-2941","page","type-page","status-publish","hentry"],"_links":{"self":[{"href":"https:\/\/www.bachstrasse6.de\/index.php?rest_route=\/wp\/v2\/pages\/2941","targetHints":{"allow":["GET"]}}],"collection":[{"href":"https:\/\/www.bachstrasse6.de\/index.php?rest_route=\/wp\/v2\/pages"}],"about":[{"href":"https:\/\/www.bachstrasse6.de\/index.php?rest_route=\/wp\/v2\/types\/page"}],"author":[{"embeddable":true,"href":"https:\/\/www.bachstrasse6.de\/index.php?rest_route=\/wp\/v2\/users\/2"}],"replies":[{"embeddable":true,"href":"https:\/\/www.bachstrasse6.de\/index.php?rest_route=%2Fwp%2Fv2%2Fcomments&post=2941"}],"version-history":[{"count":19,"href":"https:\/\/www.bachstrasse6.de\/index.php?rest_route=\/wp\/v2\/pages\/2941\/revisions"}],"predecessor-version":[{"id":2986,"href":"https:\/\/www.bachstrasse6.de\/index.php?rest_route=\/wp\/v2\/pages\/2941\/revisions\/2986"}],"up":[{"embeddable":true,"href":"https:\/\/www.bachstrasse6.de\/index.php?rest_route=\/wp\/v2\/pages\/9"}],"wp:attachment":[{"href":"https:\/\/www.bachstrasse6.de\/index.php?rest_route=%2Fwp%2Fv2%2Fmedia&parent=2941"}],"curies":[{"name":"wp","href":"https:\/\/api.w.org\/{rel}","templated":true}]}}