{"id":2866,"date":"2018-01-01T10:32:07","date_gmt":"2018-01-01T08:32:07","guid":{"rendered":"http:\/\/www.bachstrasse6.de\/?page_id=2866"},"modified":"2018-10-14T18:23:10","modified_gmt":"2018-10-14T16:23:10","slug":"laufergebnisse-2018","status":"publish","type":"page","link":"https:\/\/www.bachstrasse6.de\/?page_id=2866","title":{"rendered":"Laufergebnisse 2018"},"content":{"rendered":"<p>Training ist ja recht und sch\u00f6n, doch ein Duell im Wettkampf ist eben durch nichts zu ersetzen. Deshalb starten wir auch wann immer es m\u00f6glich ist bei offiziellen Wettk\u00e4mpfen in unserer Umgebung. Hier die Ergebnisse des Jahres 2018:<\/p>\n<p><strong>45. Osterlauf, <\/strong>31.03.18, Rheinzabern, 21,1 km, 202 Teilnehmer<br \/>\nSiegfried Lamprecht 2:05:43 h (181)<br \/>\n<strong>13. Stutenseer Stadtlauf,<\/strong> 08.04.18, Blankenloch, 10 km, 235 Teilnehmer<br \/>\nMarco Frei 46:51 min. (72)<br \/>\n<strong>37. Heidelberger Halbmarathon<\/strong>, 22.04.18, Heidelberg, 21,1 km, 3.163 Teilnehmer<br \/>\nMarco Frei 1:54:51 h (1012), Martin Nelius 2:31:14 h (2847)<br \/>\n<strong>16. Illinger L\u00e4ufe,<\/strong> 29.04.18, Illingen, 10 km, 164 Teilnehmer<br \/>\nMarco Frei 47:57 min. (47)<br \/>\n<strong>18. Trollinger-Marathon<\/strong>, 06.05.18, Heilbronn, 21,1 km, 3.801 Teilnehmer<br \/>\nMarco Frei 1:44:53 h (518), Siegfried Lamprecht 2:09:24 h (2210)<br \/>\n<strong>28. Himmelfahrtslauf<\/strong>, 10.05.18, W\u00f6ssingen, 10 km, 153 Teilnehmer<br \/>\nMarco Frei 46:59 min. (37), Lothar Becht 47:49 min. (45)<br \/>\n<strong>33. Volkslauf B\u00fcchig<\/strong>, 08.07.18, B\u00fcchig, 10 km, 160 Teilnehmer<br \/>\nMarco Frei 46:37 min. (50)<br \/>\n<strong>5. Ranntallauf<\/strong>, 21.07.18, N\u00f6ttingen, 10 km, 128 Teilnehmer<br \/>\nLothar Becht 47:10 min. (48), Marco Frei 47:26 min. (49)<br \/>\n<strong>3. Zementwerklauf<\/strong>, 15.09.18, W\u00f6ssingen, 10 km, 51 Teilnehmer<br \/>\nMarco Frei 48:17 min. (14), Lothar Becht 48:35 min. (15), Bernhard Frey 55:09 min. (32)<br \/>\n<strong>36. Baden-Marathon<\/strong>, 23.09.18, Karlsruhe, 21,1 km, 4.255 Teilnehmer<br \/>\nMichael Popp 1:37:12 h (361), Marco Frei 1:43:10 h (689), Lothar Becht 1:45:29 h (849)<br \/>\n<strong>24. Volkslauf Serres<\/strong>, 03.10.18, Serres, 10 km, 195 Teilnehmer<br \/>\nMarco Frei 47:42 min. (51), Lothar Becht 48:04 (56)<br \/>\n<strong>26. Turmberglauf<\/strong>, 06.10.18, Durlach, 10 km, 491 Teilnehmer<br \/>\nMarco Frei 46:40 min. (117)<br \/>\n<strong>33. Hardtwaldlauf, <\/strong>14.10.18, Karlsruhe, 10 km, 269 Teilnehmer<br \/>\nMarco Frei 45:09 min. (50), Sabine Maag 47:03 min. (75), Christine Frei 57:00 min. (197)<\/p>\n<p>&nbsp;<\/p>\n<div id=\"attachment_2901\" style=\"width: 310px\" class=\"wp-caption alignnone\"><a href=\"http:\/\/www.bachstrasse6.de\/wp-content\/uploads\/2018\/04\/2018hmhd1.jpg\"><img loading=\"lazy\" decoding=\"async\" aria-describedby=\"caption-attachment-2901\" class=\"size-medium wp-image-2901\" src=\"http:\/\/www.bachstrasse6.de\/wp-content\/uploads\/2018\/04\/2018hmhd1-300x225.jpg\" alt=\"\" width=\"300\" height=\"225\" srcset=\"https:\/\/www.bachstrasse6.de\/wp-content\/uploads\/2018\/04\/2018hmhd1-300x225.jpg 300w, https:\/\/www.bachstrasse6.de\/wp-content\/uploads\/2018\/04\/2018hmhd1-768x576.jpg 768w, https:\/\/www.bachstrasse6.de\/wp-content\/uploads\/2018\/04\/2018hmhd1-1024x768.jpg 1024w, https:\/\/www.bachstrasse6.de\/wp-content\/uploads\/2018\/04\/2018hmhd1.jpg 2016w\" sizes=\"auto, (max-width: 300px) 100vw, 300px\" \/><\/a><p id=\"caption-attachment-2901\" class=\"wp-caption-text\">Martin Nelius und Marco Frei vor dem Heidelberger Halbmarathon 2018<\/p><\/div>\n<p>&nbsp;<\/p>\n<div id=\"attachment_2920\" style=\"width: 179px\" class=\"wp-caption alignnone\"><a href=\"http:\/\/www.bachstrasse6.de\/wp-content\/uploads\/2018\/07\/IMG-20180721-WA0002.jpg\"><img loading=\"lazy\" decoding=\"async\" aria-describedby=\"caption-attachment-2920\" class=\"size-medium wp-image-2920\" src=\"http:\/\/www.bachstrasse6.de\/wp-content\/uploads\/2018\/07\/IMG-20180721-WA0002-169x300.jpg\" alt=\"\" width=\"169\" height=\"300\" srcset=\"https:\/\/www.bachstrasse6.de\/wp-content\/uploads\/2018\/07\/IMG-20180721-WA0002-169x300.jpg 169w, https:\/\/www.bachstrasse6.de\/wp-content\/uploads\/2018\/07\/IMG-20180721-WA0002-768x1365.jpg 768w, https:\/\/www.bachstrasse6.de\/wp-content\/uploads\/2018\/07\/IMG-20180721-WA0002-576x1024.jpg 576w, https:\/\/www.bachstrasse6.de\/wp-content\/uploads\/2018\/07\/IMG-20180721-WA0002.jpg 900w\" sizes=\"auto, (max-width: 169px) 100vw, 169px\" \/><\/a><p id=\"caption-attachment-2920\" class=\"wp-caption-text\">Marco Frei beim Ranntallauf 2018 in N\u00f6ttingen<\/p><\/div>\n<p>&nbsp;<\/p>\n<div id=\"attachment_2926\" style=\"width: 210px\" class=\"wp-caption alignnone\"><a href=\"http:\/\/www.bachstrasse6.de\/wp-content\/uploads\/2018\/09\/2018bmka.jpg\"><img loading=\"lazy\" decoding=\"async\" aria-describedby=\"caption-attachment-2926\" class=\"size-medium wp-image-2926\" src=\"http:\/\/www.bachstrasse6.de\/wp-content\/uploads\/2018\/09\/2018bmka-200x300.jpg\" alt=\"\" width=\"200\" height=\"300\" srcset=\"https:\/\/www.bachstrasse6.de\/wp-content\/uploads\/2018\/09\/2018bmka-200x300.jpg 200w, https:\/\/www.bachstrasse6.de\/wp-content\/uploads\/2018\/09\/2018bmka.jpg 684w\" sizes=\"auto, (max-width: 200px) 100vw, 200px\" \/><\/a><p id=\"caption-attachment-2926\" class=\"wp-caption-text\">Marco Frei beim Baden-Marathon Karlsruhe 2018<\/p><\/div>\n<div id=\"attachment_2928\" style=\"width: 179px\" class=\"wp-caption alignnone\"><a href=\"http:\/\/www.bachstrasse6.de\/wp-content\/uploads\/2018\/10\/2018hgls-e1538579393782.jpg\"><img loading=\"lazy\" decoding=\"async\" aria-describedby=\"caption-attachment-2928\" class=\"size-medium wp-image-2928\" src=\"http:\/\/www.bachstrasse6.de\/wp-content\/uploads\/2018\/10\/2018hgls-e1538579393782-169x300.jpg\" alt=\"\" width=\"169\" height=\"300\" srcset=\"https:\/\/www.bachstrasse6.de\/wp-content\/uploads\/2018\/10\/2018hgls-e1538579393782-169x300.jpg 169w, https:\/\/www.bachstrasse6.de\/wp-content\/uploads\/2018\/10\/2018hgls-e1538579393782-768x1365.jpg 768w, https:\/\/www.bachstrasse6.de\/wp-content\/uploads\/2018\/10\/2018hgls-e1538579393782-576x1024.jpg 576w\" sizes=\"auto, (max-width: 169px) 100vw, 169px\" \/><\/a><p id=\"caption-attachment-2928\" class=\"wp-caption-text\">Lothar Becht und Marco Frei beim Heckeng\u00e4u-Volkslauf Serres 2018<\/p><\/div>\n<p>&nbsp;<\/p>\n<div id=\"attachment_2932\" style=\"width: 310px\" class=\"wp-caption alignnone\"><a href=\"http:\/\/www.bachstrasse6.de\/wp-content\/uploads\/2018\/10\/2018tbld.jpg\"><img loading=\"lazy\" decoding=\"async\" aria-describedby=\"caption-attachment-2932\" class=\"size-medium wp-image-2932\" src=\"http:\/\/www.bachstrasse6.de\/wp-content\/uploads\/2018\/10\/2018tbld-300x200.jpg\" alt=\"\" width=\"300\" height=\"200\" srcset=\"https:\/\/www.bachstrasse6.de\/wp-content\/uploads\/2018\/10\/2018tbld-300x200.jpg 300w, https:\/\/www.bachstrasse6.de\/wp-content\/uploads\/2018\/10\/2018tbld-768x512.jpg 768w, https:\/\/www.bachstrasse6.de\/wp-content\/uploads\/2018\/10\/2018tbld-1024x683.jpg 1024w\" sizes=\"auto, (max-width: 300px) 100vw, 300px\" \/><\/a><p id=\"caption-attachment-2932\" class=\"wp-caption-text\">Marco Frei beim Turmberglauf Durlach 2018<\/p><\/div>\n<p>&nbsp;<\/p>\n<div id=\"attachment_2934\" style=\"width: 235px\" class=\"wp-caption alignnone\"><a href=\"http:\/\/www.bachstrasse6.de\/wp-content\/uploads\/2018\/10\/IMG-20181014-WA0008.jpg\"><img loading=\"lazy\" decoding=\"async\" aria-describedby=\"caption-attachment-2934\" class=\"size-medium wp-image-2934\" src=\"http:\/\/www.bachstrasse6.de\/wp-content\/uploads\/2018\/10\/IMG-20181014-WA0008-225x300.jpg\" alt=\"\" width=\"225\" height=\"300\" srcset=\"https:\/\/www.bachstrasse6.de\/wp-content\/uploads\/2018\/10\/IMG-20181014-WA0008-225x300.jpg 225w, https:\/\/www.bachstrasse6.de\/wp-content\/uploads\/2018\/10\/IMG-20181014-WA0008-768x1024.jpg 768w, https:\/\/www.bachstrasse6.de\/wp-content\/uploads\/2018\/10\/IMG-20181014-WA0008.jpg 1080w\" sizes=\"auto, (max-width: 225px) 100vw, 225px\" \/><\/a><p id=\"caption-attachment-2934\" class=\"wp-caption-text\">Christine Frei beim Hardtwaldlauf 2018 in Karlsruhe<\/p><\/div>\n<p>&nbsp;<\/p>\n<div id=\"attachment_2935\" style=\"width: 235px\" class=\"wp-caption alignnone\"><a href=\"http:\/\/www.bachstrasse6.de\/wp-content\/uploads\/2018\/10\/IMG-20181014-WA0009.jpg\"><img loading=\"lazy\" decoding=\"async\" aria-describedby=\"caption-attachment-2935\" class=\"size-medium wp-image-2935\" src=\"http:\/\/www.bachstrasse6.de\/wp-content\/uploads\/2018\/10\/IMG-20181014-WA0009-225x300.jpg\" alt=\"\" width=\"225\" height=\"300\" srcset=\"https:\/\/www.bachstrasse6.de\/wp-content\/uploads\/2018\/10\/IMG-20181014-WA0009-225x300.jpg 225w, https:\/\/www.bachstrasse6.de\/wp-content\/uploads\/2018\/10\/IMG-20181014-WA0009-768x1024.jpg 768w, https:\/\/www.bachstrasse6.de\/wp-content\/uploads\/2018\/10\/IMG-20181014-WA0009.jpg 1080w\" sizes=\"auto, (max-width: 225px) 100vw, 225px\" \/><\/a><p id=\"caption-attachment-2935\" class=\"wp-caption-text\">Marco Frei beim Hardtwaldlauf 2018 in Karlsruhe<\/p><\/div>\n","protected":false},"excerpt":{"rendered":"<p>Training ist ja recht und sch\u00f6n, doch ein Duell im Wettkampf ist eben durch nichts zu ersetzen. Deshalb starten wir auch wann immer es m\u00f6glich ist bei offiziellen Wettk\u00e4mpfen in unserer Umgebung. Hier die Ergebnisse des Jahres 2018: 45. Osterlauf, 31.03.18, Rheinzabern, 21,1 km, 202 Teilnehmer Siegfried Lamprecht 2:05:43 h (181) 13. Stutenseer Stadtlauf, 08.04.18, [&hellip;]<\/p>\n","protected":false},"author":2,"featured_media":0,"parent":9,"menu_order":0,"comment_status":"closed","ping_status":"closed","template":"","meta":{"footnotes":""},"class_list":["post-2866","page","type-page","status-publish","hentry"],"_links":{"self":[{"href":"https:\/\/www.bachstrasse6.de\/index.php?rest_route=\/wp\/v2\/pages\/2866","targetHints":{"allow":["GET"]}}],"collection":[{"href":"https:\/\/www.bachstrasse6.de\/index.php?rest_route=\/wp\/v2\/pages"}],"about":[{"href":"https:\/\/www.bachstrasse6.de\/index.php?rest_route=\/wp\/v2\/types\/page"}],"author":[{"embeddable":true,"href":"https:\/\/www.bachstrasse6.de\/index.php?rest_route=\/wp\/v2\/users\/2"}],"replies":[{"embeddable":true,"href":"https:\/\/www.bachstrasse6.de\/index.php?rest_route=%2Fwp%2Fv2%2Fcomments&post=2866"}],"version-history":[{"count":20,"href":"https:\/\/www.bachstrasse6.de\/index.php?rest_route=\/wp\/v2\/pages\/2866\/revisions"}],"predecessor-version":[{"id":2936,"href":"https:\/\/www.bachstrasse6.de\/index.php?rest_route=\/wp\/v2\/pages\/2866\/revisions\/2936"}],"up":[{"embeddable":true,"href":"https:\/\/www.bachstrasse6.de\/index.php?rest_route=\/wp\/v2\/pages\/9"}],"wp:attachment":[{"href":"https:\/\/www.bachstrasse6.de\/index.php?rest_route=%2Fwp%2Fv2%2Fmedia&parent=2866"}],"curies":[{"name":"wp","href":"https:\/\/api.w.org\/{rel}","templated":true}]}}