{"id":2739,"date":"2017-05-01T08:46:16","date_gmt":"2017-05-01T06:46:16","guid":{"rendered":"http:\/\/www.bachstrasse6.de\/?page_id=2739"},"modified":"2018-01-03T18:32:49","modified_gmt":"2018-01-03T16:32:49","slug":"laufergebnisse-2017","status":"publish","type":"page","link":"https:\/\/www.bachstrasse6.de\/?page_id=2739","title":{"rendered":"Laufergebnisse 2017"},"content":{"rendered":"<p>Training ist ja recht und sch\u00f6n, doch ein Duell im Wettkampf ist eben durch nichts zu ersetzen. Deshalb starten wir auch wann immer es m\u00f6glich ist bei offiziellen Wettk\u00e4mpfen in unserer Umgebung. Hier die Ergebnisse des Jahres 2017:<\/p>\n<p><strong>44. Osterlauf, <\/strong>15.04.17, Rheinzabern, 21,1 km, 293 Teilnehmer<br \/>\nSiegfried Lamprecht 1:57:11 h (246)<strong><br \/>\n36. Heidelberger Halbmarathon<\/strong>, 30.04.17, Heidelberg, 21,1 km, 3.360 Teilnehmer<br \/>\nMarco Frei 1:49:49 h (914), Martin Nelius 2:20:15 h (2842)<br \/>\n<strong>17. Trollinger-Marathon<\/strong>, 07.05.17, Heilbronn, 21,1 km, 3.867 Teilnehmer<br \/>\nMarco Frei 1:42:52 h (599), Siegfried Lamprecht 1:57:02 h (1729)<br \/>\n<strong>27. Himmelfahrtslauf<\/strong>, 25.05.17, W\u00f6ssingen, 10 km, 217 Teilnehmer<br \/>\nMarco Frei 49:26 min. (77), Lothar Becht 49:51 min. (83)<br \/>\n<strong>7. 10 km L&#8217;\u00c9quipe Paris<\/strong>, 11.06.17, Paris, 10 km, 15.756 Teilnehmer<br \/>\nMarco Frei 46:34 min. (2858)<br \/>\n<strong>4. Ranntallauf<\/strong>, 01.07.17, N\u00f6ttingen, 10 km, 121 Teilnehmer<br \/>\nMarco Frei 46:26 min. (51), Lothar Becht 48:51 min. (71)<br \/>\n<strong>35. Baden-Marathon<\/strong>, 17.09.17, Karlsruhe, 21,1 km, 3.353 Teilnehmer<br \/>\nMichael Popp 1:39:00 h (472), Marco Frei 1:42:44 h (690), Lothar Becht 1:51:20 h (1258), Siegfried Lamprecht 1:55:02 h (1584)<br \/>\nMannschaftswertung: 5:16:46 h 74. von 242<br \/>\n<strong>23. Volkslauf Serres<\/strong>, 03.10.17, Serres, 10 km, 190 Teilnehmer<br \/>\nMarco Frei 47:34 min. (57), Lothar Becht 50:42 (81)<br \/>\n<strong>32. Hardtwaldlauf, <\/strong>08.10.17, Karlsruhe, 10 km, 467 Teilnehmer<br \/>\nMarco Frei 44:45 min. (112), Tobias Wendel 50:26 min. (225)<br \/>\n<strong>30. Forchheimer Silvesterlauf<\/strong>, 31.12.17, Forchheim, 10 km, 652 Teilnehmer<br \/>\nMarco Frei 46:39 min. (159), Lothar Becht 48:37 min. (206)<\/p>\n<p>&nbsp;<\/p>\n<div id=\"attachment_2775\" style=\"width: 310px\" class=\"wp-caption alignnone\"><img loading=\"lazy\" decoding=\"async\" aria-describedby=\"caption-attachment-2775\" class=\"size-medium wp-image-2775\" src=\"http:\/\/www.bachstrasse6.de\/wp-content\/uploads\/2017\/05\/2017hhm-300x169.jpg\" alt=\"\" width=\"300\" height=\"169\" srcset=\"https:\/\/www.bachstrasse6.de\/wp-content\/uploads\/2017\/05\/2017hhm-300x169.jpg 300w, https:\/\/www.bachstrasse6.de\/wp-content\/uploads\/2017\/05\/2017hhm-768x432.jpg 768w, https:\/\/www.bachstrasse6.de\/wp-content\/uploads\/2017\/05\/2017hhm-1024x576.jpg 1024w, https:\/\/www.bachstrasse6.de\/wp-content\/uploads\/2017\/05\/2017hhm.jpg 1280w\" sizes=\"auto, (max-width: 300px) 100vw, 300px\" \/><p id=\"caption-attachment-2775\" class=\"wp-caption-text\">Martin Nelius und Marco Frei vor dem Heidelberger Halbmarathon 2017<\/p><\/div>\n<p>&nbsp;<\/p>\n<div id=\"attachment_2764\" style=\"width: 310px\" class=\"wp-caption alignnone\"><img loading=\"lazy\" decoding=\"async\" aria-describedby=\"caption-attachment-2764\" class=\"size-medium wp-image-2764\" src=\"http:\/\/www.bachstrasse6.de\/wp-content\/uploads\/2017\/05\/2017tmhn-300x200.jpg\" alt=\"\" width=\"300\" height=\"200\" srcset=\"https:\/\/www.bachstrasse6.de\/wp-content\/uploads\/2017\/05\/2017tmhn-300x200.jpg 300w, https:\/\/www.bachstrasse6.de\/wp-content\/uploads\/2017\/05\/2017tmhn-768x512.jpg 768w, https:\/\/www.bachstrasse6.de\/wp-content\/uploads\/2017\/05\/2017tmhn-1024x682.jpg 1024w, https:\/\/www.bachstrasse6.de\/wp-content\/uploads\/2017\/05\/2017tmhn.jpg 1036w\" sizes=\"auto, (max-width: 300px) 100vw, 300px\" \/><p id=\"caption-attachment-2764\" class=\"wp-caption-text\">Marco Frei beim Trollinger-Marathon 2017 in Heilbronn<\/p><\/div>\n<p>&nbsp;<\/p>\n<div id=\"attachment_2784\" style=\"width: 310px\" class=\"wp-caption alignnone\"><img loading=\"lazy\" decoding=\"async\" aria-describedby=\"caption-attachment-2784\" class=\"wp-image-2784 size-medium\" src=\"http:\/\/www.bachstrasse6.de\/wp-content\/uploads\/2017\/05\/2017hlw\u00f6-300x200.jpg\" alt=\"\" width=\"300\" height=\"200\" srcset=\"https:\/\/www.bachstrasse6.de\/wp-content\/uploads\/2017\/05\/2017hlw\u00f6-300x200.jpg 300w, https:\/\/www.bachstrasse6.de\/wp-content\/uploads\/2017\/05\/2017hlw\u00f6-768x512.jpg 768w, https:\/\/www.bachstrasse6.de\/wp-content\/uploads\/2017\/05\/2017hlw\u00f6-1024x683.jpg 1024w, https:\/\/www.bachstrasse6.de\/wp-content\/uploads\/2017\/05\/2017hlw\u00f6.jpg 2048w\" sizes=\"auto, (max-width: 300px) 100vw, 300px\" \/><p id=\"caption-attachment-2784\" class=\"wp-caption-text\">Marco Frei beim Himmelfahrtslauf 2017 in W\u00f6ssingen<\/p><\/div>\n<p>&nbsp;<\/p>\n<div id=\"attachment_2812\" style=\"width: 310px\" class=\"wp-caption alignnone\"><img loading=\"lazy\" decoding=\"async\" aria-describedby=\"caption-attachment-2812\" class=\"size-medium wp-image-2812\" src=\"http:\/\/www.bachstrasse6.de\/wp-content\/uploads\/2017\/05\/2017rtl-300x200.jpg\" alt=\"\" width=\"300\" height=\"200\" srcset=\"https:\/\/www.bachstrasse6.de\/wp-content\/uploads\/2017\/05\/2017rtl-300x200.jpg 300w, https:\/\/www.bachstrasse6.de\/wp-content\/uploads\/2017\/05\/2017rtl-768x512.jpg 768w, https:\/\/www.bachstrasse6.de\/wp-content\/uploads\/2017\/05\/2017rtl-1024x682.jpg 1024w, https:\/\/www.bachstrasse6.de\/wp-content\/uploads\/2017\/05\/2017rtl.jpg 1280w\" sizes=\"auto, (max-width: 300px) 100vw, 300px\" \/><p id=\"caption-attachment-2812\" class=\"wp-caption-text\">Marco Frei beim Ranntallauf 2017 in N\u00f6ttingen<\/p><\/div>\n<p>&nbsp;<\/p>\n<div id=\"attachment_2835\" style=\"width: 210px\" class=\"wp-caption alignnone\"><img loading=\"lazy\" decoding=\"async\" aria-describedby=\"caption-attachment-2835\" class=\"size-medium wp-image-2835\" src=\"http:\/\/www.bachstrasse6.de\/wp-content\/uploads\/2017\/05\/2017bm-e1506092705876-200x300.jpg\" alt=\"\" width=\"200\" height=\"300\" srcset=\"https:\/\/www.bachstrasse6.de\/wp-content\/uploads\/2017\/05\/2017bm-e1506092705876-200x300.jpg 200w, https:\/\/www.bachstrasse6.de\/wp-content\/uploads\/2017\/05\/2017bm-e1506092705876.jpg 683w\" sizes=\"auto, (max-width: 200px) 100vw, 200px\" \/><p id=\"caption-attachment-2835\" class=\"wp-caption-text\">Marco Frei beim Baden-Marathon 2017 in Karlsruhe<\/p><\/div>\n<p>&nbsp;<\/p>\n<div id=\"attachment_2848\" style=\"width: 310px\" class=\"wp-caption alignnone\"><img loading=\"lazy\" decoding=\"async\" aria-describedby=\"caption-attachment-2848\" class=\"size-medium wp-image-2848\" src=\"http:\/\/www.bachstrasse6.de\/wp-content\/uploads\/2017\/05\/2017hwlka2-300x186.jpg\" alt=\"\" width=\"300\" height=\"186\" srcset=\"https:\/\/www.bachstrasse6.de\/wp-content\/uploads\/2017\/05\/2017hwlka2-300x186.jpg 300w, https:\/\/www.bachstrasse6.de\/wp-content\/uploads\/2017\/05\/2017hwlka2.jpg 600w\" sizes=\"auto, (max-width: 300px) 100vw, 300px\" \/><p id=\"caption-attachment-2848\" class=\"wp-caption-text\">Tobias Wendel beim Hardtwaldlauf 2017 in Karlsruhe<\/p><\/div>\n<p>&nbsp;<\/p>\n<div id=\"attachment_2849\" style=\"width: 310px\" class=\"wp-caption alignnone\"><img loading=\"lazy\" decoding=\"async\" aria-describedby=\"caption-attachment-2849\" class=\"size-medium wp-image-2849\" src=\"http:\/\/www.bachstrasse6.de\/wp-content\/uploads\/2017\/05\/2017hwlka3-300x235.jpg\" alt=\"\" width=\"300\" height=\"235\" srcset=\"https:\/\/www.bachstrasse6.de\/wp-content\/uploads\/2017\/05\/2017hwlka3-300x235.jpg 300w, https:\/\/www.bachstrasse6.de\/wp-content\/uploads\/2017\/05\/2017hwlka3.jpg 600w\" sizes=\"auto, (max-width: 300px) 100vw, 300px\" \/><p id=\"caption-attachment-2849\" class=\"wp-caption-text\">Marco Frei beim Hardtwaldlauf 2017 in Karlsruhe<\/p><\/div>\n<p>&nbsp;<\/p>\n<div id=\"attachment_2851\" style=\"width: 310px\" class=\"wp-caption alignnone\"><img loading=\"lazy\" decoding=\"async\" aria-describedby=\"caption-attachment-2851\" class=\"size-medium wp-image-2851\" src=\"http:\/\/www.bachstrasse6.de\/wp-content\/uploads\/2017\/05\/2017hwlka5-300x285.jpg\" alt=\"\" width=\"300\" height=\"285\" srcset=\"https:\/\/www.bachstrasse6.de\/wp-content\/uploads\/2017\/05\/2017hwlka5-300x285.jpg 300w, https:\/\/www.bachstrasse6.de\/wp-content\/uploads\/2017\/05\/2017hwlka5.jpg 600w\" sizes=\"auto, (max-width: 300px) 100vw, 300px\" \/><p id=\"caption-attachment-2851\" class=\"wp-caption-text\">Jakob Wendel beim Hardtwaldlauf 2017 in Karlsruhe<\/p><\/div>\n<p>&nbsp;<\/p>\n<div id=\"attachment_2870\" style=\"width: 310px\" class=\"wp-caption alignnone\"><a href=\"http:\/\/www.bachstrasse6.de\/wp-content\/uploads\/2018\/01\/2017svlf2.jpg\"><img loading=\"lazy\" decoding=\"async\" aria-describedby=\"caption-attachment-2870\" src=\"http:\/\/www.bachstrasse6.de\/wp-content\/uploads\/2018\/01\/2017svlf2-300x200.jpg\" alt=\"\" width=\"300\" height=\"200\" class=\"size-medium wp-image-2870\" srcset=\"https:\/\/www.bachstrasse6.de\/wp-content\/uploads\/2018\/01\/2017svlf2-300x200.jpg 300w, https:\/\/www.bachstrasse6.de\/wp-content\/uploads\/2018\/01\/2017svlf2-768x512.jpg 768w, https:\/\/www.bachstrasse6.de\/wp-content\/uploads\/2018\/01\/2017svlf2-1024x683.jpg 1024w, https:\/\/www.bachstrasse6.de\/wp-content\/uploads\/2018\/01\/2017svlf2.jpg 1280w\" sizes=\"auto, (max-width: 300px) 100vw, 300px\" \/><\/a><p id=\"caption-attachment-2870\" class=\"wp-caption-text\">Marco Frei beim Silvesterlauf 2017 in Forchheim<\/p><\/div>\n","protected":false},"excerpt":{"rendered":"<p>Training ist ja recht und sch\u00f6n, doch ein Duell im Wettkampf ist eben durch nichts zu ersetzen. Deshalb starten wir auch wann immer es m\u00f6glich ist bei offiziellen Wettk\u00e4mpfen in unserer Umgebung. Hier die Ergebnisse des Jahres 2017: 44. Osterlauf, 15.04.17, Rheinzabern, 21,1 km, 293 Teilnehmer Siegfried Lamprecht 1:57:11 h (246) 36. Heidelberger Halbmarathon, 30.04.17, [&hellip;]<\/p>\n","protected":false},"author":2,"featured_media":0,"parent":9,"menu_order":0,"comment_status":"closed","ping_status":"closed","template":"","meta":{"footnotes":""},"class_list":["post-2739","page","type-page","status-publish","hentry"],"_links":{"self":[{"href":"https:\/\/www.bachstrasse6.de\/index.php?rest_route=\/wp\/v2\/pages\/2739","targetHints":{"allow":["GET"]}}],"collection":[{"href":"https:\/\/www.bachstrasse6.de\/index.php?rest_route=\/wp\/v2\/pages"}],"about":[{"href":"https:\/\/www.bachstrasse6.de\/index.php?rest_route=\/wp\/v2\/types\/page"}],"author":[{"embeddable":true,"href":"https:\/\/www.bachstrasse6.de\/index.php?rest_route=\/wp\/v2\/users\/2"}],"replies":[{"embeddable":true,"href":"https:\/\/www.bachstrasse6.de\/index.php?rest_route=%2Fwp%2Fv2%2Fcomments&post=2739"}],"version-history":[{"count":24,"href":"https:\/\/www.bachstrasse6.de\/index.php?rest_route=\/wp\/v2\/pages\/2739\/revisions"}],"predecessor-version":[{"id":3088,"href":"https:\/\/www.bachstrasse6.de\/index.php?rest_route=\/wp\/v2\/pages\/2739\/revisions\/3088"}],"up":[{"embeddable":true,"href":"https:\/\/www.bachstrasse6.de\/index.php?rest_route=\/wp\/v2\/pages\/9"}],"wp:attachment":[{"href":"https:\/\/www.bachstrasse6.de\/index.php?rest_route=%2Fwp%2Fv2%2Fmedia&parent=2739"}],"curies":[{"name":"wp","href":"https:\/\/api.w.org\/{rel}","templated":true}]}}