{"id":2635,"date":"2015-12-05T16:56:47","date_gmt":"2015-12-05T14:56:47","guid":{"rendered":"http:\/\/www.bachstrasse6.de\/?page_id=2635"},"modified":"2016-11-26T19:26:20","modified_gmt":"2016-11-26T17:26:20","slug":"laufergebnisse-2016","status":"publish","type":"page","link":"https:\/\/www.bachstrasse6.de\/?page_id=2635","title":{"rendered":"Laufergebnisse 2016"},"content":{"rendered":"<p>Training ist ja recht und sch\u00f6n, doch ein Duell im Wettkampf ist eben durch nichts zu ersetzen. Deshalb starten wir auch wann immer es m\u00f6glich ist bei offiziellen Wettk\u00e4mpfen in unserer Umgebung. Hier die Ergebnisse des Jahres 2016:<\/p>\n<p><strong>13. Ri\u00dfnertlauf<\/strong>, 20.03.16, Karlsruhe-R\u00fcppurr, 15 km, 295 Teilnehmer<br \/>\nMarco Frei 70:49 min. (75)<br \/>\n<strong>35. Heidelberger Halbmarathon<\/strong>, 24.04.16, Heidelberg, 21,1 km, 3.482 Teilnehmer<br \/>\nMarco Frei 1:48:09 h (877), Martin Nelius 2:14:23 h (2766)<br \/>\n<strong>26. Himmelfahrtslauf<\/strong>, 05.05.16, W\u00f6ssingen, 10 km, 163 Teilnehmer<br \/>\nMarco Frei 45:11 min. (37), Lothar Becht 47:55 min. (61)<br \/>\n<strong>16. Trollinger-Marathon<\/strong>, 08.05.16, Heilbronn, 21,1 km, 4.331 Teilnehmer<br \/>\nMarco Frei 1:52:41 h (987), Siegfried Lamprecht 2:18:15 h (2904)<br \/>\n<strong>3. Ranntallauf<\/strong>, 02.07.16, N\u00f6ttingen, 10 km, 119 Teilnehmer<br \/>\nMarco Frei 46:44 min. (53), Lothar Becht 48:47 min. (73)<br \/>\n<strong>31. Volkslauf B\u00fcchig<\/strong>, 10.07.16, B\u00fcchig, 10 km, 137 Teilnehmer<br \/>\nMarco Frei 47:11 min. (44)<br \/>\n<strong>11. Lu\u00dfhardtlauf<\/strong>, 14.08.16, Hambr\u00fccken, 21,1 km, 190 Teilnehmer<br \/>\nMarco Frei 1:45:01 h (66)<br \/>\n<strong>34. Baden-Marathon<\/strong>, 25.09.16, Karlsruhe, 21,1 km, 4.048 Teilnehmer<br \/>\nMichael Popp 1:32:00 h (278), Marco Frei 1:41:02 h (662), Lothar Becht 1:53:20 h (1612), Siegfried Lamprecht 2:04:25 h (2637)<br \/>\nMannschaftswertung: 5:17:28 h 89. von 231<br \/>\n<strong>22. Volkslauf Serres<\/strong>, 03.10.16, Serres, 10 km, 190 Teilnehmer<br \/>\nMarco Frei 46:36 min. (43)<\/p>\n<p>&nbsp;<\/p>\n<div id=\"attachment_2672\" style=\"width: 310px\" class=\"wp-caption alignnone\"><img loading=\"lazy\" decoding=\"async\" aria-describedby=\"caption-attachment-2672\" class=\"size-medium wp-image-2672\" src=\"http:\/\/www.bachstrasse6.de\/wp-content\/uploads\/2015\/12\/2016_HL_03_Start_03_7-300x225.jpg\" alt=\"Marco Frei beim Hoffnungslauf 2016 in Bruchsal\" width=\"300\" height=\"225\" srcset=\"https:\/\/www.bachstrasse6.de\/wp-content\/uploads\/2015\/12\/2016_HL_03_Start_03_7-300x225.jpg 300w, https:\/\/www.bachstrasse6.de\/wp-content\/uploads\/2015\/12\/2016_HL_03_Start_03_7-768x576.jpg 768w, https:\/\/www.bachstrasse6.de\/wp-content\/uploads\/2015\/12\/2016_HL_03_Start_03_7.jpg 1024w\" sizes=\"auto, (max-width: 300px) 100vw, 300px\" \/><p id=\"caption-attachment-2672\" class=\"wp-caption-text\">Marco Frei beim Hoffnungslauf 2016 in Bruchsal<\/p><\/div>\n<p>&nbsp;<\/p>\n<div id=\"attachment_2684\" style=\"width: 310px\" class=\"wp-caption alignnone\"><img loading=\"lazy\" decoding=\"async\" aria-describedby=\"caption-attachment-2684\" class=\"size-medium wp-image-2684\" src=\"http:\/\/www.bachstrasse6.de\/wp-content\/uploads\/2015\/12\/2016hflw\u00f6-300x169.jpg\" alt=\"Marco Frei beim Himmelfahrtslauf 2016 in W\u00f6ssingen\" width=\"300\" height=\"169\" srcset=\"https:\/\/www.bachstrasse6.de\/wp-content\/uploads\/2015\/12\/2016hflw\u00f6-300x169.jpg 300w, https:\/\/www.bachstrasse6.de\/wp-content\/uploads\/2015\/12\/2016hflw\u00f6-768x431.jpg 768w, https:\/\/www.bachstrasse6.de\/wp-content\/uploads\/2015\/12\/2016hflw\u00f6-1024x575.jpg 1024w, https:\/\/www.bachstrasse6.de\/wp-content\/uploads\/2015\/12\/2016hflw\u00f6.jpg 1280w\" sizes=\"auto, (max-width: 300px) 100vw, 300px\" \/><p id=\"caption-attachment-2684\" class=\"wp-caption-text\">Marco Frei beim Himmelfahrtslauf 2016 in W\u00f6ssingen<\/p><\/div>\n<p>&nbsp;<\/p>\n<div id=\"attachment_2700\" style=\"width: 210px\" class=\"wp-caption alignnone\"><img loading=\"lazy\" decoding=\"async\" aria-describedby=\"caption-attachment-2700\" class=\"size-medium wp-image-2700\" src=\"http:\/\/www.bachstrasse6.de\/wp-content\/uploads\/2015\/12\/2016rtln\u00f6-200x300.jpg\" alt=\"Marco Frei beim Ranntallauf 2016 in N\u00f6ttingen\" width=\"200\" height=\"300\" srcset=\"https:\/\/www.bachstrasse6.de\/wp-content\/uploads\/2015\/12\/2016rtln\u00f6-200x300.jpg 200w, https:\/\/www.bachstrasse6.de\/wp-content\/uploads\/2015\/12\/2016rtln\u00f6.jpg 682w\" sizes=\"auto, (max-width: 200px) 100vw, 200px\" \/><p id=\"caption-attachment-2700\" class=\"wp-caption-text\">Marco Frei beim Ranntallauf 2016 in N\u00f6ttingen<\/p><\/div>\n<p>&nbsp;<\/p>\n<div id=\"attachment_2704\" style=\"width: 301px\" class=\"wp-caption alignnone\"><img loading=\"lazy\" decoding=\"async\" aria-describedby=\"caption-attachment-2704\" class=\"size-medium wp-image-2704\" src=\"http:\/\/www.bachstrasse6.de\/wp-content\/uploads\/2015\/12\/2016vlb-291x300.jpg\" alt=\"Marco Frei beim Volkslauf B\u00fcchig 2016 \" width=\"291\" height=\"300\" srcset=\"https:\/\/www.bachstrasse6.de\/wp-content\/uploads\/2015\/12\/2016vlb-291x300.jpg 291w, https:\/\/www.bachstrasse6.de\/wp-content\/uploads\/2015\/12\/2016vlb-768x792.jpg 768w, https:\/\/www.bachstrasse6.de\/wp-content\/uploads\/2015\/12\/2016vlb.jpg 970w\" sizes=\"auto, (max-width: 291px) 100vw, 291px\" \/><p id=\"caption-attachment-2704\" class=\"wp-caption-text\">Marco Frei beim Volkslauf B\u00fcchig 2016<\/p><\/div>\n<p>&nbsp;<\/p>\n<div id=\"attachment_2721\" style=\"width: 210px\" class=\"wp-caption alignnone\"><img loading=\"lazy\" decoding=\"async\" aria-describedby=\"caption-attachment-2721\" src=\"http:\/\/www.bachstrasse6.de\/wp-content\/uploads\/2015\/12\/2016bmka-200x300.jpg\" alt=\"Marco Frei beim Baden-Marathon 2016 in Karlsruhe\" width=\"200\" height=\"300\" class=\"size-medium wp-image-2721\" srcset=\"https:\/\/www.bachstrasse6.de\/wp-content\/uploads\/2015\/12\/2016bmka-200x300.jpg 200w, https:\/\/www.bachstrasse6.de\/wp-content\/uploads\/2015\/12\/2016bmka.jpg 682w\" sizes=\"auto, (max-width: 200px) 100vw, 200px\" \/><p id=\"caption-attachment-2721\" class=\"wp-caption-text\">Marco Frei beim Baden-Marathon 2016 in Karlsruhe<\/p><\/div>\n","protected":false},"excerpt":{"rendered":"<p>Training ist ja recht und sch\u00f6n, doch ein Duell im Wettkampf ist eben durch nichts zu ersetzen. Deshalb starten wir auch wann immer es m\u00f6glich ist bei offiziellen Wettk\u00e4mpfen in unserer Umgebung. Hier die Ergebnisse des Jahres 2016: 13. Ri\u00dfnertlauf, 20.03.16, Karlsruhe-R\u00fcppurr, 15 km, 295 Teilnehmer Marco Frei 70:49 min. (75) 35. Heidelberger Halbmarathon, 24.04.16, [&hellip;]<\/p>\n","protected":false},"author":2,"featured_media":0,"parent":9,"menu_order":0,"comment_status":"closed","ping_status":"closed","template":"","meta":{"footnotes":""},"class_list":["post-2635","page","type-page","status-publish","hentry"],"_links":{"self":[{"href":"https:\/\/www.bachstrasse6.de\/index.php?rest_route=\/wp\/v2\/pages\/2635","targetHints":{"allow":["GET"]}}],"collection":[{"href":"https:\/\/www.bachstrasse6.de\/index.php?rest_route=\/wp\/v2\/pages"}],"about":[{"href":"https:\/\/www.bachstrasse6.de\/index.php?rest_route=\/wp\/v2\/types\/page"}],"author":[{"embeddable":true,"href":"https:\/\/www.bachstrasse6.de\/index.php?rest_route=\/wp\/v2\/users\/2"}],"replies":[{"embeddable":true,"href":"https:\/\/www.bachstrasse6.de\/index.php?rest_route=%2Fwp%2Fv2%2Fcomments&post=2635"}],"version-history":[{"count":24,"href":"https:\/\/www.bachstrasse6.de\/index.php?rest_route=\/wp\/v2\/pages\/2635\/revisions"}],"predecessor-version":[{"id":2722,"href":"https:\/\/www.bachstrasse6.de\/index.php?rest_route=\/wp\/v2\/pages\/2635\/revisions\/2722"}],"up":[{"embeddable":true,"href":"https:\/\/www.bachstrasse6.de\/index.php?rest_route=\/wp\/v2\/pages\/9"}],"wp:attachment":[{"href":"https:\/\/www.bachstrasse6.de\/index.php?rest_route=%2Fwp%2Fv2%2Fmedia&parent=2635"}],"curies":[{"name":"wp","href":"https:\/\/api.w.org\/{rel}","templated":true}]}}