{"id":2558,"date":"2015-03-15T17:12:13","date_gmt":"2015-03-15T15:12:13","guid":{"rendered":"http:\/\/www.bachstrasse6.de\/?page_id=2558"},"modified":"2016-04-25T18:29:17","modified_gmt":"2016-04-25T16:29:17","slug":"laufergebnisse-2015","status":"publish","type":"page","link":"https:\/\/www.bachstrasse6.de\/?page_id=2558","title":{"rendered":"Laufergebnisse 2015"},"content":{"rendered":"<p>Training ist ja recht und sch\u00f6n, doch ein Duell im Wettkampf ist eben durch nichts zu ersetzen. Deshalb starten wir auch wann immer es m\u00f6glich ist bei offiziellen Wettk\u00e4mpfen in unserer Umgebung. Hier die Ergebnisse des Jahres 2015:<\/p>\n<p><strong>12. Ri\u00dfnertlauf<\/strong>, 15.03.15, Karlsruhe-R\u00fcppurr, 15 km, 338 Teilnehmer<br \/>\nMarco Frei 70:43 min. (103), Lothar Becht 73:39 min. (136)<br \/>\n<strong>34. Heidelberger Halbmarathon<\/strong>, 26.04.15, Heidelberg, 21,1 km, 3.412 Teilnehmer<br \/>\nMarco Frei 1:49:52 h (919), Martin Nelius 2:11:15 h (2484)<br \/>\n<strong>33. K\u00e4mpfelbach-Lauf<\/strong>, 09.05.15, Bilfingen, 10 km, 159 Teilnehmer<br \/>\nEmmanuel Poiget 46:06 min.\u00a0(45), Marco Frei 47:10 min. (54), Lothar Becht 50:05 min. (80), Judith Poiget 59:33 min. (136), Christine Frei 59:34 min. (137)<br \/>\n<strong>25. Himmelfahrtslauf<\/strong>, 14.05.15, W\u00f6ssingen, 10 km, 193 Teilnehmer<br \/>\nMarco Frei 44:54 min. (59)<br \/>\n<strong>15. Trollinger-Marathon<\/strong>, 17.05.15, Heilbronn, 21,1 km, 4.603 Teilnehmer<br \/>\nMarco Frei 1:42:05 h (703), Siegfried Lamprecht 1:57:20 h (2119)<br \/>\n<strong>B2Run, <\/strong>11.06.15, Karlsruhe, 6,2 km, 5598 Teilnehmer<br \/>\nBernhard Frey 30:25 min. (1085), Markus Lipsky 35:39 min. (2563), Viola Lipsky 36:35 min. (2823)<br \/>\n<strong>2. Ranntallauf<\/strong>, 04.07.15, N\u00f6ttingen, 10 km, 113 Teilnehmer<br \/>\nLothar Becht 51:15 min. (52), Marco Frei 52:52 min. (63)<br \/>\n<strong>30. Volkslauf B\u00fcchig<\/strong>, 12.07.15, B\u00fcchig, 10 km, 177 Teilnehmer<br \/>\nMarco Frei 46:56 min. (48), Lothar Becht 48:06 min. (63)<br \/>\n<strong>La Craurrida La Crau<\/strong>, 03.08.15, B\u00fcchig, 10 km, 518 Teilnehmer<br \/>\nMarco Frei 47:42 min. (193)<br \/>\n<strong>10. Lu\u00dfhardtlauf<\/strong>, 16.08.15, Hambr\u00fccken, 21,1 km, 221 Teilnehmer<br \/>\nMarco Frei 1:41:41 h (81)<br \/>\n<strong>33. Baden-Marathon<\/strong>, 20.09.15, Karlsruhe, 21,1 km, 4.200 Teilnehmer<br \/>\nMichael Popp 1:30:22 h (195), Marco Frei 1:41:41 h (705), Lothar Becht 1:43:57 h (882), Siegfried Lamprecht 1:58:54 h (2322)<br \/>\nMannschaftswertung: 5:10:48 h 62. von 270<br \/>\n<strong>21. Volkslauf Serres<\/strong>, 03.10.15, Serres, 10 km, 220 Teilnehmer<br \/>\nMarco Frei 46:57 min. (58), Lothar Becht 48:41 min. (78)<br \/>\n<strong>30. Hardtwaldlauf, <\/strong>11.10.15, Karlsruhe, 10 km, 568 Teilnehmer<br \/>\nMarco Frei 44:36 min. (139), Lothar Becht 45:40 min.\u00a0(168), Tobias Wendel 50:29 min. (305), Sabine Maag 50:31 (306), Christine Frei 52:52 min. (366)<br \/>\n<strong>40. Herbstlauf, <\/strong>07.11.15, \u00d6tigheim, 10 km, 180 Teilnehmer<br \/>\nBernhard Frey 48:11 min. (71), Heiko G\u00f6hringer 48:29 min.\u00a0(77), Viola Lipsky 60:06 min. (165), Markus Lipsky 62:41 (170)<\/p>\n<div id=\"attachment_2573\" style=\"width: 235px\" class=\"wp-caption alignleft\"><img loading=\"lazy\" decoding=\"async\" aria-describedby=\"caption-attachment-2573\" class=\"wp-image-2573 size-medium\" src=\"http:\/\/www.bachstrasse6.de\/wp-content\/uploads\/2015\/03\/IMG_9081-e1431269073658-225x300.jpg\" alt=\"IMG_9081\" width=\"225\" height=\"300\" srcset=\"https:\/\/www.bachstrasse6.de\/wp-content\/uploads\/2015\/03\/IMG_9081-e1431269073658-225x300.jpg 225w, https:\/\/www.bachstrasse6.de\/wp-content\/uploads\/2015\/03\/IMG_9081-e1431269073658-768x1024.jpg 768w\" sizes=\"auto, (max-width: 225px) 100vw, 225px\" \/><p id=\"caption-attachment-2573\" class=\"wp-caption-text\">Emmanuel Poiget beim K\u00e4mpfelbachlauf 2015 in Bilfingen<\/p><\/div>\n<p>&nbsp;<\/p>\n<div id=\"attachment_2572\" style=\"width: 235px\" class=\"wp-caption alignleft\"><img loading=\"lazy\" decoding=\"async\" aria-describedby=\"caption-attachment-2572\" class=\"size-medium wp-image-2572\" src=\"http:\/\/www.bachstrasse6.de\/wp-content\/uploads\/2015\/03\/IMG_9090-e1431268750741-225x300.jpg\" alt=\"Christine Frei und Judith Poiget beim K\u00e4mpfelbachlauf 2015 in Bilfingen\" width=\"225\" height=\"300\" srcset=\"https:\/\/www.bachstrasse6.de\/wp-content\/uploads\/2015\/03\/IMG_9090-e1431268750741-225x300.jpg 225w, https:\/\/www.bachstrasse6.de\/wp-content\/uploads\/2015\/03\/IMG_9090-e1431268750741-768x1024.jpg 768w\" sizes=\"auto, (max-width: 225px) 100vw, 225px\" \/><p id=\"caption-attachment-2572\" class=\"wp-caption-text\">Christine Frei und Judith Poiget beim K\u00e4mpfelbachlauf 2015 in Bilfingen<\/p><\/div>\n<p>&nbsp;<\/p>\n<div id=\"attachment_2570\" style=\"width: 235px\" class=\"wp-caption alignleft\"><img loading=\"lazy\" decoding=\"async\" aria-describedby=\"caption-attachment-2570\" class=\"size-medium wp-image-2570\" src=\"http:\/\/www.bachstrasse6.de\/wp-content\/uploads\/2015\/03\/IMG_9079-e1431268601256-225x300.jpg\" alt=\"Marco Frei beim K\u00e4mpfelbachlauf 2015 in Bilfingen\" width=\"225\" height=\"300\" srcset=\"https:\/\/www.bachstrasse6.de\/wp-content\/uploads\/2015\/03\/IMG_9079-e1431268601256-225x300.jpg 225w, https:\/\/www.bachstrasse6.de\/wp-content\/uploads\/2015\/03\/IMG_9079-e1431268601256-768x1024.jpg 768w\" sizes=\"auto, (max-width: 225px) 100vw, 225px\" \/><p id=\"caption-attachment-2570\" class=\"wp-caption-text\">Marco Frei beim K\u00e4mpfelbachlauf 2015 in Bilfingen<\/p><\/div>\n<p>&nbsp;<\/p>\n<div id=\"attachment_2581\" style=\"width: 310px\" class=\"wp-caption alignleft\"><img loading=\"lazy\" decoding=\"async\" aria-describedby=\"caption-attachment-2581\" class=\"size-medium wp-image-2581\" src=\"http:\/\/www.bachstrasse6.de\/wp-content\/uploads\/2015\/03\/heilbronn15_373_-300x238.jpg\" alt=\"Marco Frei beim Trollinger-Marathon 2015 in Heilbronn\" width=\"300\" height=\"238\" srcset=\"https:\/\/www.bachstrasse6.de\/wp-content\/uploads\/2015\/03\/heilbronn15_373_-300x238.jpg 300w, https:\/\/www.bachstrasse6.de\/wp-content\/uploads\/2015\/03\/heilbronn15_373_.jpg 599w\" sizes=\"auto, (max-width: 300px) 100vw, 300px\" \/><p id=\"caption-attachment-2581\" class=\"wp-caption-text\">Marco Frei beim Trollinger-Marathon 2015 in Heilbronn<\/p><\/div>\n<p>&nbsp;<\/p>\n<div id=\"attachment_2583\" style=\"width: 310px\" class=\"wp-caption alignleft\"><img loading=\"lazy\" decoding=\"async\" aria-describedby=\"caption-attachment-2583\" class=\"size-medium wp-image-2583\" src=\"http:\/\/www.bachstrasse6.de\/wp-content\/uploads\/2015\/03\/TZ_2881-300x200.jpg\" alt=\"Marco Frei beim Ranntallauf 2015 in N\u00f6ttingen\" width=\"300\" height=\"200\" srcset=\"https:\/\/www.bachstrasse6.de\/wp-content\/uploads\/2015\/03\/TZ_2881-300x200.jpg 300w, https:\/\/www.bachstrasse6.de\/wp-content\/uploads\/2015\/03\/TZ_2881-1024x682.jpg 1024w, https:\/\/www.bachstrasse6.de\/wp-content\/uploads\/2015\/03\/TZ_2881.jpg 1280w\" sizes=\"auto, (max-width: 300px) 100vw, 300px\" \/><p id=\"caption-attachment-2583\" class=\"wp-caption-text\">Marco Frei beim Ranntallauf 2015 in N\u00f6ttingen<\/p><\/div>\n<p>&nbsp;<\/p>\n<div id=\"attachment_2590\" style=\"width: 310px\" class=\"wp-caption alignleft\"><img loading=\"lazy\" decoding=\"async\" aria-describedby=\"caption-attachment-2590\" class=\"size-medium wp-image-2590\" src=\"http:\/\/www.bachstrasse6.de\/wp-content\/uploads\/2015\/03\/IMG_9559-300x225.jpg\" alt=\"Marco Frei bei der Craurrida La Crau 2015\" width=\"300\" height=\"225\" srcset=\"https:\/\/www.bachstrasse6.de\/wp-content\/uploads\/2015\/03\/IMG_9559-300x225.jpg 300w, https:\/\/www.bachstrasse6.de\/wp-content\/uploads\/2015\/03\/IMG_9559-1024x768.jpg 1024w\" sizes=\"auto, (max-width: 300px) 100vw, 300px\" \/><p id=\"caption-attachment-2590\" class=\"wp-caption-text\">Marco Frei bei der Craurrida 2015 in La Crau<\/p><\/div>\n<p>&nbsp;<\/p>\n<div id=\"attachment_2592\" style=\"width: 310px\" class=\"wp-caption alignnone\"><a href=\"http:\/\/www.bachstrasse6.de\/wp-content\/uploads\/2015\/03\/2015lhl1.jpg\"><img loading=\"lazy\" decoding=\"async\" aria-describedby=\"caption-attachment-2592\" class=\"size-medium wp-image-2592\" src=\"http:\/\/www.bachstrasse6.de\/wp-content\/uploads\/2015\/03\/2015lhl1-300x200.jpg\" alt=\"Lothar Becht beim Lusshardlauf 2015 in Hambr\u00fccken\" width=\"300\" height=\"200\" srcset=\"https:\/\/www.bachstrasse6.de\/wp-content\/uploads\/2015\/03\/2015lhl1-300x200.jpg 300w, https:\/\/www.bachstrasse6.de\/wp-content\/uploads\/2015\/03\/2015lhl1.jpg 702w\" sizes=\"auto, (max-width: 300px) 100vw, 300px\" \/><\/a><p id=\"caption-attachment-2592\" class=\"wp-caption-text\">Lothar Becht beim Lusshardlauf 2015 in Hambr\u00fccken<\/p><\/div>\n<p>&nbsp;<\/p>\n<div id=\"attachment_2593\" style=\"width: 310px\" class=\"wp-caption alignnone\"><a href=\"http:\/\/www.bachstrasse6.de\/wp-content\/uploads\/2015\/03\/2015lhl2.jpg\"><img loading=\"lazy\" decoding=\"async\" aria-describedby=\"caption-attachment-2593\" class=\"size-medium wp-image-2593\" src=\"http:\/\/www.bachstrasse6.de\/wp-content\/uploads\/2015\/03\/2015lhl2-300x200.jpg\" alt=\"Marco Frei beim Lusshardtlauf 2015 in Hambr\u00fccken\" width=\"300\" height=\"200\" srcset=\"https:\/\/www.bachstrasse6.de\/wp-content\/uploads\/2015\/03\/2015lhl2-300x200.jpg 300w, https:\/\/www.bachstrasse6.de\/wp-content\/uploads\/2015\/03\/2015lhl2.jpg 702w\" sizes=\"auto, (max-width: 300px) 100vw, 300px\" \/><\/a><p id=\"caption-attachment-2593\" class=\"wp-caption-text\">Marco Frei beim Lusshardtlauf 2015 in Hambr\u00fccken<\/p><\/div>\n<p>&nbsp;<\/p>\n<div id=\"attachment_2630\" style=\"width: 179px\" class=\"wp-caption alignnone\"><img loading=\"lazy\" decoding=\"async\" aria-describedby=\"caption-attachment-2630\" class=\"size-medium wp-image-2630\" src=\"http:\/\/www.bachstrasse6.de\/wp-content\/uploads\/2015\/03\/20151011_1052390-e1447055730368-169x300.jpg\" alt=\"Christine Frei beim Hardtwaldlauf 2015 in Karlsruhe\" width=\"169\" height=\"300\" srcset=\"https:\/\/www.bachstrasse6.de\/wp-content\/uploads\/2015\/03\/20151011_1052390-e1447055730368-169x300.jpg 169w, https:\/\/www.bachstrasse6.de\/wp-content\/uploads\/2015\/03\/20151011_1052390-e1447055730368-576x1024.jpg 576w\" sizes=\"auto, (max-width: 169px) 100vw, 169px\" \/><p id=\"caption-attachment-2630\" class=\"wp-caption-text\">Christine Frei beim Hardtwaldlauf 2015 in Karlsruhe<\/p><\/div>\n<p>&nbsp;<\/p>\n<div id=\"attachment_2629\" style=\"width: 179px\" class=\"wp-caption alignnone\"><img loading=\"lazy\" decoding=\"async\" aria-describedby=\"caption-attachment-2629\" class=\"size-medium wp-image-2629\" src=\"http:\/\/www.bachstrasse6.de\/wp-content\/uploads\/2015\/03\/20151011_104423-e1447055746107-169x300.jpg\" alt=\"Marco Frei beim Hardtwaldlauf 2015 in Karlsruhe\" width=\"169\" height=\"300\" srcset=\"https:\/\/www.bachstrasse6.de\/wp-content\/uploads\/2015\/03\/20151011_104423-e1447055746107-169x300.jpg 169w, https:\/\/www.bachstrasse6.de\/wp-content\/uploads\/2015\/03\/20151011_104423-e1447055746107-576x1024.jpg 576w\" sizes=\"auto, (max-width: 169px) 100vw, 169px\" \/><p id=\"caption-attachment-2629\" class=\"wp-caption-text\">Marco Frei beim Hardtwaldlauf 2015 in Karlsruhe<\/p><\/div>\n","protected":false},"excerpt":{"rendered":"<p>Training ist ja recht und sch\u00f6n, doch ein Duell im Wettkampf ist eben durch nichts zu ersetzen. Deshalb starten wir auch wann immer es m\u00f6glich ist bei offiziellen Wettk\u00e4mpfen in unserer Umgebung. Hier die Ergebnisse des Jahres 2015: 12. Ri\u00dfnertlauf, 15.03.15, Karlsruhe-R\u00fcppurr, 15 km, 338 Teilnehmer Marco Frei 70:43 min. (103), Lothar Becht 73:39 min. [&hellip;]<\/p>\n","protected":false},"author":2,"featured_media":0,"parent":9,"menu_order":0,"comment_status":"open","ping_status":"closed","template":"","meta":{"footnotes":""},"class_list":["post-2558","page","type-page","status-publish","hentry"],"_links":{"self":[{"href":"https:\/\/www.bachstrasse6.de\/index.php?rest_route=\/wp\/v2\/pages\/2558","targetHints":{"allow":["GET"]}}],"collection":[{"href":"https:\/\/www.bachstrasse6.de\/index.php?rest_route=\/wp\/v2\/pages"}],"about":[{"href":"https:\/\/www.bachstrasse6.de\/index.php?rest_route=\/wp\/v2\/types\/page"}],"author":[{"embeddable":true,"href":"https:\/\/www.bachstrasse6.de\/index.php?rest_route=\/wp\/v2\/users\/2"}],"replies":[{"embeddable":true,"href":"https:\/\/www.bachstrasse6.de\/index.php?rest_route=%2Fwp%2Fv2%2Fcomments&post=2558"}],"version-history":[{"count":27,"href":"https:\/\/www.bachstrasse6.de\/index.php?rest_route=\/wp\/v2\/pages\/2558\/revisions"}],"predecessor-version":[{"id":2681,"href":"https:\/\/www.bachstrasse6.de\/index.php?rest_route=\/wp\/v2\/pages\/2558\/revisions\/2681"}],"up":[{"embeddable":true,"href":"https:\/\/www.bachstrasse6.de\/index.php?rest_route=\/wp\/v2\/pages\/9"}],"wp:attachment":[{"href":"https:\/\/www.bachstrasse6.de\/index.php?rest_route=%2Fwp%2Fv2%2Fmedia&parent=2558"}],"curies":[{"name":"wp","href":"https:\/\/api.w.org\/{rel}","templated":true}]}}