{"id":244,"date":"2011-09-17T16:56:41","date_gmt":"2011-09-17T14:56:41","guid":{"rendered":"http:\/\/www.bachstrasse2.de\/?page_id=244"},"modified":"2011-10-21T18:53:14","modified_gmt":"2011-10-21T16:53:14","slug":"laufergebnisse-1994","status":"publish","type":"page","link":"https:\/\/www.bachstrasse6.de\/?page_id=244","title":{"rendered":"Laufergebnisse 1994"},"content":{"rendered":"<p><span><span style=\"font-family: Arial,Helvetica;\"><span>Training ist ja recht und sch\u00f6n, doch ein Duell im Wettkampf ist eben durch nichts zu ersetzen. Deshalb starten wir auch wann immer es m\u00f6glich ist bei offiziellen Wettk\u00e4mpfen in unserer Umgebung. Hier die Ergebnisse des Jahres 1994:<\/span><\/span><\/span><\/p>\n<p><strong>K\u00e4mpfelbach-Lauf<\/strong>, 14.05.94, Ersingen, 10 km, 120 Teilnehmer<br \/>\nGuido H\u00e4user 49:56 min. (90), Marco Frei 52:01 min. (97)<br \/>\n<strong>5. Volkslauf der TG Stein<\/strong>, 05.06.94, Stein, 10 km, 85 Teilnehmer<br \/>\nGuido H\u00e4user 46:34 min. (54), Oliver Lamprecht 47:24 min. (58)<\/p>\n","protected":false},"excerpt":{"rendered":"<p>Training ist ja recht und sch\u00f6n, doch ein Duell im Wettkampf ist eben durch nichts zu ersetzen. Deshalb starten wir auch wann immer es m\u00f6glich ist bei offiziellen Wettk\u00e4mpfen in unserer Umgebung. Hier die Ergebnisse des Jahres 1994: K\u00e4mpfelbach-Lauf, 14.05.94, Ersingen, 10 km, 120 Teilnehmer Guido H\u00e4user 49:56 min. (90), Marco Frei 52:01 min. (97) [&hellip;]<\/p>\n","protected":false},"author":2,"featured_media":0,"parent":9,"menu_order":0,"comment_status":"open","ping_status":"closed","template":"","meta":{"footnotes":""},"class_list":["post-244","page","type-page","status-publish","hentry"],"_links":{"self":[{"href":"https:\/\/www.bachstrasse6.de\/index.php?rest_route=\/wp\/v2\/pages\/244","targetHints":{"allow":["GET"]}}],"collection":[{"href":"https:\/\/www.bachstrasse6.de\/index.php?rest_route=\/wp\/v2\/pages"}],"about":[{"href":"https:\/\/www.bachstrasse6.de\/index.php?rest_route=\/wp\/v2\/types\/page"}],"author":[{"embeddable":true,"href":"https:\/\/www.bachstrasse6.de\/index.php?rest_route=\/wp\/v2\/users\/2"}],"replies":[{"embeddable":true,"href":"https:\/\/www.bachstrasse6.de\/index.php?rest_route=%2Fwp%2Fv2%2Fcomments&post=244"}],"version-history":[{"count":4,"href":"https:\/\/www.bachstrasse6.de\/index.php?rest_route=\/wp\/v2\/pages\/244\/revisions"}],"predecessor-version":[{"id":288,"href":"https:\/\/www.bachstrasse6.de\/index.php?rest_route=\/wp\/v2\/pages\/244\/revisions\/288"}],"up":[{"embeddable":true,"href":"https:\/\/www.bachstrasse6.de\/index.php?rest_route=\/wp\/v2\/pages\/9"}],"wp:attachment":[{"href":"https:\/\/www.bachstrasse6.de\/index.php?rest_route=%2Fwp%2Fv2%2Fmedia&parent=244"}],"curies":[{"name":"wp","href":"https:\/\/api.w.org\/{rel}","templated":true}]}}