{"id":242,"date":"2011-09-17T16:56:20","date_gmt":"2011-09-17T14:56:20","guid":{"rendered":"http:\/\/www.bachstrasse2.de\/?page_id=242"},"modified":"2011-09-17T16:58:14","modified_gmt":"2011-09-17T14:58:14","slug":"laufergebnisse-1995","status":"publish","type":"page","link":"https:\/\/www.bachstrasse6.de\/?page_id=242","title":{"rendered":"Laufergebnisse 1995"},"content":{"rendered":"<p><span><span style=\"font-family: Arial,Helvetica;\"><span>Training ist ja recht und sch\u00f6n, doch ein Duell im Wettkampf ist eben durch nichts zu ersetzen. Deshalb starten wir auch wann immer es m\u00f6glich ist bei offiziellen Wettk\u00e4mpfen in unserer Umgebung. Hier die Ergebnisse des Jahres 1995:<\/span><\/span><\/span><\/p>\n<p><span><span style=\"font-family: Arial,Helvetica;\"><span><strong>Remchinger Triathlon<\/strong>, 13.05.95, Wilferdingen, 500 m Schwimmen, 20 km Radfahren, 5 km Laufen<br \/>\nMarco Frei 88:07 min. (12:20;46:56;28:51), Oliver Lamprecht 91:23 min. (14:39;47:58;28:46), Andreas Frey 96:29 min. (15:55;52:02;28:32)<br \/>\n<strong>K\u00e4mpfelbach-Lauf<\/strong>, 27.05.95, Ersingen, 10 km<br \/>\nAndreas Frey 50:05 min. (93), Guido H\u00e4user 51:17 min. (98), Marco Frei 51:37 min. (100), Oliver Lamprecht 52:08 min. (106)<\/span><\/span><\/span><\/p>\n","protected":false},"excerpt":{"rendered":"<p>Training ist ja recht und sch\u00f6n, doch ein Duell im Wettkampf ist eben durch nichts zu ersetzen. Deshalb starten wir auch wann immer es m\u00f6glich ist bei offiziellen Wettk\u00e4mpfen in unserer Umgebung. Hier die Ergebnisse des Jahres 1995: Remchinger Triathlon, 13.05.95, Wilferdingen, 500 m Schwimmen, 20 km Radfahren, 5 km Laufen Marco Frei 88:07 min. [&hellip;]<\/p>\n","protected":false},"author":2,"featured_media":0,"parent":9,"menu_order":0,"comment_status":"open","ping_status":"closed","template":"","meta":{"footnotes":""},"class_list":["post-242","page","type-page","status-publish","hentry"],"_links":{"self":[{"href":"https:\/\/www.bachstrasse6.de\/index.php?rest_route=\/wp\/v2\/pages\/242","targetHints":{"allow":["GET"]}}],"collection":[{"href":"https:\/\/www.bachstrasse6.de\/index.php?rest_route=\/wp\/v2\/pages"}],"about":[{"href":"https:\/\/www.bachstrasse6.de\/index.php?rest_route=\/wp\/v2\/types\/page"}],"author":[{"embeddable":true,"href":"https:\/\/www.bachstrasse6.de\/index.php?rest_route=\/wp\/v2\/users\/2"}],"replies":[{"embeddable":true,"href":"https:\/\/www.bachstrasse6.de\/index.php?rest_route=%2Fwp%2Fv2%2Fcomments&post=242"}],"version-history":[{"count":2,"href":"https:\/\/www.bachstrasse6.de\/index.php?rest_route=\/wp\/v2\/pages\/242\/revisions"}],"predecessor-version":[{"id":247,"href":"https:\/\/www.bachstrasse6.de\/index.php?rest_route=\/wp\/v2\/pages\/242\/revisions\/247"}],"up":[{"embeddable":true,"href":"https:\/\/www.bachstrasse6.de\/index.php?rest_route=\/wp\/v2\/pages\/9"}],"wp:attachment":[{"href":"https:\/\/www.bachstrasse6.de\/index.php?rest_route=%2Fwp%2Fv2%2Fmedia&parent=242"}],"curies":[{"name":"wp","href":"https:\/\/api.w.org\/{rel}","templated":true}]}}