{"id":240,"date":"2011-09-17T16:55:54","date_gmt":"2011-09-17T14:55:54","guid":{"rendered":"http:\/\/www.bachstrasse2.de\/?page_id=240"},"modified":"2011-10-21T18:54:43","modified_gmt":"2011-10-21T16:54:43","slug":"laufergebnisse-1996","status":"publish","type":"page","link":"https:\/\/www.bachstrasse6.de\/?page_id=240","title":{"rendered":"Laufergebnisse 1996"},"content":{"rendered":"<p><span><span style=\"font-family: Arial,Helvetica;\"><span>Training ist ja recht und sch\u00f6n, doch ein Duell im Wettkampf ist eben durch nichts zu ersetzen. Deshalb starten wir auch wann immer es m\u00f6glich ist bei offiziellen Wettk\u00e4mpfen in unserer Umgebung. Hier die Ergebnisse des Jahres 1996:<\/span><\/span><\/span><\/p>\n<p><strong>K\u00e4mpfelbach-Lauf<\/strong>, 25.05.96, Ersingen, 10 km, 142 Teilnehmer<br \/>\nBernhard Frey 51:05 min. (105), Andreas Kamm 61:33 min. (135)<\/p>\n","protected":false},"excerpt":{"rendered":"<p>Training ist ja recht und sch\u00f6n, doch ein Duell im Wettkampf ist eben durch nichts zu ersetzen. Deshalb starten wir auch wann immer es m\u00f6glich ist bei offiziellen Wettk\u00e4mpfen in unserer Umgebung. Hier die Ergebnisse des Jahres 1996: K\u00e4mpfelbach-Lauf, 25.05.96, Ersingen, 10 km, 142 Teilnehmer Bernhard Frey 51:05 min. (105), Andreas Kamm 61:33 min. (135)<\/p>\n","protected":false},"author":2,"featured_media":0,"parent":9,"menu_order":0,"comment_status":"open","ping_status":"closed","template":"","meta":{"footnotes":""},"class_list":["post-240","page","type-page","status-publish","hentry"],"_links":{"self":[{"href":"https:\/\/www.bachstrasse6.de\/index.php?rest_route=\/wp\/v2\/pages\/240","targetHints":{"allow":["GET"]}}],"collection":[{"href":"https:\/\/www.bachstrasse6.de\/index.php?rest_route=\/wp\/v2\/pages"}],"about":[{"href":"https:\/\/www.bachstrasse6.de\/index.php?rest_route=\/wp\/v2\/types\/page"}],"author":[{"embeddable":true,"href":"https:\/\/www.bachstrasse6.de\/index.php?rest_route=\/wp\/v2\/users\/2"}],"replies":[{"embeddable":true,"href":"https:\/\/www.bachstrasse6.de\/index.php?rest_route=%2Fwp%2Fv2%2Fcomments&post=240"}],"version-history":[{"count":6,"href":"https:\/\/www.bachstrasse6.de\/index.php?rest_route=\/wp\/v2\/pages\/240\/revisions"}],"predecessor-version":[{"id":292,"href":"https:\/\/www.bachstrasse6.de\/index.php?rest_route=\/wp\/v2\/pages\/240\/revisions\/292"}],"up":[{"embeddable":true,"href":"https:\/\/www.bachstrasse6.de\/index.php?rest_route=\/wp\/v2\/pages\/9"}],"wp:attachment":[{"href":"https:\/\/www.bachstrasse6.de\/index.php?rest_route=%2Fwp%2Fv2%2Fmedia&parent=240"}],"curies":[{"name":"wp","href":"https:\/\/api.w.org\/{rel}","templated":true}]}}