{"id":234,"date":"2011-09-17T16:53:37","date_gmt":"2011-09-17T14:53:37","guid":{"rendered":"http:\/\/www.bachstrasse2.de\/?page_id=234"},"modified":"2013-08-20T13:48:17","modified_gmt":"2013-08-20T11:48:17","slug":"laufergebnisse-1999","status":"publish","type":"page","link":"https:\/\/www.bachstrasse6.de\/?page_id=234","title":{"rendered":"Laufergebnisse 1999"},"content":{"rendered":"<p><span><span style=\"font-family: Arial,Helvetica;\"><span>Training ist ja recht und sch\u00f6n, doch ein Duell im Wettkampf ist eben durch nichts zu ersetzen. Deshalb starten wir auch wann immer es m\u00f6glich ist bei offiziellen Wettk\u00e4mpfen in unserer Umgebung. Hier die Ergebnisse des Jahres 1999:<\/span><\/span><\/span><\/p>\n<p><strong>Waldlauf<\/strong>, 13.05.99, W\u00f6ssingen, 10 km, 97 Teilnehmer<br \/>\nBernhard Frey 45:02 min. (37), Oliver Lamprecht 49:38 min. (66)<br \/>\n<strong>K\u00e4mpfelbach-Lauf<\/strong>, 15.05.99, Ersingen, 10 km, 137 Teilnehmer<br \/>\nMartin Nelius 42:34 min. (34), Bernhard Frey 44:51 min. (50), Timo Brenk 46:39 min. (68), Marco Frei 46:56 min. (71), Simone Frei 49:45 min. (89), Oliver Lamprecht 50:35 min. (92), Andreas Frey 55:05 min. (119), Tobias H\u00e4user 56:42 min. (123)<br \/>\n<strong>Mosbacher Stadtlauf<\/strong>, 26.06.99, Mosbach, 9,5 km, 92 Teilnehmer<br \/>\nBernhard Frey 40:18 min. (50), Timo Brenk 42:04 min. (56), Marco Frei 42:52 min. (63), Manuela Aab 45:54 min. (76), Oliver Lamprecht 46:44 min. (80), Tobias H\u00e4user 48:21 min. (85), Karin Rohatsch 57:48 min. (92, aber 1. ihrer Klasse)<br \/>\n<strong>3. Brettener Volkslauf<\/strong>, 11.07.99, Bretten-G\u00f6lshausen, 10 km, 78 Teilnehmer<br \/>\nBernhard Frey 42:24 min. (19), Marco Frei 44:39 min. (30), Oliver Lamprecht 48:30 min. (48)<br \/>\n<strong>9. Albersweilerer Mitternachtslauf<\/strong>, 17.07.99, Albersweiler, 8,5 km, 1369 Teilnehmer (!)<br \/>\nBernhard Frey 37:42 min. (285), Marco Frei 39:56 min. (389), Karin Rohatsch 54:54 min. (1177)<br \/>\n<strong>7. Mitternachtslauf<\/strong>, 07.08.99, Bischweier, 7,77 km, 865 Teilnehmer<br \/>\nBernhard Frey 33:48 min. (169), Marco Frei 35:16 min. (221), Timo Brenk 35:52 min. (257), Mario Brenk 37:14 min. (342), Simone Frei 37:15 min. (343), Oliver Lamprecht 37:31 min. (364), Andr\u00e9 Reiling 39:54 min. (470), Bernd Brenk 39:56 min. (473), Thorsten Heidt 43:31 min. (629), Tobias H\u00e4user 44:10 min. (651), Stephan Graw 47:12 min. (745), Karin Rohatsch 49:12 min. (791), Sandra Guhl 51:46 min. (830)<br \/>\n<strong>31. Kupferberglauf<\/strong>, 29.08.99, Bad Rippoldsau, Halbmarathon 21,1 km<br \/>\nBernhard Frey 1:37:49 h (60), Oliver Lamprecht 1:54:18 h (137), Timo Brenk 1:58:07 h (147), Tobias H\u00e4user 2:01:54 h (152)<br \/>\nMannschaftswertung: 5:30:14 h (18)<br \/>\n<strong>5. Int. Remchinger Schlossbadlauf<\/strong>, 11.09.99, Wilferdingen, 10 km, 306 Teilnehmer<br \/>\nMarco Frei 46:47 min. (152), Timo Brenk 47:38 min. (164), Tobias H\u00e4user 51:51 min. (220)<br \/>\n<strong>17. Baden-Marathon<\/strong>, 19.09.99, Karlsruhe, Halbmarathon 21,1 km, 2.130 Teilnehmer<br \/>\nMartin Nelius 1:37:03 h (444), Marco Frei 1:45:29 h (846)<br \/>\n<strong>7. Turmberglauf<\/strong>, 02.10.99, Karlsruhe-Durlach, 10 km, 345 Teilnehmer<br \/>\nBernhard Frey 43:10 min. (81), Oliver Lamprecht 48:21 min. (186), Andreas Frey 54:14 min. (262)<br \/>\n<strong>13. Int. \u201cOberwald\u201d-Volkslauf<\/strong>, 16.10.99, Karlsruhe-R\u00fcppurr, 10 km, 327 Teilnehmer<br \/>\nBernhard Frey 41:33 min. (76), Timo Brenk 45:09 min. (133), Marco Frei 45:48 min. (140)<br \/>\nMannschaftswertung: 44:10 min.(21 von 46)<br \/>\n<strong>22. Pfinztal-Volkslauf<\/strong>, 31.10.99, Berghausen, 10 km, 284 Teilnehmer<br \/>\nBernhard Frey 43:24 min. (101), Oliver Lamprecht 48:08 min. (189)<br \/>\n<strong>11. Karlsbader Volkslauf<\/strong>, 07.11.99, Langensteinbach, 10 km, 311 Teilnehmer<br \/>\nBernhard Frey 45:36 min. (95), Oliver Lamprecht 49:07 min. (155), Tobias H\u00e4user 56:30 min. (255)<br \/>\n<strong>7. KSC-Schlossparklauf<\/strong>, 14.11.99, Karlsruhe, 9,7 km, 513 Teilnehmer<br \/>\nBernhard Frey 41:57 min. (150), Marco Frei 44:17 min. (208), Oliver Lamprecht 46:22 min. (270)<\/p>\n<p>&nbsp;<\/p>\n<div id=\"attachment_808\" style=\"width: 310px\" class=\"wp-caption alignleft\"><img loading=\"lazy\" decoding=\"async\" aria-describedby=\"caption-attachment-808\" src=\"http:\/\/www.bachstrasse6.de\/wp-content\/uploads\/2008\/10\/gebmnka99-300x225.jpg\" alt=\"Martin Nelius beim Baden-Marathon Karlsruhe 1999\" width=\"300\" height=\"225\" class=\"size-medium wp-image-808\" srcset=\"https:\/\/www.bachstrasse6.de\/wp-content\/uploads\/2008\/10\/gebmnka99-300x225.jpg 300w, https:\/\/www.bachstrasse6.de\/wp-content\/uploads\/2008\/10\/gebmnka99.jpg 320w\" sizes=\"auto, (max-width: 300px) 100vw, 300px\" \/><p id=\"caption-attachment-808\" class=\"wp-caption-text\">Martin Nelius beim Baden-Marathon Karlsruhe 1999<\/p><\/div>\n<p>&nbsp;<\/p>\n<div id=\"attachment_807\" style=\"width: 310px\" class=\"wp-caption alignleft\"><img loading=\"lazy\" decoding=\"async\" aria-describedby=\"caption-attachment-807\" src=\"http:\/\/www.bachstrasse6.de\/wp-content\/uploads\/2008\/10\/gebmfka99-300x225.jpg\" alt=\"Marco Frei beim Baden-Marathon Karlsruhe 1999\" width=\"300\" height=\"225\" class=\"size-medium wp-image-807\" srcset=\"https:\/\/www.bachstrasse6.de\/wp-content\/uploads\/2008\/10\/gebmfka99-300x225.jpg 300w, https:\/\/www.bachstrasse6.de\/wp-content\/uploads\/2008\/10\/gebmfka99.jpg 320w\" sizes=\"auto, (max-width: 300px) 100vw, 300px\" \/><p id=\"caption-attachment-807\" class=\"wp-caption-text\">Marco Frei beim Baden-Marathon Karlsruhe 1999<\/p><\/div>\n<p>&nbsp;<\/p>\n","protected":false},"excerpt":{"rendered":"<p>Training ist ja recht und sch\u00f6n, doch ein Duell im Wettkampf ist eben durch nichts zu ersetzen. Deshalb starten wir auch wann immer es m\u00f6glich ist bei offiziellen Wettk\u00e4mpfen in unserer Umgebung. Hier die Ergebnisse des Jahres 1999: Waldlauf, 13.05.99, W\u00f6ssingen, 10 km, 97 Teilnehmer Bernhard Frey 45:02 min. (37), Oliver Lamprecht 49:38 min. (66) [&hellip;]<\/p>\n","protected":false},"author":2,"featured_media":0,"parent":9,"menu_order":0,"comment_status":"open","ping_status":"closed","template":"","meta":{"footnotes":""},"class_list":["post-234","page","type-page","status-publish","hentry"],"_links":{"self":[{"href":"https:\/\/www.bachstrasse6.de\/index.php?rest_route=\/wp\/v2\/pages\/234","targetHints":{"allow":["GET"]}}],"collection":[{"href":"https:\/\/www.bachstrasse6.de\/index.php?rest_route=\/wp\/v2\/pages"}],"about":[{"href":"https:\/\/www.bachstrasse6.de\/index.php?rest_route=\/wp\/v2\/types\/page"}],"author":[{"embeddable":true,"href":"https:\/\/www.bachstrasse6.de\/index.php?rest_route=\/wp\/v2\/users\/2"}],"replies":[{"embeddable":true,"href":"https:\/\/www.bachstrasse6.de\/index.php?rest_route=%2Fwp%2Fv2%2Fcomments&post=234"}],"version-history":[{"count":5,"href":"https:\/\/www.bachstrasse6.de\/index.php?rest_route=\/wp\/v2\/pages\/234\/revisions"}],"predecessor-version":[{"id":296,"href":"https:\/\/www.bachstrasse6.de\/index.php?rest_route=\/wp\/v2\/pages\/234\/revisions\/296"}],"up":[{"embeddable":true,"href":"https:\/\/www.bachstrasse6.de\/index.php?rest_route=\/wp\/v2\/pages\/9"}],"wp:attachment":[{"href":"https:\/\/www.bachstrasse6.de\/index.php?rest_route=%2Fwp%2Fv2%2Fmedia&parent=234"}],"curies":[{"name":"wp","href":"https:\/\/api.w.org\/{rel}","templated":true}]}}