{"id":230,"date":"2011-09-17T16:52:45","date_gmt":"2011-09-17T14:52:45","guid":{"rendered":"http:\/\/www.bachstrasse2.de\/?page_id=230"},"modified":"2013-08-20T13:44:14","modified_gmt":"2013-08-20T11:44:14","slug":"laufergebnisse-2001","status":"publish","type":"page","link":"https:\/\/www.bachstrasse6.de\/?page_id=230","title":{"rendered":"Laufergebnisse 2001"},"content":{"rendered":"<p><span><span style=\"font-family: Arial,Helvetica;\"><span>Training ist ja recht und sch\u00f6n, doch ein Duell im Wettkampf ist eben durch nichts zu ersetzen. Deshalb starten wir auch wann immer es m\u00f6glich ist bei offiziellen Wettk\u00e4mpfen in unserer Umgebung. Hier die Ergebnisse des Jahres 2001:<\/span><\/span><\/span><\/p>\n<p><strong>15. Crosslauf<\/strong>, 28.01.01, Kraichtal-Oberacker, 10 km, 184 Teilnehmer<br \/>\nMarco Frei 49:40 min. (80), Bernhard Frey 50:37 min. (86), Oliver Lamprecht 62:19 min. (164)<br \/>\nMannschaftswertung: 2:42:36 h (14 von 17)<br \/>\n<strong>16. Hasensprunglauf<\/strong>, 31.03.01, J\u00f6hlingen, 10 km, 249 Teilnehmer<br \/>\nBernhard Frey 42:42 min. (56), Marco Frei 46:05 min. (93), Christoph Toussaint 48.13 min. (124), Andreas Frey 49:53 min. (145)<br \/>\n<strong>24. Rhein-Volkslauf<\/strong>, 21.04.01, Maximiliansau, 10 km, 218 Teilnehmer<br \/>\nBernhard Frey 44:09 min. (97), Marco Frei 45:14 min. (111), Oliver Lamprecht 53.16 min. (181)<br \/>\n<strong>20. Heidelberger Halbmarathon<\/strong>, 29.04.01, Heidelberg, 21,1 km, 1.536 Teilnehmer<br \/>\nMartin Nelius 1:40:16 h (279), Marco Frei 1:46:37 h (504), Oliver Lamprecht 2:19:38 h (1444)<br \/>\n<strong>K\u00e4mpfelbach-Lauf<\/strong>, 12.05.01, Ersingen, 10 km, 127 Teilnehmer<br \/>\nMartin Nelius 43:42 min. (24), Bernhard Frey 44:11 min. (26), Marco Frei 45:21 min. (38), Timo Brenk 46:44 min. (49), Andreas Frey 51:10 min. (80)<br \/>\n<strong>City-Lauf<\/strong>, 18.05.01, Pforzheim, 7,5 km, 305 Teilnehmer<br \/>\nBernhard Frey 31:41 min. (96), Marco Frei 32:33 min. (114), Timo Brenk 35:09 min. (181), Simone Frei 35:13 min. (184), Oliver Lamprecht 38:31 min. (240), Karin Rohatsch 42:29 min. (284)<br \/>\n<strong>Waldlauf<\/strong>, 24.05.01, W\u00f6ssingen, 10 km, 133 Teilnehmer<br \/>\nBernhard Frey 43:19 min. (39), Marco Frei 46:16 min. (59), Andreas Frey 49:38 min. (80), Oliver Lamprecht 55:48 min. (116)<br \/>\n<strong>8. Remchinger Triathlon<\/strong>, 27.05.01, Wilferdingen, 500 m Schwimmen, 20 km Radfahren, 5 km Laufen, 7 Teams<br \/>\nGebajo\u2019s Bilfingen I (Karin Rohatsch, Andreas Kamm, Bernhard Frey) 1:12:37 h (11:07\/36:25\/25:05) (2), Gebajo\u2019s Bilfingen II (Marco Frei, Heiko G\u00f6hringer, Simone Frei) 1:14:02 h (10:55\/34:54\/28:13) (3)<br \/>\n<strong>3. Gr\u00f6tzinger Volkslauf<\/strong>, 15.06.01, Gr\u00f6tzingen, 10 km, 132 Teilnehmer<br \/>\nBernhard Frey 41:47 min. (37), Dirk Hemminger 49:22 min. (91), Oliver Lamprecht 49:30 min. (93)<br \/>\n<strong>1. Heilbronner Trollinger-Marathon<\/strong>, 16.06.01, Heilbronn, 21,1 km, 1.354 Teilnehmer<br \/>\nMarco Frei 1:42:25 h (222), Martin Nelius 1:45:53 h (299)<br \/>\n<strong>9. Mitternachtslauf<\/strong>, 16.06.01, Bischweier, 7,77 km, 1.516 Teilnehmer<br \/>\nBernhard Frey 32:04 min. (142), Marco Frei 35:45 min. (360), Timo Brenk 37:20 min. (483), Oliver Lamprecht 40:02 min. (699), Karin Rohatsch 42:20 min. (883), Martin Nelius 42:31 min. (890)<br \/>\nMannschaftswertung: 3:07:31 h (45 von 84)<br \/>\n<strong>13. Int. Grabener Asparaguslauf<\/strong>, 01.07.01, Graben-Neudorf, 10 km, 362 Teilnehmer<br \/>\nBernhard Frey 40:58 min. (51), Oliver Lamprecht 51:43 min. (233)<br \/>\n<strong>11. Albersweilerer Mitternachtslauf<\/strong>, 13.07.01, Albersweiler, 8,2 km, 1.483 Teilnehmer<br \/>\nBernhard Frey 34:50 min. (115), Marco Frei 36:11 min. (176), Dirk Hemminger 40:35 min. (392), Oliver Lamprecht 41:28 min. (437), Karin Rohatsch 48:11 min. (897)<br \/>\n<strong>33. Kupferberglauf<\/strong>, 26.08.01, Bad Rippoldsau, Halbmarathon 21,1 km, 115 Teilnehmer<br \/>\nUlrich Saur 1:50:43 h (72)<br \/>\n<strong>33. Kupferberglauf<\/strong>, 26.08.01, Bad Rippoldsau, 10 km, 90 Teilnehmer<br \/>\nMarco Frei 46:23 min. (41)<br \/>\n<strong>19. Baden-Marathon<\/strong>, 16.09.01, Karlsruhe, Halbmarathon 21,1 km, 3.970 Teilnehmer<br \/>\nMarco Frei 1:37:48 h (803), Martin Nelius 1:44:00 h (1320)<br \/>\n<strong>16. Hardtwaldlauf<\/strong>, 14.10.01, Karlsruhe, 10 km, 467 Teilnehmer<br \/>\nMartin Nelius 43:14 min. (129), Marco Frei 43:25 min. (133)<br \/>\n<strong>24. Pfinztal-Volkslauf<\/strong>, 28.10.01, Berghausen, 10 km, 485 Teilnehmer<br \/>\nMarco Frei 44:14 min. (203)<br \/>\n<strong>13. Karlsbader Volkslauf<\/strong>, 11.11.01, Langensteinbach, 10 km, 306 Teilnehmer<br \/>\nDirk Hemminger 50:48 min. (164), Oliver Lamprecht 55:10 min. (238), Bernhard Frey 55:12 min. (239)<\/p>\n<p>&nbsp;<\/p>\n<div id=\"attachment_814\" style=\"width: 213px\" class=\"wp-caption alignleft\"><img loading=\"lazy\" decoding=\"async\" aria-describedby=\"caption-attachment-814\" src=\"http:\/\/www.bachstrasse6.de\/wp-content\/uploads\/2008\/10\/gebmfhd01-203x300.jpg\" alt=\"Marco Frei beim Heidelberger Halbmarathon 2001\" width=\"203\" height=\"300\" class=\"size-medium wp-image-814\" srcset=\"https:\/\/www.bachstrasse6.de\/wp-content\/uploads\/2008\/10\/gebmfhd01-203x300.jpg 203w, https:\/\/www.bachstrasse6.de\/wp-content\/uploads\/2008\/10\/gebmfhd01.jpg 600w\" sizes=\"auto, (max-width: 203px) 100vw, 203px\" \/><p id=\"caption-attachment-814\" class=\"wp-caption-text\">Marco Frei beim Heidelberger Halbmarathon 2001<\/p><\/div>\n<p>&nbsp;<\/p>\n","protected":false},"excerpt":{"rendered":"<p>Training ist ja recht und sch\u00f6n, doch ein Duell im Wettkampf ist eben durch nichts zu ersetzen. Deshalb starten wir auch wann immer es m\u00f6glich ist bei offiziellen Wettk\u00e4mpfen in unserer Umgebung. Hier die Ergebnisse des Jahres 2001: 15. Crosslauf, 28.01.01, Kraichtal-Oberacker, 10 km, 184 Teilnehmer Marco Frei 49:40 min. (80), Bernhard Frey 50:37 min. [&hellip;]<\/p>\n","protected":false},"author":2,"featured_media":0,"parent":9,"menu_order":0,"comment_status":"open","ping_status":"closed","template":"","meta":{"footnotes":""},"class_list":["post-230","page","type-page","status-publish","hentry"],"_links":{"self":[{"href":"https:\/\/www.bachstrasse6.de\/index.php?rest_route=\/wp\/v2\/pages\/230","targetHints":{"allow":["GET"]}}],"collection":[{"href":"https:\/\/www.bachstrasse6.de\/index.php?rest_route=\/wp\/v2\/pages"}],"about":[{"href":"https:\/\/www.bachstrasse6.de\/index.php?rest_route=\/wp\/v2\/types\/page"}],"author":[{"embeddable":true,"href":"https:\/\/www.bachstrasse6.de\/index.php?rest_route=\/wp\/v2\/users\/2"}],"replies":[{"embeddable":true,"href":"https:\/\/www.bachstrasse6.de\/index.php?rest_route=%2Fwp%2Fv2%2Fcomments&post=230"}],"version-history":[{"count":6,"href":"https:\/\/www.bachstrasse6.de\/index.php?rest_route=\/wp\/v2\/pages\/230\/revisions"}],"predecessor-version":[{"id":1231,"href":"https:\/\/www.bachstrasse6.de\/index.php?rest_route=\/wp\/v2\/pages\/230\/revisions\/1231"}],"up":[{"embeddable":true,"href":"https:\/\/www.bachstrasse6.de\/index.php?rest_route=\/wp\/v2\/pages\/9"}],"wp:attachment":[{"href":"https:\/\/www.bachstrasse6.de\/index.php?rest_route=%2Fwp%2Fv2%2Fmedia&parent=230"}],"curies":[{"name":"wp","href":"https:\/\/api.w.org\/{rel}","templated":true}]}}