{"id":228,"date":"2011-09-17T16:52:21","date_gmt":"2011-09-17T14:52:21","guid":{"rendered":"http:\/\/www.bachstrasse2.de\/?page_id=228"},"modified":"2013-08-20T13:42:04","modified_gmt":"2013-08-20T11:42:04","slug":"laufergebnisse-2002","status":"publish","type":"page","link":"https:\/\/www.bachstrasse6.de\/?page_id=228","title":{"rendered":"Laufergebnisse 2002"},"content":{"rendered":"<p><span><span style=\"font-family: Arial,Helvetica;\"><span>Training ist ja recht und sch\u00f6n, doch ein Duell im Wettkampf ist eben durch nichts zu ersetzen. Deshalb starten wir auch wann immer es m\u00f6glich ist bei offiziellen Wettk\u00e4mpfen in unserer Umgebung. Hier die Ergebnisse des Jahres 2002:<\/span><\/span><\/span><\/p>\n<p><span><span style=\"font-family: Arial,Helvetica;\"><span><strong>K\u00e4mpfelbach-Lauf<\/strong>, 20.04.02, Ersingen, 10 km, 139 Teilnehmer<br \/>\nMarco Frei 45:19 min. (40), Timo Brenk 47:14 min. (58)<br \/>\n<strong>21. Heidelberger Halbmarathon<\/strong>, 28.04.02, Heidelberg, 21,1 km, 1.815 Teilnehmer<br \/>\nMartin Nelius 1:39:04 h (365), Marco Frei 1:42:52 h (510), Oliver Lamprecht 2:13:31 h (1619)<br \/>\n<strong>Waldlauf<\/strong>, 09.05.02, W\u00f6ssingen, 10 km, 109 Teilnehmer<br \/>\nMarco Frei 46:15 min. (40), Bernhard Frey 48:18 min. (57), Andreas Frey 50:14 min. (65), Oliver Lamprecht 56:14 min. (88), Karin Rohatsch 64:51 min. (106)<br \/>\n<strong>4. Gr\u00f6tzinger Volkslauf<\/strong>, 31.05.02, Gr\u00f6tzingen, 10 km, 214 Teilnehmer<br \/>\nMarco Frei 43:27 min. (62), Timo Brenk 46:39 min. (97), Dirk P\u00f6tschke 48:49 (126), Oliver Lamprecht 52:26 min. (162), Karin Rohatsch 58:46 (203)<br \/>\n<strong>2. Heilbronner Trollinger-Marathon<\/strong>, 09.06.02, Heilbronn, 21,1 km, 2.428 Teilnehmer<br \/>\nMarco Frei 1:44:25 h (437), Martin Nelius 1:46:43 h (515)<br \/>\n<strong>10. Mitternachtslauf<\/strong>, 15.06.02, Bischweier, 7,77 km, 1.984 Teilnehmer<br \/>\nHeiko G\u00f6hringer 34:07 min. (243), Marco Frei 34:48 min. (290), Bernhard Frey 35:31 min. (348), Timo Brenk 40:18 min. (770), Oliver Lamprecht 41:34 min. (876), Karin Rohatsch 45:26 min. (1.237), Christine Poiget 46.31 min. (1.307)<br \/>\nMannschaftswertung: 3:06:18 h (53 von 222)<br \/>\n<strong>12. Albersweilerer Mitternachtslauf<\/strong>, 19.07.02, Albersweiler, 8,2 km, 1.494 Teilnehmer<br \/>\nBernhard Frey 36:48 min. (186), Marco Frei 37:42 min. (226), Timo Brenk 38:07 min. (251), Dirk Hemminger 38:59 min. (292), Dirk P\u00f6tschke 43:52 min. (575), Oliver Lamprecht 44:48 min. (646), Karin Rohatsch 51:10 min. (1.050)<br \/>\n<strong>20. Baden-Marathon<\/strong>, 15.09.02, Karlsruhe, Halbmarathon 21,1 km, 4.060 Teilnehmer<br \/>\nMarco Frei 1:44:31 h (1.187)<br \/>\n<strong>7. Ranntal-Lauf<\/strong>, 21.09.02, Wilferdingen, 9,75 km, 174 Teilnehmer<br \/>\nMarco Frei 42:39 min. (45)<br \/>\n<strong>10. Turmberglauf<\/strong>, 05.10.02, Karlsruhe-Durlach, 10 km, 619 Teilnehmer<br \/>\nMarco Frei 43:08 min. (143), Timo Brenk 45:12 min. (193), Bernhard Frey 48:35 min. (306), Dirk Hemminger 48.36 min. (307), Oliver Lamprecht 53:07 min. (439)<br \/>\n<strong>17. Hardtwaldlauf<\/strong>, 13.10.02, Karlsruhe, 5 km, 147 Teilnehmer<br \/>\nChristine Poiget 30:12 min. (84)<br \/>\n<strong>17. Hardtwaldlauf<\/strong>, 13.10.02, Karlsruhe, 10 km, 433 Teilnehmer<br \/>\nMarco Frei 43:53 min. (108), Bernhard Frey 44:43 min. (123), Oliver Lamprecht 52:38 min. (303)<br \/>\n<strong>25. Nikolauslauf<\/strong>, 08.12.02, Bad Sch\u00f6nborn, 10 km, 631 Teilnehmer<br \/>\nMartin Nelius 43:17 min. (97), Marco Frei 44:53 min. (137)<br \/>\n<\/span><\/span><\/span><\/p>\n<p>&nbsp;<\/p>\n<div id=\"attachment_815\" style=\"width: 297px\" class=\"wp-caption alignleft\"><img loading=\"lazy\" decoding=\"async\" aria-describedby=\"caption-attachment-815\" src=\"http:\/\/www.bachstrasse6.de\/wp-content\/uploads\/2008\/10\/gebbftb02.jpg\" alt=\"Bernhard Frey beim Turmberglauf Durlach 2002\" width=\"287\" height=\"200\" class=\"size-full wp-image-815\" \/><p id=\"caption-attachment-815\" class=\"wp-caption-text\">Bernhard Frey beim Turmberglauf Durlach 2002<\/p><\/div>\n<p>&nbsp;<\/p>\n<p><img decoding=\"async\" src=\"http:\/\/www.bachstrasse6.de\/wp-content\/uploads\/2008\/10\/gebmfbsb02.bmp\" alt=\"Marco Frei beim Nikolauslauf Bad Sch\u00f6nborn 2002\" class=\"alignleft size-medium wp-image-816\" \/><\/p>\n<p>&nbsp;<\/p>\n<p><img decoding=\"async\" src=\"http:\/\/www.bachstrasse6.de\/wp-content\/uploads\/2008\/10\/gebmnbsb02.bmp\" alt=\"Martin Nelius beim Nikolauslauf Bad Sch\u00f6nborn 2002\" class=\"alignleft size-medium wp-image-817\" \/><\/p>\n<p>&nbsp;<\/p>\n","protected":false},"excerpt":{"rendered":"<p>Training ist ja recht und sch\u00f6n, doch ein Duell im Wettkampf ist eben durch nichts zu ersetzen. Deshalb starten wir auch wann immer es m\u00f6glich ist bei offiziellen Wettk\u00e4mpfen in unserer Umgebung. Hier die Ergebnisse des Jahres 2002: K\u00e4mpfelbach-Lauf, 20.04.02, Ersingen, 10 km, 139 Teilnehmer Marco Frei 45:19 min. (40), Timo Brenk 47:14 min. (58) [&hellip;]<\/p>\n","protected":false},"author":2,"featured_media":0,"parent":9,"menu_order":0,"comment_status":"open","ping_status":"closed","template":"","meta":{"footnotes":""},"class_list":["post-228","page","type-page","status-publish","hentry"],"_links":{"self":[{"href":"https:\/\/www.bachstrasse6.de\/index.php?rest_route=\/wp\/v2\/pages\/228","targetHints":{"allow":["GET"]}}],"collection":[{"href":"https:\/\/www.bachstrasse6.de\/index.php?rest_route=\/wp\/v2\/pages"}],"about":[{"href":"https:\/\/www.bachstrasse6.de\/index.php?rest_route=\/wp\/v2\/types\/page"}],"author":[{"embeddable":true,"href":"https:\/\/www.bachstrasse6.de\/index.php?rest_route=\/wp\/v2\/users\/2"}],"replies":[{"embeddable":true,"href":"https:\/\/www.bachstrasse6.de\/index.php?rest_route=%2Fwp%2Fv2%2Fcomments&post=228"}],"version-history":[{"count":5,"href":"https:\/\/www.bachstrasse6.de\/index.php?rest_route=\/wp\/v2\/pages\/228\/revisions"}],"predecessor-version":[{"id":1227,"href":"https:\/\/www.bachstrasse6.de\/index.php?rest_route=\/wp\/v2\/pages\/228\/revisions\/1227"}],"up":[{"embeddable":true,"href":"https:\/\/www.bachstrasse6.de\/index.php?rest_route=\/wp\/v2\/pages\/9"}],"wp:attachment":[{"href":"https:\/\/www.bachstrasse6.de\/index.php?rest_route=%2Fwp%2Fv2%2Fmedia&parent=228"}],"curies":[{"name":"wp","href":"https:\/\/api.w.org\/{rel}","templated":true}]}}