{"id":225,"date":"2011-09-17T16:51:33","date_gmt":"2011-09-17T14:51:33","guid":{"rendered":"http:\/\/www.bachstrasse2.de\/?page_id=225"},"modified":"2013-08-20T13:35:12","modified_gmt":"2013-08-20T11:35:12","slug":"laufergebnisse-2003","status":"publish","type":"page","link":"https:\/\/www.bachstrasse6.de\/?page_id=225","title":{"rendered":"Laufergebnisse 2003"},"content":{"rendered":"<p><span><span style=\"font-family: Arial,Helvetica;\"><span>Training ist ja recht und sch\u00f6n, doch ein Duell im Wettkampf ist eben durch nichts zu ersetzen. Deshalb starten wir auch wann immer es m\u00f6glich ist bei offiziellen Wettk\u00e4mpfen in unserer Umgebung. Hier die Ergebnisse des Jahres 2003:<\/span><\/span><\/span><\/p>\n<p><strong>17. Crosslauf<\/strong>, 26.01.03, Kraichtal-Oberacker, 10 km, 165 Teilnehmer<br \/>\nBernhard Frey 49:54 min. (66), Marco Frei 50:30 min. (71)<br \/>\n<strong>Kreiswaldlaufmeisterschaften<\/strong>, 15.03.03, Dennach, 9,1km, 15 Teilnehmer<br \/>\nMarco Frei 40:55 min. (13)<br \/>\n<strong>Heidelberger Minimarathon<\/strong>, 27.04.03, Heidelberg, 4,2 km, 230 Teilnehmer<br \/>\nChristine Poiget 22:37min. (144)<br \/>\n<strong>22. Heidelberger Halbmarathon<\/strong>, 27.04.03, Heidelberg, 21,1 km, 2.769 Teilnehmer<br \/>\nMarco Frei 1:48:00 h (752), Martin Nelius 1:48:02 h (754), Oliver Lamprecht 2:14:06 h (2303)<br \/>\n<strong>K\u00e4mpfelbach-Lauf<\/strong>, 17.05.03, Ersingen, 10 km, 206 Teilnehmer<br \/>\nMarco Frei 44:39 min. (63), Timo Brenk 45:13 min. (69), Bernhard Frey 45:48 min. (80), Andreas Frey 50:13 min. (129), Karin Rohatsch 64:15 min. (205)<br \/>\n<strong>9. Remchinger Triathlon<\/strong>, 18.05.03, Wilferdingen, 500 m Schwimmen, 20 km Radfahren, 5 km Laufen, 19 Teams<br \/>\nGebajo\u2019s Bilfingen (Christine Poiget, Hans-J\u00f6rg Koch, Marco Frei) 1:23:23 h (10:22 \/ 51:21 \/ 21:40) (11)<br \/>\n<strong>3. Heilbronner Trollinger-Marathon<\/strong>, 25.05.03, Heilbronn, 21,1 km, 3.459 Teilnehmer<br \/>\nMartin Nelius 1:40:35 h (599), Marco Frei 1:41:09 h (634)<br \/>\n<strong>1. Int. Kieselbronner Gei\u00dfeschenner-Halbmarathon<\/strong>, 14.06.03, Kieselbronn, 5 km, 62 Teilnehmer<br \/>\nChristine Poiget 24:08 min. (42)<br \/>\n<strong>1. Int. Kieselbronner Gei\u00dfeschenner-Halbmarathon<\/strong>, 14.06.03, Kieselbronn, 21,1 km, 204 Teilnehmer<br \/>\nMarco Frei 1:42:11 h (67)<br \/>\n<strong>City-Lauf<\/strong>, 27.06.03, Pforzheim, 7,8 km, 324 Teilnehmer<br \/>\nMarco Frei 33:54 min. (91), Timo Brenk 34:30 min. (104)<br \/>\n<strong>18. Volkslauf B\u00fcchig<\/strong>, 12.07.03, B\u00fcchig, 10 km, 469 Teilnehmer<br \/>\nMarco Frei 43:46 min. (121), Bernhard Frey 44:54 min. (153), Timo Brenk 45:12 min. (161)<br \/>\n<strong>13. Albersweilerer Mitternachtslauf<\/strong>, 18.07.03, Albersweiler, 8,2 km, 1.563 Teilnehmer<br \/>\nBernhard Frey 35:35 min. (156), Marco Frei 36:16 min. (180), Timo Brenk 37:24 min. (254), Oliver Lamprecht 42:45 min. (589), Christine Poiget 47:58 min. (937), Karin Rohatsch 49:37 min. (1.047)<br \/>\n<strong>21. Baden-Marathon<\/strong>, 21.09.03, Karlsruhe, Halbmarathon 21,1 km, 4.452 Teilnehmer<br \/>\nMarco Frei 1:38:38 h (594)<br \/>\n<strong>8. Ranntal-Lauf<\/strong>, 27.09.03, Wilferdingen, 5 km, 54 Teilnehmer<br \/>\nChristine Poiget 26:52 min. (31), Horst Frei 28:34 min. (34), Willi Weing\u00e4rtner 30:58 min. (47)<br \/>\n<strong>8. Ranntal-Lauf<\/strong>, 27.09.03, Wilferdingen, 10 km, 243 Teilnehmer<br \/>\nMarco Frei 43:24 min. (62), Bernhard Frey 46:07 min. (96)<br \/>\n<strong>11. Turmberglauf<\/strong>, 04.10.03, Karlsruhe-Durlach, 10 km, 495 Teilnehmer<br \/>\nMarco Frei 42:51 min. (88), Bernhard Frey 44:31 min. (122), Timo Brenk 44:46 min. (127)<br \/>\n<strong>18. Hardtwaldlauf<\/strong>, 12.10.03, Karlsruhe, 10 km, 441 Teilnehmer<br \/>\nMarco Frei 42:34 min. (105), Bernhard Frey 43:03 min. (117)<br \/>\n<strong>26. Pfinztallauf<\/strong>, 26.10.03, Berghausen, 10 km, 684 Teilnehmer<br \/>\nBernhard Frey 44:14 min. (207), Oliver Lamprecht 50:38 min. (419)<br \/>\n<strong>15. Karlsbader Volkslauf<\/strong>, 09.11.03, Langensteinbach, 10 km, 285 Teilnehmer<br \/>\nOliver Lamprecht 52:30 min. (167)<br \/>\n<strong>16. Forchheimer Silvesterlauf<\/strong>, 31.12.03, Forchheim, 10 km, 540 Teilnehmer<br \/>\nOliver Lamprecht 50:28 min. (297)<\/p>\n<p>&nbsp;<\/p>\n<p><img decoding=\"async\" src=\"http:\/\/www.bachstrasse6.de\/wp-content\/uploads\/2008\/10\/gebbfoa03.bmp\" alt=\"Berhhard Frey beim Crosslauf Oberacker 2003\" class=\"alignleft size-medium wp-image-819\" \/><\/p>\n<p>&nbsp;<\/p>\n<div id=\"attachment_821\" style=\"width: 167px\" class=\"wp-caption alignleft\"><img loading=\"lazy\" decoding=\"async\" aria-describedby=\"caption-attachment-821\" src=\"http:\/\/www.bachstrasse6.de\/wp-content\/uploads\/2008\/10\/gebmfde03-2-157x300.jpg\" alt=\"Marco Frei bei der Kreiswaldlaufmeisterschaft Dennach 2003\" width=\"157\" height=\"300\" class=\"size-medium wp-image-821\" \/><p id=\"caption-attachment-821\" class=\"wp-caption-text\">Marco Frei bei der Kreiswaldlaufmeisterschaft Dennach 2003<\/p><\/div>\n<p>&nbsp;<\/p>\n<div id=\"attachment_820\" style=\"width: 310px\" class=\"wp-caption alignleft\"><img loading=\"lazy\" decoding=\"async\" aria-describedby=\"caption-attachment-820\" src=\"http:\/\/www.bachstrasse6.de\/wp-content\/uploads\/2008\/10\/gebcphd03-300x214.jpg\" alt=\"Christine Frei beim Heidelberger Halbmarathon 2003\" width=\"300\" height=\"214\" class=\"size-medium wp-image-820\" srcset=\"https:\/\/www.bachstrasse6.de\/wp-content\/uploads\/2008\/10\/gebcphd03-300x214.jpg 300w, https:\/\/www.bachstrasse6.de\/wp-content\/uploads\/2008\/10\/gebcphd03-1024x731.jpg 1024w, https:\/\/www.bachstrasse6.de\/wp-content\/uploads\/2008\/10\/gebcphd03.jpg 1032w\" sizes=\"auto, (max-width: 300px) 100vw, 300px\" \/><p id=\"caption-attachment-820\" class=\"wp-caption-text\">Christine Frei beim Heidelberger Halbmarathon 2003<\/p><\/div>\n<p>&nbsp;<\/p>\n<div id=\"attachment_823\" style=\"width: 310px\" class=\"wp-caption alignleft\"><img loading=\"lazy\" decoding=\"async\" aria-describedby=\"caption-attachment-823\" src=\"http:\/\/www.bachstrasse6.de\/wp-content\/uploads\/2008\/10\/gebmfmnhd03-300x213.jpg\" alt=\"Martin Nelius und Marco Frei beim Heidelberger Halbmarathon 2003\" width=\"300\" height=\"213\" class=\"size-medium wp-image-823\" srcset=\"https:\/\/www.bachstrasse6.de\/wp-content\/uploads\/2008\/10\/gebmfmnhd03-300x213.jpg 300w, https:\/\/www.bachstrasse6.de\/wp-content\/uploads\/2008\/10\/gebmfmnhd03-1024x729.jpg 1024w, https:\/\/www.bachstrasse6.de\/wp-content\/uploads\/2008\/10\/gebmfmnhd03.jpg 1041w\" sizes=\"auto, (max-width: 300px) 100vw, 300px\" \/><p id=\"caption-attachment-823\" class=\"wp-caption-text\">Martin Nelius und Marco Frei beim Heidelberger Halbmarathon 2003<\/p><\/div>\n<p>&nbsp;<\/p>\n<div id=\"attachment_824\" style=\"width: 220px\" class=\"wp-caption alignleft\"><img loading=\"lazy\" decoding=\"async\" aria-describedby=\"caption-attachment-824\" src=\"http:\/\/www.bachstrasse6.de\/wp-content\/uploads\/2008\/10\/gebolhd03-210x300.jpg\" alt=\"Oliver Lamprecht beim Heidelberger Halbmarathon 2003\" width=\"210\" height=\"300\" class=\"size-medium wp-image-824\" srcset=\"https:\/\/www.bachstrasse6.de\/wp-content\/uploads\/2008\/10\/gebolhd03-210x300.jpg 210w, https:\/\/www.bachstrasse6.de\/wp-content\/uploads\/2008\/10\/gebolhd03-719x1024.jpg 719w, https:\/\/www.bachstrasse6.de\/wp-content\/uploads\/2008\/10\/gebolhd03.jpg 728w\" sizes=\"auto, (max-width: 210px) 100vw, 210px\" \/><p id=\"caption-attachment-824\" class=\"wp-caption-text\">Oliver Lamprecht beim Heidelberger Halbmarathon 2003<\/p><\/div>\n<p>&nbsp;<\/p>\n<div id=\"attachment_818\" style=\"width: 122px\" class=\"wp-caption alignleft\"><img loading=\"lazy\" decoding=\"async\" aria-describedby=\"caption-attachment-818\" src=\"http:\/\/www.bachstrasse6.de\/wp-content\/uploads\/2008\/10\/gebbfhw03.jpg\" alt=\"Bernhard Frey beim Hardtwaldlauf Karlsruhe 2003\" width=\"112\" height=\"160\" class=\"size-full wp-image-818\" \/><p id=\"caption-attachment-818\" class=\"wp-caption-text\">Bernhard Frey beim Hardtwaldlauf Karlsruhe 2003<\/p><\/div>\n<p>&nbsp;<\/p>\n","protected":false},"excerpt":{"rendered":"<p>Training ist ja recht und sch\u00f6n, doch ein Duell im Wettkampf ist eben durch nichts zu ersetzen. Deshalb starten wir auch wann immer es m\u00f6glich ist bei offiziellen Wettk\u00e4mpfen in unserer Umgebung. Hier die Ergebnisse des Jahres 2003: 17. Crosslauf, 26.01.03, Kraichtal-Oberacker, 10 km, 165 Teilnehmer Bernhard Frey 49:54 min. (66), Marco Frei 50:30 min. [&hellip;]<\/p>\n","protected":false},"author":2,"featured_media":0,"parent":9,"menu_order":0,"comment_status":"open","ping_status":"closed","template":"","meta":{"footnotes":""},"class_list":["post-225","page","type-page","status-publish","hentry"],"_links":{"self":[{"href":"https:\/\/www.bachstrasse6.de\/index.php?rest_route=\/wp\/v2\/pages\/225","targetHints":{"allow":["GET"]}}],"collection":[{"href":"https:\/\/www.bachstrasse6.de\/index.php?rest_route=\/wp\/v2\/pages"}],"about":[{"href":"https:\/\/www.bachstrasse6.de\/index.php?rest_route=\/wp\/v2\/types\/page"}],"author":[{"embeddable":true,"href":"https:\/\/www.bachstrasse6.de\/index.php?rest_route=\/wp\/v2\/users\/2"}],"replies":[{"embeddable":true,"href":"https:\/\/www.bachstrasse6.de\/index.php?rest_route=%2Fwp%2Fv2%2Fcomments&post=225"}],"version-history":[{"count":7,"href":"https:\/\/www.bachstrasse6.de\/index.php?rest_route=\/wp\/v2\/pages\/225\/revisions"}],"predecessor-version":[{"id":300,"href":"https:\/\/www.bachstrasse6.de\/index.php?rest_route=\/wp\/v2\/pages\/225\/revisions\/300"}],"up":[{"embeddable":true,"href":"https:\/\/www.bachstrasse6.de\/index.php?rest_route=\/wp\/v2\/pages\/9"}],"wp:attachment":[{"href":"https:\/\/www.bachstrasse6.de\/index.php?rest_route=%2Fwp%2Fv2%2Fmedia&parent=225"}],"curies":[{"name":"wp","href":"https:\/\/api.w.org\/{rel}","templated":true}]}}