{"id":221,"date":"2011-09-17T16:50:41","date_gmt":"2011-09-17T14:50:41","guid":{"rendered":"http:\/\/www.bachstrasse2.de\/?page_id=221"},"modified":"2013-08-20T20:06:32","modified_gmt":"2013-08-20T18:06:32","slug":"laufergebnisse-2005","status":"publish","type":"page","link":"https:\/\/www.bachstrasse6.de\/?page_id=221","title":{"rendered":"Laufergebnisse 2005"},"content":{"rendered":"<p><span><span style=\"font-family: Arial,Helvetica;\"><span>Training ist ja recht und sch\u00f6n, doch ein Duell im Wettkampf ist eben durch nichts zu ersetzen. Deshalb starten wir auch wann immer es m\u00f6glich ist bei offiziellen Wettk\u00e4mpfen in unserer Umgebung. Hier die Ergebnisse des Jahres 2005:<\/span><\/span><\/span><\/p>\n<p><span><span style=\"font-family: Arial,Helvetica;\"><span><strong>23. Rheinzaberner Winterlaufserie<\/strong>, 09.01.05, Rheinzabern, 15 km, 1.258 Teilnehmer<br \/>\nMartin Nelius 67:33 min. (430), Marco Frei 68:20 min. (466)<br \/>\n<strong>19. Crosslauf<\/strong>, 30.01.05, Kraichtal-Oberacker, 10 km, 161 Teilnehmer<br \/>\nMarco Frei 47:33 min. (74), Oliver Lamprecht 53:48 min. (117)<br \/>\n<strong>23. Rheinzaberner Winterlaufserie<\/strong>, 06.02.05, Rheinzabern, 20 km, 1.081 Teilnehmer<br \/>\nMartin Nelius 1:27:08 h (274), Marco Frei 1:32:35 h (429), Oliver Lamprecht 1:48:41 h (828)<br \/>\n<strong>23. Rheinzaberner Winterlaufserie<\/strong>, 2004 \/ 2005, Rheinzabern, 582 Teilnehmer<br \/>\nMartin Nelius 3:19:21 h (198), Marco Frei 3:25:35 h (244)<br \/>\n<strong>2. Rissnertlauf<\/strong>, 20.03.05, Karlsruhe-R\u00fcppurr, 15 km, 210 Teilnehmer<br \/>\nMarco Frei 66:09 min. (33), Bernhard Frey 74:21 min. (96), Oliver Lamprecht 81:26 min. (127), Karin Rohatsch 88:44 min. (165)<br \/>\nMannschaftswertung: 3:41:56 h (8 von 15)<br \/>\n<strong>32. Rheinzaberner Osterlauf<\/strong>, 26.03.05, Rheinzabern, 21,1 km, 405 Teilnehmer<br \/>\nBernhard Frey 1:46:42 h (268)<br \/>\n<strong>18. Neureuter Volkslauf<\/strong>, 10.04.05, Karlsruhe-Neureut, 10 km, 164 Teilnehmer<br \/>\nMarco Frei 42:39 min. (54), Christine Poiget 52:23 min. (122), Lothar Becht 54:53 min. (138), Horst Frei 55:06 min. (139)<br \/>\n<strong>Heidelberger Minimarathon<\/strong>, 24.04.05, Heidelberg, 4,2 km, 289 Teilnehmer<br \/>\nChristine Poiget 20:59 min. (101)<br \/>\n<strong>24. Heidelberger Halbmarathon<\/strong>, 24.04.05, Heidelberg, 21,1 km, 2.882 Teilnehmer<br \/>\nMarco Frei 1:43:46 h (419), Martin Nelius 1:44:37 h (459), Dirk P\u00f6tschke 2:10:11 h (1961), Oliver Lamprecht 2:16:54 h (2252)<br \/>\nMannschaftswertung: 6:10:51 h (178 von 255)<br \/>\n<strong>Citylauf Illingen<\/strong>, 30.04.05, Illingen, 10 km, 639 Teilnehmer<br \/>\nMarco Frei 44:56 min. (215)<br \/>\n<strong>15. Himmelfahrtslauf<\/strong>, 05.05.05, W\u00f6ssingen, 10 km, 100 Teilnehmer<br \/>\nMarco Frei 44:18 min. (16), Bernhard Frey 45:47 min. (25), Oliver Lamprecht 54:36 min. (65)<br \/>\n<strong>K\u00e4mpfelbach-Lauf<\/strong>, 21.05.05, Ersingen, 10 km, 207 Teilnehmer<br \/>\nMarco Frei 43:42 min. (47), Bernhard Frey 45:11 min. (57), Timo Brenk 51:59 min. (131), Andreas Frey 52:00 min. (132), Christine Poiget 52:23 min. (137)<br \/>\n<strong>5. Heilbronner Trollinger-Marathon<\/strong>, 29.05.05, Heilbronn, 21,1 km, 4.692 Teilnehmer<br \/>\nBernhard Frey 1:43:39 h (394), Marco Frei 1:45:53 h (485), Oliver Lamprecht 2:13:31 h (2413), Yvonne Schubert 2:33:45 h (3914), Siegfried Lamprecht 2:35:15 h (3994)<br \/>\n<strong>3. Int. Kieselbronner Gei\u00dfeschenner-Lauf<\/strong>, 11.06.05, Kieselbronn, 5 km, 30 Teilnehmer<br \/>\nChristine Poiget 23:41 min. (8), Horst Frei 26:02 min. (14)<br \/>\n<strong>1. Mittelrhein-Marathon<\/strong>, 19.06.05, Koblenz, Marathon 42,195 km, 3.357 Teilnehmer<br \/>\nOliver Lamprecht 4:33:24 h (2011)<br \/>\n<strong>4. Hesse-Lauf<\/strong>, 03.07.05, Calw, 10 km, 321 Teilnehmer<br \/>\nMarco Frei 44:53 min. (125)<br \/>\n<strong>20. Volkslauf B\u00fcchig<\/strong>, 09.07.05, B\u00fcchig, 10 km, 458 Teilnehmer<br \/>\nMarco Frei 44:00 min. (92), Christine Poiget 53:02 min. (285)<br \/>\n<strong>15. Albersweilerer Mitternachtslauf<\/strong>, 15.07.05, Albersweiler, 8,2 km, 1.440 Teilnehmer<br \/>\nMarco Frei 36:15 min. (160), Timo Brenk 41:19 min. (411), Oliver Lamprecht 41:29 min. (419), Christine Poiget 42:57 min. (496), Lothar Becht 46:12 min. (675)<br \/>\n<strong>37. Kupferberglauf<\/strong>, 04.09.05, Bad Rippoldsau, Halbmarathon 21,1 km, 80 Teilnehmer<br \/>\nMarco Frei 1:40:44 h (28), Oliver Lamprecht 2:03:21 h (72)<br \/>\n<strong>23. Baden-Marathon<\/strong>, 18.09.05, Karlsruhe, Halbmarathon 21,1 km, 5.469 Teilnehmer<br \/>\nMarco Frei 1:37:47 h (665), Martin Nelius 1:43:51 h (1199), Siegfried Lamprecht 2:05:50 h (3813)<br \/>\n<strong>10. Ranntal-Lauf<\/strong>, 24.09.05, Wilferdingen, 5 km, 23 Teilnehmer<br \/>\nHorst Frei 26:16 min. (15)<br \/>\n<strong>10. Ranntal-Lauf<\/strong>, 24.09.05, Wilferdingen, 10 km, 216 Teilnehmer<br \/>\nMarco Frei 43:18 min. (41), Bernhard Frey 46:23 min. (88), Christine Poiget 51:04 min. (142), Andreas Frey 53:42 min. (169)<br \/>\n<strong>13. Turmberglauf<\/strong>, 01.10.05, Karlsruhe-Durlach, 10 km, 468 Teilnehmer<br \/>\nMarco Frei 44:11 min. (106)<br \/>\n<strong>20. Hardtwaldlauf<\/strong>, 09.10.05, Karlsruhe, 10 km, 479 Teilnehmer<br \/>\nMarco Frei 42:17 min. (88), Bernhard Frey 44:28 min. (144), Christine Poiget 49:14 min. (258), Oliver Lamprecht 49:18 min. (260), Horst Frei 52:26 min. (321)<br \/>\n<strong>19. Int. \u201cOberwald\u201d-Volkslauf<\/strong>, 15.10.05, Karlsruhe-R\u00fcppurr, 10 km, 414 Teilnehmer<br \/>\nMarco Frei 42:47 min. (85), Christine Poiget 50:42 min. (227)<br \/>\n<strong>XXIII Media Marathon \u201cCiudad de Granada\u201d,<\/strong> 23.10.05, Granada, Halbmarathon 21,1 km, 1218 Teilnehmer<br \/>\nMarco Frei 1:38:38 h (516)<br \/>\n<strong>28. Pfinztallauf<\/strong>, 23.10.05, Berghausen, 10 km, 540 Teilnehmer<br \/>\nBernhard Frey 44:34 min. (195), Oliver Lamprecht 50:09 min. (360)<br \/>\n<strong>17. Karlsbader Volkslauf<\/strong>, 13.11.05, Langensteinbach, 10 km, 421 Teilnehmer<br \/>\nBernhard Frey 46:32 min. (99)<br \/>\n<strong>23. Winterstra\u00dfenlauf<\/strong>, 03.12.05, Bruchhausen, 10 km, 191 Teilnehmer<br \/>\nMarco Frei 44:41 min. (60)<br \/>\n<strong>23. Winterstra\u00dfenlauf<\/strong>, 03.12.05, Bruchhausen, Halbmarathon 21,1 km, 175 Teilnehmer<br \/>\nOliver Lamprecht 2:04:06 h (153), Siegfried Lamprecht 2:06:01 h (157)<br \/>\n<strong>18. Forchheimer Silvesterlauf<\/strong>, 31.12.05, Forchheim, 10 km, 425 Teilnehmer<br \/>\nBernhard Frey 47:51 min. (112), Marco Frei 48:15 min. (120), Oliver Lamprecht 53:48 min. (235), Horst Frei 57:59 min. (295), Timo Brenk 60:54 min. (330)<\/span><\/span><\/span><\/p>\n<p>&nbsp;<\/p>\n<p><img decoding=\"async\" src=\"http:\/\/www.bachstrasse6.de\/wp-content\/uploads\/2008\/10\/unbenannt.bmp\" alt=\"Oliver Lamprecht beim Crosslauf Oberacker 2005\" class=\"alignleft size-medium wp-image-830\" \/><\/p>\n<p>&nbsp;<\/p>\n<p><img decoding=\"async\" src=\"http:\/\/www.bachstrasse6.de\/wp-content\/uploads\/2008\/10\/unbenannt4.bmp\" alt=\"Marco Frei beim Crosslauf Oberacker 2005\" class=\"alignleft size-medium wp-image-831\" \/><\/p>\n<p>&nbsp;<\/p>\n<p><img decoding=\"async\" src=\"http:\/\/www.bachstrasse6.de\/wp-content\/uploads\/2008\/10\/RZ1.bmp\" alt=\"Oliver Lamprecht bei der Winterlaufserie Rheinzabern 2005\" class=\"alignleft size-medium wp-image-828\" \/><\/p>\n<p>&nbsp;<\/p>\n<p><img decoding=\"async\" src=\"http:\/\/www.bachstrasse6.de\/wp-content\/uploads\/2008\/10\/RZ5.bmp\" alt=\"Marco Freit bei der Winterlaufserie Rheinzabern 2005\" class=\"alignleft size-medium wp-image-829\" \/><\/p>\n<p>&nbsp;<\/p>\n","protected":false},"excerpt":{"rendered":"<p>Training ist ja recht und sch\u00f6n, doch ein Duell im Wettkampf ist eben durch nichts zu ersetzen. Deshalb starten wir auch wann immer es m\u00f6glich ist bei offiziellen Wettk\u00e4mpfen in unserer Umgebung. Hier die Ergebnisse des Jahres 2005: 23. Rheinzaberner Winterlaufserie, 09.01.05, Rheinzabern, 15 km, 1.258 Teilnehmer Martin Nelius 67:33 min. (430), Marco Frei 68:20 [&hellip;]<\/p>\n","protected":false},"author":2,"featured_media":0,"parent":9,"menu_order":0,"comment_status":"open","ping_status":"closed","template":"","meta":{"footnotes":""},"class_list":["post-221","page","type-page","status-publish","hentry"],"_links":{"self":[{"href":"https:\/\/www.bachstrasse6.de\/index.php?rest_route=\/wp\/v2\/pages\/221","targetHints":{"allow":["GET"]}}],"collection":[{"href":"https:\/\/www.bachstrasse6.de\/index.php?rest_route=\/wp\/v2\/pages"}],"about":[{"href":"https:\/\/www.bachstrasse6.de\/index.php?rest_route=\/wp\/v2\/types\/page"}],"author":[{"embeddable":true,"href":"https:\/\/www.bachstrasse6.de\/index.php?rest_route=\/wp\/v2\/users\/2"}],"replies":[{"embeddable":true,"href":"https:\/\/www.bachstrasse6.de\/index.php?rest_route=%2Fwp%2Fv2%2Fcomments&post=221"}],"version-history":[{"count":4,"href":"https:\/\/www.bachstrasse6.de\/index.php?rest_route=\/wp\/v2\/pages\/221\/revisions"}],"predecessor-version":[{"id":1240,"href":"https:\/\/www.bachstrasse6.de\/index.php?rest_route=\/wp\/v2\/pages\/221\/revisions\/1240"}],"up":[{"embeddable":true,"href":"https:\/\/www.bachstrasse6.de\/index.php?rest_route=\/wp\/v2\/pages\/9"}],"wp:attachment":[{"href":"https:\/\/www.bachstrasse6.de\/index.php?rest_route=%2Fwp%2Fv2%2Fmedia&parent=221"}],"curies":[{"name":"wp","href":"https:\/\/api.w.org\/{rel}","templated":true}]}}