{"id":216,"date":"2011-09-17T16:48:10","date_gmt":"2011-09-17T14:48:10","guid":{"rendered":"http:\/\/www.bachstrasse2.de\/?page_id=216"},"modified":"2013-08-20T13:27:01","modified_gmt":"2013-08-20T11:27:01","slug":"laufergebnisse-2006","status":"publish","type":"page","link":"https:\/\/www.bachstrasse6.de\/?page_id=216","title":{"rendered":"Laufergebnisse 2006"},"content":{"rendered":"<p><span><span style=\"font-family: Arial,Helvetica;\"><span>Training ist ja recht und sch\u00f6n, doch ein Duell im Wettkampf ist eben durch nichts zu ersetzen. Deshalb starten wir auch wann immer es m\u00f6glich ist bei offiziellen Wettk\u00e4mpfen in unserer Umgebung. Hier die Ergebnisse des Jahres 2006:<\/span><\/span><\/span><\/p>\n<p><span><span style=\"font-family: Arial,Helvetica;\"><span><strong>24. Rheinzaberner Winterlaufserie<\/strong>, 08.01.06, Rheinzabern, 15 km, 1.187 Teilnehmer<br \/>\nBernhard Frey 68:21 min. (405), Marco Frei 68:48 min. (420), Oliver Lamprecht 78:21 min. (792)<br \/>\n<strong>20. Crosslauf<\/strong>, 29.01.06, Kraichtal-Oberacker, 10 km, 161 Teilnehmer<br \/>\nMarco Frei 48:13 min. (56), Oliver Lamprecht 55:16 min. (113)<br \/>\n<strong>24. Rheinzaberner Winterlaufserie<\/strong>, 05.02.06, Rheinzabern, 20 km, 1.006 Teilnehmer<br \/>\nBernhard Frey 1:35:34 h (426), Marco Frei 1:36:59 h (469), Oliver Lamprecht 1:52:33 h (818), Siegfried Lamprecht 1:56:42 h (868)<br \/>\n<strong>16. Int. Volkslauf &#8222;Rund um Mercedes-Benz&#8220;,<\/strong> 11.03.06, Rastatt, 10 km, 453 Teilnehmer<br \/>\nMarco Frei 44:32 min. (186), Lothar Becht 50:37 min. (326)<br \/>\n<strong>5. Hesse-Lauf<\/strong>, 25.03.06, Calw, 10 km, 622 Teilnehmer<br \/>\nMarco Frei 43:57 min. (278)<br \/>\n<strong>19. Neureuter Volkslauf<\/strong>, 09.04.06, Karlsruhe-Neureut, 10 km, 222 Teilnehmer<br \/>\nMarco Frei 43:38 min. (65), Christine Poiget 54:14 min. (160), Lothar Becht 54:46 min. (165)<br \/>\n<strong>Heidelberger Minimarathon<\/strong>, 30.04.06, Heidelberg, 4,2 km, 404 Teilnehmer<br \/>\nChristine Poiget 21:33 min. (186)<br \/>\n<strong>25. Heidelberger Halbmarathon<\/strong>, 30.04.06, Heidelberg, 21,1 km, 3.036 Teilnehmer<br \/>\nMartin Nelius 1:43:03 h (468), Marco Frei 1:44:08 h (519), Oliver Lamprecht 2:05:24 h (1916)<br \/>\n<strong>K\u00e4mpfelbach-Lauf<\/strong>, 20.05.06, Ersingen, 10 km, 201 Teilnehmer<br \/>\nMarco Frei 44:29 min. (51), Bernhard Frey 46:55 min. (74), Andreas Frey 47:46 min. (87), Christine Poiget 53:25 min. (149), Horst Frei 55:51 min. (169)<br \/>\n<strong>6. Heilbronner Trollinger-Marathon<\/strong>, 21.05.06, Heilbronn, 21,1 km, 4.431 Teilnehmer<br \/>\nMarco Frei 1:40:41 h (611), Oliver Lamprecht 1:51:13 h (1541), Yvonne Schubert 2:11:41 h (3431)<br \/>\n<strong>2. Mittelrhein-Marathon<\/strong>, 18.06.06, Koblenz, Marathon 42,195 km, 1.423 Teilnehmer<br \/>\nOliver Lamprecht 4:14:07 h (697)<br \/>\n<strong>21. Volkslauf B\u00fcchig<\/strong>, 08.07.06, B\u00fcchig, 10 km, 318 Teilnehmer<br \/>\nMarco Frei 44:37 min. (67), Christine Poiget 52:16 min. (172), Horst Frei 55:35 min, (217), Lothar Becht 57:17 min. (232)<br \/>\n<strong>16. Albersweilerer Mitternachtslauf<\/strong>, 14.07.06, Albersweiler, 8,2 km, 1.074 Teilnehmer<br \/>\nMarco Frei 36:04 min. (121), Christine Poiget 43:14 min. (429)<br \/>\n<strong>38. Kupferberglauf<\/strong>, 03.09.06, Bad Rippoldsau, Halbmarathon 21,1 km, 120 Teilnehmer<br \/>\nMarco Frei 1:40:44 h (50), Oliver Lamprecht 2:00:08 h (102)<br \/>\n<strong>11. Ranntal-Lauf<\/strong>, 16.09.06, Wilferdingen, 10 km, 223 Teilnehmer<br \/>\nMarco Frei 43:50 min. (60), Christine Poiget 50:52 min. (160), Horst Frei 56:16 min. (197)<br \/>\n<strong>21. Hardtwaldlauf<\/strong>, 15.10.06, Karlsruhe, 10 km, 474 Teilnehmer<br \/>\nBernhard Frey 44:11 min. (123), Marco Frei 45:12 min. (147), Christine Poiget 48:40 min. (237)<br \/>\n<strong>20. Int. &#8222;Oberwald&#8220;-Volkslauf<\/strong>, 21.10.06, Karlsruhe-R\u00fcppurr, 10 km, 447 Teilnehmer<br \/>\nMarco Frei 45:29 min. (133), Christine Poiget 49:14 min. (218), Horst Frei 57:05 min. (365)<br \/>\n<strong>29. Pfinztallauf<\/strong>, 29.10.06, Berghausen, 10 km, 387 Teilnehmer<br \/>\nHeiko G\u00f6hringer 43:55 min. (99), Bernhard Frey 44:25 min. (111), Marco Frei 45:28 min. (132), Lothar Becht 52:59 min. (274)<br \/>\n<strong>13. KSC-Schlossparklauf<\/strong>, 10.12.06, Karlsruhe, 9,9 km, 791 Teilnehmer<br \/>\nMarco Frei 45:14 min. (167), Christine Poiget 50:59 min. (405), Horst Frei 53:07 min. (491)<br \/>\nMannschaftswertung: 2:29:20 h (46 von 93)<br \/>\n<strong>19. Forchheimer Silvesterlauf<\/strong>, 30.12.06, Forchheim, 10 km, 632 Teilnehmer<br \/>\nBernhard Frey 44:39 min. (121), Oliver Lamprecht 50:10 min. (298) <\/span><\/span><\/span><\/p>\n<p>&nbsp;<\/p>\n<p>&nbsp;<\/p>\n","protected":false},"excerpt":{"rendered":"<p>Training ist ja recht und sch\u00f6n, doch ein Duell im Wettkampf ist eben durch nichts zu ersetzen. Deshalb starten wir auch wann immer es m\u00f6glich ist bei offiziellen Wettk\u00e4mpfen in unserer Umgebung. Hier die Ergebnisse des Jahres 2006: 24. Rheinzaberner Winterlaufserie, 08.01.06, Rheinzabern, 15 km, 1.187 Teilnehmer Bernhard Frey 68:21 min. (405), Marco Frei 68:48 [&hellip;]<\/p>\n","protected":false},"author":2,"featured_media":0,"parent":9,"menu_order":0,"comment_status":"open","ping_status":"closed","template":"","meta":{"footnotes":""},"class_list":["post-216","page","type-page","status-publish","hentry"],"_links":{"self":[{"href":"https:\/\/www.bachstrasse6.de\/index.php?rest_route=\/wp\/v2\/pages\/216","targetHints":{"allow":["GET"]}}],"collection":[{"href":"https:\/\/www.bachstrasse6.de\/index.php?rest_route=\/wp\/v2\/pages"}],"about":[{"href":"https:\/\/www.bachstrasse6.de\/index.php?rest_route=\/wp\/v2\/types\/page"}],"author":[{"embeddable":true,"href":"https:\/\/www.bachstrasse6.de\/index.php?rest_route=\/wp\/v2\/users\/2"}],"replies":[{"embeddable":true,"href":"https:\/\/www.bachstrasse6.de\/index.php?rest_route=%2Fwp%2Fv2%2Fcomments&post=216"}],"version-history":[{"count":5,"href":"https:\/\/www.bachstrasse6.de\/index.php?rest_route=\/wp\/v2\/pages\/216\/revisions"}],"predecessor-version":[{"id":1220,"href":"https:\/\/www.bachstrasse6.de\/index.php?rest_route=\/wp\/v2\/pages\/216\/revisions\/1220"}],"up":[{"embeddable":true,"href":"https:\/\/www.bachstrasse6.de\/index.php?rest_route=\/wp\/v2\/pages\/9"}],"wp:attachment":[{"href":"https:\/\/www.bachstrasse6.de\/index.php?rest_route=%2Fwp%2Fv2%2Fmedia&parent=216"}],"curies":[{"name":"wp","href":"https:\/\/api.w.org\/{rel}","templated":true}]}}