{"id":198,"date":"2011-09-17T15:10:23","date_gmt":"2011-09-17T13:10:23","guid":{"rendered":"http:\/\/www.bachstrasse2.de\/?page_id=198"},"modified":"2013-08-20T11:42:53","modified_gmt":"2013-08-20T09:42:53","slug":"laufergebnisse-2011","status":"publish","type":"page","link":"https:\/\/www.bachstrasse6.de\/?page_id=198","title":{"rendered":"Laufergebnisse 2011"},"content":{"rendered":"<p><span><span style=\"font-family: Arial,Helvetica;\"><span>Training ist ja recht und sch\u00f6n, doch ein Duell im Wettkampf ist eben durch nichts zu ersetzen. Deshalb starten wir auch wann immer es m\u00f6glich ist bei offiziellen Wettk\u00e4mpfen in unserer Umgebung. Hier die Ergebnisse des Jahres 2011:<\/span><\/span><\/span><\/p>\n<p><span><span style=\"font-family: Arial,Helvetica;\"><span><strong>10. Hermann-Hesse-Lauf<\/strong>, 02.04.11, Bad Liebenzell, 10 km, 351 Teilnehmer<br \/>\nBernhard Frey 46:45 min. (167), Marco Frei 47:17 min. (178)<br \/>\n<strong>30. Heidelberger Halbmarathon<\/strong>, 10.04.11, Heidelberg, 21,1 km, 3.544 Teilnehmer<br \/>\nBernhard Frey 1:50:22 min. (1095), Marco Frei 1:53:57 h (1450), Martin Nelius 1:55:12 h (1554), Oliver Lamprecht 2:16:18 h (3005)<br \/>\nMannschaftswertung: 6:00:37 h (270 von 432)<br \/>\n<strong>11. Heilbronner Trollinger-Marathon<\/strong>, 15.05.11, Heilbronn, 21,1 km, 4.325 Teilnehmer<br \/>\nMarco Frei 1:43:28 h (789), Siegfried Lamprecht 2:03:33 h (2634)<br \/>\n<strong>9. Gei\u00dfeschenner-Halbmarathon<\/strong>, 11.06.11, Kieselbronn, 21,1 km, 176 Teilnehmer<br \/>\nMarco Frei 1:41:56 h (59)<br \/>\n<strong>Citylauf<\/strong>, 01.07.11, Pforzheim, 10 km, 811 Teilnehmer<br \/>\nMarco Frei 44:43 min. (155)<br \/>\n<strong>23. Asparaguslauf<\/strong>, 03.07.11, Graben, 10 km, 205 Teilnehmer<br \/>\nMarco Frei 45:02 h (65)<br \/>\n<strong>6. Lu\u00dfhardtlauf<\/strong>, 21.08.11, Hambr\u00fccken, 21,1 km, 232 Teilnehmer<br \/>\nMarco Frei 1:43:21 h (80), Siegfried Lamprecht 2:11:22 h (200)<br \/>\n<span><span style=\"font-family: Arial,Helvetica;\"><span><strong>29. Baden-Marathon<\/strong>, 18.09.11, Karlsruhe, 21,1 km 1. H\u00e4lfte, 4.958 Teilnehmer<br \/>\nSiegfried Lamprecht 1:48:10 h (1647)<br \/>\n<\/span><\/span><span style=\"font-family: Arial,Helvetica;\"><span><span><span style=\"font-family: Arial,Helvetica;\"><span><strong>29. Baden-Marathon<\/strong>, 18.09.11, Karlsruhe, 21,1 km 2. H\u00e4lfte, 331 Teilnehmer<br \/>\nMarco Frei 1:42:33 h (25)<br \/>\n<\/span><\/span><\/span><\/span><\/span><\/span><\/span><\/span><\/span><span><span style=\"font-family: Arial,Helvetica;\"><span><strong>16. Ranntal-Lauf<\/strong>, 24.09.11, Wilferdingen, 10 km, 199 Teilnehmer<br \/>\nThomas G\u00f6hringer 44:59 min. (46), Marco Frei 46:15 min. (59), Heiko G\u00f6hringer 49:41 min. (96), Lothar Becht 52:40 min. (128)<br \/>\n<\/span><\/span><\/span><span><span style=\"font-family: Arial,Helvetica;\"><span><span style=\"font-family: Arial,Helvetica;\"><span><span><span style=\"font-family: Arial,Helvetica;\"><span><strong>Marathon de Lyon<\/strong>, 02.10.11, Lyon, 21,1 km, 5334 Teilnehmer<br \/>\nMarco Frei 1:39:56 h (942)<br \/>\n<strong>26. Hardtwaldlauf, 09.10.11<\/strong>, Karlsruhe, 10 km, 436 Teilnehmer<br \/>\nMarco Frei 43:42 min. (109)<br \/>\n<\/span><\/span><\/span><\/span><\/span><\/span><\/span><\/span><span><span style=\"font-family: Arial,Helvetica;\"><span><span style=\"font-family: Arial,Helvetica;\"><span><span><span style=\"font-family: Arial,Helvetica;\"><span><strong>25. Int. &#8222;Oberwald&#8220;-Volkslauf<\/strong>, 15.10.11, Karlsruhe-R\u00fcppurr, 10 km, 375 Teilnehmer<br \/>\nMarco Frei 43:51 min. (82), Bernhard\u00a0Frey 43:54 min. (85)<br \/>\n<strong>Karlsbader Volkslauf<\/strong>, 13.11.11, Langensteinbach, 10 km, 327 Teilnehmer<br \/>\nBernhard Frey 45:04 min. (54)<br \/>\n<strong>24. Silvesterlauf<\/strong>, 31.12.11, Forchheim, 10 km, 614 Teilnehmer<br \/>\nBernhard Frey 44:18 min. (92)<\/span><\/span><\/span><\/span><\/span><\/span><\/span><\/span><\/p>\n<p>&nbsp;<\/p>\n<div id=\"attachment_942\" style=\"width: 310px\" class=\"wp-caption alignleft\"><img loading=\"lazy\" decoding=\"async\" aria-describedby=\"caption-attachment-942\" src=\"http:\/\/www.bachstrasse6.de\/wp-content\/uploads\/2008\/10\/2011hmhdmf-300x225.jpg\" alt=\"Marco Frei beim Heidelberger Halbmarathon 2011\" width=\"300\" height=\"225\" class=\"size-medium wp-image-942\" srcset=\"https:\/\/www.bachstrasse6.de\/wp-content\/uploads\/2008\/10\/2011hmhdmf-300x225.jpg 300w, https:\/\/www.bachstrasse6.de\/wp-content\/uploads\/2008\/10\/2011hmhdmf-1024x768.jpg 1024w, https:\/\/www.bachstrasse6.de\/wp-content\/uploads\/2008\/10\/2011hmhdmf.jpeg 1280w\" sizes=\"auto, (max-width: 300px) 100vw, 300px\" \/><p id=\"caption-attachment-942\" class=\"wp-caption-text\">Marco Frei beim Heidelberger Halbmarathon 2011<\/p><\/div>\n","protected":false},"excerpt":{"rendered":"<p>Training ist ja recht und sch\u00f6n, doch ein Duell im Wettkampf ist eben durch nichts zu ersetzen. Deshalb starten wir auch wann immer es m\u00f6glich ist bei offiziellen Wettk\u00e4mpfen in unserer Umgebung. Hier die Ergebnisse des Jahres 2011: 10. Hermann-Hesse-Lauf, 02.04.11, Bad Liebenzell, 10 km, 351 Teilnehmer Bernhard Frey 46:45 min. (167), Marco Frei 47:17 [&hellip;]<\/p>\n","protected":false},"author":2,"featured_media":0,"parent":9,"menu_order":0,"comment_status":"open","ping_status":"closed","template":"","meta":{"footnotes":""},"class_list":["post-198","page","type-page","status-publish","hentry"],"_links":{"self":[{"href":"https:\/\/www.bachstrasse6.de\/index.php?rest_route=\/wp\/v2\/pages\/198","targetHints":{"allow":["GET"]}}],"collection":[{"href":"https:\/\/www.bachstrasse6.de\/index.php?rest_route=\/wp\/v2\/pages"}],"about":[{"href":"https:\/\/www.bachstrasse6.de\/index.php?rest_route=\/wp\/v2\/types\/page"}],"author":[{"embeddable":true,"href":"https:\/\/www.bachstrasse6.de\/index.php?rest_route=\/wp\/v2\/users\/2"}],"replies":[{"embeddable":true,"href":"https:\/\/www.bachstrasse6.de\/index.php?rest_route=%2Fwp%2Fv2%2Fcomments&post=198"}],"version-history":[{"count":23,"href":"https:\/\/www.bachstrasse6.de\/index.php?rest_route=\/wp\/v2\/pages\/198\/revisions"}],"predecessor-version":[{"id":1214,"href":"https:\/\/www.bachstrasse6.de\/index.php?rest_route=\/wp\/v2\/pages\/198\/revisions\/1214"}],"up":[{"embeddable":true,"href":"https:\/\/www.bachstrasse6.de\/index.php?rest_route=\/wp\/v2\/pages\/9"}],"wp:attachment":[{"href":"https:\/\/www.bachstrasse6.de\/index.php?rest_route=%2Fwp%2Fv2%2Fmedia&parent=198"}],"curies":[{"name":"wp","href":"https:\/\/api.w.org\/{rel}","templated":true}]}}