{"id":1943,"date":"2014-01-03T15:14:41","date_gmt":"2014-01-03T13:14:41","guid":{"rendered":"http:\/\/www.bachstrasse6.de\/?page_id=1943"},"modified":"2015-04-27T19:23:44","modified_gmt":"2015-04-27T17:23:44","slug":"laufergebnisse-2014","status":"publish","type":"page","link":"https:\/\/www.bachstrasse6.de\/?page_id=1943","title":{"rendered":"Laufergebnisse 2014"},"content":{"rendered":"<p>Training ist ja recht und sch\u00f6n, doch ein Duell im Wettkampf ist eben durch nichts zu ersetzen. Deshalb starten wir auch wann immer es m\u00f6glich ist bei offiziellen Wettk\u00e4mpfen in unserer Umgebung. Hier die Ergebnisse des Jahres 2014:<\/p>\n<p><strong>32. Winterlaufserie<\/strong>, 09.02.14, Rheinzabern, 20 km, 878 Teilnehmer<br \/>\nBernhard Frey 1:35:22 h (397)<br \/>\n<strong>24. Int. Volkslauf &#8222;Rund um Mercedes-Benz&#8220;,<\/strong> 09.03.14, Rastatt, 10 km, 473 Teilnehmer<br \/>\nMarco Frei 45:23 min.\u00a0(137), Lothar Becht 45:50 min. (145)<br \/>\n<strong>11. Ri\u00dfnertlauf<\/strong>, 16.03.14, Karlsruhe-R\u00fcppurr, 15 km, 436 Teilnehmer<br \/>\nThomas G\u00f6hringer 66:26 min. (66), Marco Frei 69:03 min. (96)<br \/>\n<strong>9. Panoramalauf<\/strong>, 06.04.14, Conweiler, 21,1 km, 149 Teilnehmer<br \/>\nMichael Popp 1:34:54 h (24)<br \/>\n<strong>33. Heidelberger Halbmarathon<\/strong>, 06.04.14, Heidelberg, 21,1 km, 3.501 Teilnehmer<br \/>\nMarco Frei 1:50:40 h (1027), Martin Nelius 2:10:55 h (2557)<br \/>\n<strong>14. Trollinger-Marathon<\/strong>, 11.05.14, Heilbronn, 21,1 km, 4.614 Teilnehmer<br \/>\nMarco Frei 1:40:58 h (644), Siegfried Lamprecht 1:57:47 h (2255)<br \/>\n<strong>35. 20 km de Bruxelles<\/strong>, 18.05.14, Br\u00fcssel, 20 km, 33.521 Teilnehmer<br \/>\nThierry Cuisson 1:26:02 (1171), Marco Frei 1:37:37 h (5134), Sa Majest\u00e9 Le Roi Philippe 1:58:16 h (18379)<br \/>\n<strong>24. Himmelfahrtslauf<\/strong>, 29.05.14, W\u00f6ssingen, 10 km, 129 Teilnehmer<br \/>\nMarco Frei 45:33 min. (29), Lothar Becht 48:33 min. (56)<br \/>\n<strong>9. Lu\u00dfhardtlauf<\/strong>, 17.08.14, Hambr\u00fccken, 21,1 km, 255 Teilnehmer<br \/>\nMarco Frei 1:41:41 h (99)<br \/>\n<strong>32. Baden-Marathon<\/strong>, 21.09.14, Karlsruhe, 21,1 km, 4.282 Teilnehmer<br \/>\nHeiko G\u00f6hringer 1:42:15 h (762), Marco Frei 1:42:44 h (806), Thomas G\u00f6hringer 1:43:33 h (873), Lothar Becht 1:47:36 h (1210), Siegfried Lamprecht 2:03:55 h (2820)<br \/>\n<strong>41. Berlin-Marathon<\/strong>, 28.09.14, Berlin, 42,195 km, 29.000 Teilnehmer<br \/>\nMichael Popp 3:40:03 h (7937)<\/p>\n<p>&nbsp;<\/p>\n<div id=\"attachment_2499\" style=\"width: 229px\" class=\"wp-caption alignleft\"><img loading=\"lazy\" decoding=\"async\" aria-describedby=\"caption-attachment-2499\" class=\"wp-image-2499 size-medium\" src=\"http:\/\/www.bachstrasse6.de\/wp-content\/uploads\/2014\/01\/heidelberg_140406_a_506_-219x300.jpg\" alt=\"Martin Nelius beim Heidelberger Halbmarathon 2014\" width=\"219\" height=\"300\" srcset=\"https:\/\/www.bachstrasse6.de\/wp-content\/uploads\/2014\/01\/heidelberg_140406_a_506_-219x300.jpg 219w, https:\/\/www.bachstrasse6.de\/wp-content\/uploads\/2014\/01\/heidelberg_140406_a_506_.jpg 365w\" sizes=\"auto, (max-width: 219px) 100vw, 219px\" \/><p id=\"caption-attachment-2499\" class=\"wp-caption-text\">Martin Nelius beim Heidelberger Halbmarathon 2014<\/p><\/div>\n<p>&nbsp;<\/p>\n<div id=\"attachment_2498\" style=\"width: 310px\" class=\"wp-caption alignleft\"><img loading=\"lazy\" decoding=\"async\" aria-describedby=\"caption-attachment-2498\" class=\"wp-image-2498 size-medium\" src=\"http:\/\/www.bachstrasse6.de\/wp-content\/uploads\/2014\/01\/heidelberg_140406_a_429_-300x252.jpg\" alt=\"Marco Frei beim Heidelberger Halbmarathon 2014\" width=\"300\" height=\"252\" srcset=\"https:\/\/www.bachstrasse6.de\/wp-content\/uploads\/2014\/01\/heidelberg_140406_a_429_-300x252.jpg 300w, https:\/\/www.bachstrasse6.de\/wp-content\/uploads\/2014\/01\/heidelberg_140406_a_429_.jpg 499w\" sizes=\"auto, (max-width: 300px) 100vw, 300px\" \/><p id=\"caption-attachment-2498\" class=\"wp-caption-text\">Marco Frei beim Heidelberger Halbmarathon 2014<\/p><\/div>\n<p>&nbsp;<\/p>\n<div id=\"attachment_2483\" style=\"width: 310px\" class=\"wp-caption alignleft\"><img loading=\"lazy\" decoding=\"async\" aria-describedby=\"caption-attachment-2483\" class=\"wp-image-2483 size-medium\" src=\"http:\/\/www.bachstrasse6.de\/wp-content\/uploads\/2014\/01\/2014bx35-300x200.jpg\" alt=\"Thierry Cuisson bei den 20 km de Bruxelles 2014\" width=\"300\" height=\"200\" srcset=\"https:\/\/www.bachstrasse6.de\/wp-content\/uploads\/2014\/01\/2014bx35-300x200.jpg 300w, https:\/\/www.bachstrasse6.de\/wp-content\/uploads\/2014\/01\/2014bx35-1024x682.jpg 1024w\" sizes=\"auto, (max-width: 300px) 100vw, 300px\" \/><p id=\"caption-attachment-2483\" class=\"wp-caption-text\">Thierry Cuisson bei den 20 km de Bruxelles 2014<\/p><\/div>\n<p><a href=\"http:\/\/www.bachstrasse6.de\/wp-content\/uploads\/2014\/01\/2014bx36.jpg\">\u00a0<\/a><\/p>\n<p>&nbsp;<\/p>\n<div id=\"attachment_2484\" style=\"width: 310px\" class=\"wp-caption alignleft\"><img loading=\"lazy\" decoding=\"async\" aria-describedby=\"caption-attachment-2484\" class=\"wp-image-2484 size-medium\" src=\"http:\/\/www.bachstrasse6.de\/wp-content\/uploads\/2014\/01\/2014bx36-300x200.jpg\" alt=\"Marco Frei bei den 20 km de Bruxelles 2014\" width=\"300\" height=\"200\" srcset=\"https:\/\/www.bachstrasse6.de\/wp-content\/uploads\/2014\/01\/2014bx36-300x200.jpg 300w, https:\/\/www.bachstrasse6.de\/wp-content\/uploads\/2014\/01\/2014bx36-1024x682.jpg 1024w\" sizes=\"auto, (max-width: 300px) 100vw, 300px\" \/><p id=\"caption-attachment-2484\" class=\"wp-caption-text\">Marco Frei bei den 20 km de Bruxelles 2014<\/p><\/div>\n<p>&nbsp;<\/p>\n<div id=\"attachment_2501\" style=\"width: 310px\" class=\"wp-caption alignleft\"><img loading=\"lazy\" decoding=\"async\" aria-describedby=\"caption-attachment-2501\" class=\"size-medium wp-image-2501\" src=\"http:\/\/www.bachstrasse6.de\/wp-content\/uploads\/2014\/01\/2014hflw\u00f62-300x168.jpg\" alt=\"Lothar Becht und Marco Frei beim W\u00f6ssinger Himmelfahrtslauf 2014\" width=\"300\" height=\"168\" srcset=\"https:\/\/www.bachstrasse6.de\/wp-content\/uploads\/2014\/01\/2014hflw\u00f62-300x168.jpg 300w, https:\/\/www.bachstrasse6.de\/wp-content\/uploads\/2014\/01\/2014hflw\u00f62.jpg 640w\" sizes=\"auto, (max-width: 300px) 100vw, 300px\" \/><p id=\"caption-attachment-2501\" class=\"wp-caption-text\">Lothar Becht und Marco Frei beim W\u00f6ssinger Himmelfahrtslauf 2014<\/p><\/div>\n<p>&nbsp;<\/p>\n<div id=\"attachment_2531\" style=\"width: 310px\" class=\"wp-caption alignleft\"><img loading=\"lazy\" decoding=\"async\" aria-describedby=\"caption-attachment-2531\" class=\"size-medium wp-image-2531\" src=\"http:\/\/www.bachstrasse6.de\/wp-content\/uploads\/2014\/01\/2014lhlmb-300x199.jpg\" alt=\"Marco Frei beim Lu\u00dfhardtlauf Hambr\u00fccken 2014\" width=\"300\" height=\"199\" srcset=\"https:\/\/www.bachstrasse6.de\/wp-content\/uploads\/2014\/01\/2014lhlmb-300x199.jpg 300w, https:\/\/www.bachstrasse6.de\/wp-content\/uploads\/2014\/01\/2014lhlmb.jpg 338w\" sizes=\"auto, (max-width: 300px) 100vw, 300px\" \/><p id=\"caption-attachment-2531\" class=\"wp-caption-text\">Marco Frei beim Lu\u00dfhardtlauf Hambr\u00fccken 2014<\/p><\/div>\n<p>&nbsp;<\/p>\n","protected":false},"excerpt":{"rendered":"<p>Training ist ja recht und sch\u00f6n, doch ein Duell im Wettkampf ist eben durch nichts zu ersetzen. Deshalb starten wir auch wann immer es m\u00f6glich ist bei offiziellen Wettk\u00e4mpfen in unserer Umgebung. Hier die Ergebnisse des Jahres 2014: 32. Winterlaufserie, 09.02.14, Rheinzabern, 20 km, 878 Teilnehmer Bernhard Frey 1:35:22 h (397) 24. Int. Volkslauf &#8222;Rund [&hellip;]<\/p>\n","protected":false},"author":2,"featured_media":0,"parent":9,"menu_order":0,"comment_status":"open","ping_status":"closed","template":"","meta":{"footnotes":""},"class_list":["post-1943","page","type-page","status-publish","hentry"],"_links":{"self":[{"href":"https:\/\/www.bachstrasse6.de\/index.php?rest_route=\/wp\/v2\/pages\/1943","targetHints":{"allow":["GET"]}}],"collection":[{"href":"https:\/\/www.bachstrasse6.de\/index.php?rest_route=\/wp\/v2\/pages"}],"about":[{"href":"https:\/\/www.bachstrasse6.de\/index.php?rest_route=\/wp\/v2\/types\/page"}],"author":[{"embeddable":true,"href":"https:\/\/www.bachstrasse6.de\/index.php?rest_route=\/wp\/v2\/users\/2"}],"replies":[{"embeddable":true,"href":"https:\/\/www.bachstrasse6.de\/index.php?rest_route=%2Fwp%2Fv2%2Fcomments&post=1943"}],"version-history":[{"count":21,"href":"https:\/\/www.bachstrasse6.de\/index.php?rest_route=\/wp\/v2\/pages\/1943\/revisions"}],"predecessor-version":[{"id":2566,"href":"https:\/\/www.bachstrasse6.de\/index.php?rest_route=\/wp\/v2\/pages\/1943\/revisions\/2566"}],"up":[{"embeddable":true,"href":"https:\/\/www.bachstrasse6.de\/index.php?rest_route=\/wp\/v2\/pages\/9"}],"wp:attachment":[{"href":"https:\/\/www.bachstrasse6.de\/index.php?rest_route=%2Fwp%2Fv2%2Fmedia&parent=1943"}],"curies":[{"name":"wp","href":"https:\/\/api.w.org\/{rel}","templated":true}]}}