{"id":182,"date":"2011-09-17T14:11:45","date_gmt":"2011-09-17T12:11:45","guid":{"rendered":"http:\/\/www.bachstrasse2.de\/?page_id=182"},"modified":"2013-08-20T11:53:54","modified_gmt":"2013-08-20T09:53:54","slug":"laufergebnisse-2008","status":"publish","type":"page","link":"https:\/\/www.bachstrasse6.de\/?page_id=182","title":{"rendered":"Laufergebnisse 2008"},"content":{"rendered":"<p><span><span style=\"font-family: Arial,Helvetica;\"><span>Training ist ja recht und sch\u00f6n, doch ein Duell im Wettkampf ist eben durch nichts zu ersetzen. Deshalb starten wir auch wann immer es m\u00f6glich ist bei offiziellen Wettk\u00e4mpfen in unserer Umgebung. Hier die Ergebnisse des Jahres 2008:<\/span><\/span><\/span><\/p>\n<p><span><span style=\"font-family: Arial,Helvetica;\"><span><strong>18. Int. Volkslauf &#8222;Rund um Mercedes-Benz&#8220;,<\/strong> 09.03.08, Rastatt, 21,1 km, 129 Teilnehmer<br \/>\nMarco Frei 1:41:40 h (47)<br \/>\n<strong>3. Panoramalauf<\/strong>, 12.04.08, Conweiler, 21,1 km, 261 Teilnehmer<br \/>\nMarco Frei 1:50:39 h (123)<br \/>\n<strong>25. K\u00e4mpfelbach-Lauf<\/strong>, 19.04.08, Ersingen, 10 km, 197 Teilnehmer<br \/>\nMartin Nelius 45:30 min. (57),\u00a0Marco Frei 46:36 min. (72), Andreas Frey 49:51 min. (114), Christine Frei 52:27 min. (136), Emmanuel Poiget 53:07 min. (139)<br \/>\n<strong>27. Heidelberger Halbmarathon<\/strong>, 27.04.08, Heidelberg, 21,1 km, 3.324 Teilnehmer<br \/>\nMartin Nelius 1:47:34 h (684), Marco Frei 1:49:47 h (839)<br \/>\n<strong>8. Heilbronner Trollinger-Marathon<\/strong>, 25.05.08, Heilbronn, 21,1 km, 4.362 Teilnehmer<br \/>\nMarco Frei 1:48:47 h (898), Oliver Lamprecht 2:11:07 h (2781), Siegfried Lamprecht 2:15:24 h (3115)<br \/>\nMannschaftswertung: 6:15:18 h (395 von 693)<br \/>\n<strong>6. Int. Kieselbronner Gei\u00dfeschenner-Halbmarathon<\/strong>, 14.06.08, Kieselbronn, 21,1 km, 172 Teilnehmer<br \/>\nMarco Frei 1:45:55 h (98)<br \/>\n<strong>Citylauf,<\/strong> 27.06.08, Pforzheim, 10 km, 666 Teilnehmer<br \/>\nMarco Frei 44:10 min. (138), Horst Frei 55:11 min. (493)<br \/>\n<strong>Schloss Stutensee Sommernachtslauf<\/strong>, 12.07.08, B\u00fcchig, 10 km, 236 Teilnehmer<br \/>\nMarco Frei 45:30 min. (65), Bernhard Frey 46:06 min. (73), Christine Frei 48:30 min. (97), Lothar Becht 52:32 min. (147), Horst Frei 56:15 min. (193)<br \/>\n<strong>18. Albersweilerer Mitternachtslauf<\/strong>, 18.07.08, Albersweiler, 8,2 km, 614 Teilnehmer<br \/>\nMarco Frei 37:11 min. (112), Patrick Saint-Julien 44:54 min. (328)<br \/>\n<strong>11. Funkturmlauf<\/strong>, 01.08.08, Wettersbach, 11,11 km, 179 Teilnehmer<br \/>\nMarco Frei 52:39 min. (52)<br \/>\n<strong>13. Ranntal-Lauf<\/strong>, 13.09.08, Wilferdingen, 10 km, 201 Teilnehmer<br \/>\nMarco Frei 44:29 min. (73), Christine Frei 48:11 min. (114), Horst Frei 54:48 min. (165)<br \/>\n<strong>26. Baden-Marathon<\/strong>, 21.09.08, Karlsruhe, Halbmarathon 21,1 km, 5.935 Teilnehmer<br \/>\nMarco Frei 1:38:14 h (789),\u00a0Siegfried Lamprecht 1:54:08 h (2772)<br \/>\n<strong>14. Volkslauf Serres<\/strong>, 03.10.08, Serres, 10 km, 187 Teilnehmer<br \/>\nBernhard Frey 45:02 min. (56), Marco Frei 46:25 min. (69), Christine Frei 49:28 min. (109), Lothar Becht 52:54 min. (138), Horst Frei 55:50 min. (155)<br \/>\n<strong>22. Int. &#8222;Oberwald&#8220;-Volkslauf<\/strong>, 18.10.08, Karlsruhe-R\u00fcppurr, 10 km, 323 Teilnehmer<br \/>\nMarco Frei 44:42 min. (88), Christine Frei 48:34 min. (146)<br \/>\n<strong>21. Forchheimer Silvesterlauf<\/strong>, 31.12.08, Forchheim, 10 km, 658 Teilnehmer<br \/>\nBernhard Frey 44:26 min. (136), Timo Brenk 55:38 min. (462)<\/span><\/span><\/span><\/p>\n<p>&nbsp;<\/p>\n<div id=\"attachment_834\" style=\"width: 310px\" class=\"wp-caption alignleft\"><img loading=\"lazy\" decoding=\"async\" aria-describedby=\"caption-attachment-834\" src=\"http:\/\/www.bachstrasse6.de\/wp-content\/uploads\/2008\/10\/panoramalauf200801-300x199.jpg\" alt=\"Marco Frei beim Panoramalauf Straubenhardt 2008\" width=\"300\" height=\"199\" class=\"size-medium wp-image-834\" srcset=\"https:\/\/www.bachstrasse6.de\/wp-content\/uploads\/2008\/10\/panoramalauf200801-300x199.jpg 300w, https:\/\/www.bachstrasse6.de\/wp-content\/uploads\/2008\/10\/panoramalauf200801.jpg 500w\" sizes=\"auto, (max-width: 300px) 100vw, 300px\" \/><p id=\"caption-attachment-834\" class=\"wp-caption-text\">Marco Frei beim Panoramalauf Straubenhardt 2008<\/p><\/div>\n<p>&nbsp;<\/p>\n","protected":false},"excerpt":{"rendered":"<p>Training ist ja recht und sch\u00f6n, doch ein Duell im Wettkampf ist eben durch nichts zu ersetzen. Deshalb starten wir auch wann immer es m\u00f6glich ist bei offiziellen Wettk\u00e4mpfen in unserer Umgebung. Hier die Ergebnisse des Jahres 2008: 18. Int. Volkslauf &#8222;Rund um Mercedes-Benz&#8220;, 09.03.08, Rastatt, 21,1 km, 129 Teilnehmer Marco Frei 1:41:40 h (47) [&hellip;]<\/p>\n","protected":false},"author":2,"featured_media":0,"parent":9,"menu_order":0,"comment_status":"open","ping_status":"closed","template":"","meta":{"footnotes":""},"class_list":["post-182","page","type-page","status-publish","hentry"],"_links":{"self":[{"href":"https:\/\/www.bachstrasse6.de\/index.php?rest_route=\/wp\/v2\/pages\/182","targetHints":{"allow":["GET"]}}],"collection":[{"href":"https:\/\/www.bachstrasse6.de\/index.php?rest_route=\/wp\/v2\/pages"}],"about":[{"href":"https:\/\/www.bachstrasse6.de\/index.php?rest_route=\/wp\/v2\/types\/page"}],"author":[{"embeddable":true,"href":"https:\/\/www.bachstrasse6.de\/index.php?rest_route=\/wp\/v2\/users\/2"}],"replies":[{"embeddable":true,"href":"https:\/\/www.bachstrasse6.de\/index.php?rest_route=%2Fwp%2Fv2%2Fcomments&post=182"}],"version-history":[{"count":16,"href":"https:\/\/www.bachstrasse6.de\/index.php?rest_route=\/wp\/v2\/pages\/182\/revisions"}],"predecessor-version":[{"id":186,"href":"https:\/\/www.bachstrasse6.de\/index.php?rest_route=\/wp\/v2\/pages\/182\/revisions\/186"}],"up":[{"embeddable":true,"href":"https:\/\/www.bachstrasse6.de\/index.php?rest_route=\/wp\/v2\/pages\/9"}],"wp:attachment":[{"href":"https:\/\/www.bachstrasse6.de\/index.php?rest_route=%2Fwp%2Fv2%2Fmedia&parent=182"}],"curies":[{"name":"wp","href":"https:\/\/api.w.org\/{rel}","templated":true}]}}