{"id":175,"date":"2011-09-17T13:17:23","date_gmt":"2011-09-17T11:17:23","guid":{"rendered":"http:\/\/www.bachstrasse2.de\/?page_id=175"},"modified":"2013-08-20T11:46:09","modified_gmt":"2013-08-20T09:46:09","slug":"ergebnisse-2010","status":"publish","type":"page","link":"https:\/\/www.bachstrasse6.de\/?page_id=175","title":{"rendered":"Laufergebnisse 2010"},"content":{"rendered":"<p><span><span style=\"font-family: Arial,Helvetica;\"><span>Training ist ja recht und sch\u00f6n, doch ein Duell im Wettkampf ist eben durch nichts zu ersetzen. Deshalb starten wir auch wann immer es m\u00f6glich ist bei offiziellen Wettk\u00e4mpfen in unserer Umgebung. Hier die Ergebnisse des Jahres 2010:<\/span><\/span><\/span><\/p>\n<p><span><span style=\"font-family: Arial,Helvetica;\"><span><strong>8. Rissnertlauf<\/strong>, 21.03.10, Karlsruhe-R\u00fcppurr, 15 km, 330 Teilnehmer<br \/>\nBernhard Frey 1:15:16 h (90)<br \/>\n<strong>9. Hermann-Hesse-Lauf<\/strong>, 27.03.10, Calw, 10 km, 136 Teilnehmer<br \/>\nMarco Frei 44:22 min. (121), Bernhard Frey 44:40 min. (126)<br \/>\n<strong>5. Panoramalauf<\/strong>, 18.04.10, Conweiler, 21,1 km, 185 Teilnehmer<br \/>\nMarco Frei 1:45:06 h (62)<br \/>\n<strong>29. Heidelberger Halbmarathon<\/strong>, 25.04.10, Heidelberg, 21,1 km, 3.375 Teilnehmer<br \/>\nMarco Frei 1:49:21 h (933), Martin Nelius 1:57:22 h (1468), Oliver Lamprecht 2:17:47 h (2785)<br \/>\n<strong>27. K\u00e4mpfelbach-Lauf<\/strong>, 08.05.10, Ersingen, 10 km, 142 Teilnehmer<br \/>\nMarco Frei 46:47 min. (58), Andreas Frey 50:21 min. (86), Christine Frei 52:24 min. (100), Karin Frey 72:51 min. (142)<br \/>\n<strong>20. Himmelfahrtslauf<\/strong>, 13.05.10, W\u00f6ssingen, 10 km, 119 Teilnehmer<br \/>\nMarco Frei 45:24 min. (38), Bernhard Frey 46:28 min. (46), Oliver Lamprecht 51:59 min. (87)<br \/>\n<strong>10. Heilbronner Trollinger-Marathon<\/strong>, 16.05.10, Heilbronn, 21,1 km, 4.737 Teilnehmer<br \/>\nMarco Frei 1:42:09 h (736), Siegfried Lamprecht 2:02:07 h (2801), Oliver Lamprecht 2:03:02 h\u00a0(2895)<br \/>\n<strong>7. Altstadtlauf<\/strong>, 21.05.10, Ettlingen, 10 km, 965 Teilnehmer<br \/>\nBernhard Frey 44:42 min. (154)<br \/>\n<strong>8. Int. Kieselbronner Gei\u00dfeschenner-Lauf<\/strong>, 12.06.10, Kieselbronn, 10 km, 108 Teilnehmer<br \/>\nChristine Frei 51:51 min. (60)<br \/>\n<strong>8. Int. Kieselbronner Gei\u00dfeschenner-Halbmarathon<\/strong>, 12.06.10, Kieselbronn, 21,1 km, 167 Teilnehmer<br \/>\nMarco Frei 1:46:29 h (77)<br \/>\n<strong>Citylauf<\/strong>, 25.06.10, Pforzheim, 10 km, 686 Teilnehmer<br \/>\nMarco Frei 43:36 min. (138)<br \/>\n<strong>5. Lu\u00dfhardtlauf<\/strong>, 22.08.10, Hambr\u00fccken, 10 km, 282 Teilnehmer<br \/>\nChristine Frei 53:06 h (150)<br \/>\n<strong>5. Lu\u00dfhardtlauf<\/strong>, 22.08.10, Hambr\u00fccken, 21,1 km, 221 Teilnehmer<br \/>\nMarco Frei 1:45:40 h (76), Siegfried Lamprecht 2:19:46 h (193)<br \/>\n<strong>28. Baden-Marathon<\/strong>, 19.09.10, Karlsruhe, Halbmarathon 21,1 km, 4.958 Teilnehmer<br \/>\nMarco Frei 1:40:02 h (842), Heiko G\u00f6hringer 1:48:10 h (1647)<br \/>\n<strong>15. Ranntal-Lauf<\/strong>, 25.09.10, Wilferdingen, 10 km, 178 Teilnehmer<br \/>\nMarco Frei 45:22 min. (62), Heiko G\u00f6hringer 46:25 min. (72), Lothar Becht 53:41 min. (137) <\/span><\/span><\/span><\/p>\n<p>&nbsp;<\/p>\n<div id=\"attachment_840\" style=\"width: 310px\" class=\"wp-caption alignleft\"><img loading=\"lazy\" decoding=\"async\" aria-describedby=\"caption-attachment-840\" src=\"http:\/\/www.bachstrasse6.de\/wp-content\/uploads\/2008\/10\/2010hlcw-300x200.jpg\" alt=\"Bernhard Frey und Marco Frei beim Hesselauf Calw 2010\" width=\"300\" height=\"200\" class=\"size-medium wp-image-840\" srcset=\"https:\/\/www.bachstrasse6.de\/wp-content\/uploads\/2008\/10\/2010hlcw-300x200.jpg 300w, https:\/\/www.bachstrasse6.de\/wp-content\/uploads\/2008\/10\/2010hlcw.jpg 640w\" sizes=\"auto, (max-width: 300px) 100vw, 300px\" \/><p id=\"caption-attachment-840\" class=\"wp-caption-text\">Bernhard Frey und Marco Frei beim Hesselauf Calw 2010<\/p><\/div>\n<p>&nbsp;<\/p>\n<div id=\"attachment_841\" style=\"width: 310px\" class=\"wp-caption alignleft\"><img loading=\"lazy\" decoding=\"async\" aria-describedby=\"caption-attachment-841\" src=\"http:\/\/www.bachstrasse6.de\/wp-content\/uploads\/2008\/10\/2010trhb-300x199.jpg\" alt=\"Marco Frei beim Trollinger Marathon Heilbronn 2010\" width=\"300\" height=\"199\" class=\"size-medium wp-image-841\" srcset=\"https:\/\/www.bachstrasse6.de\/wp-content\/uploads\/2008\/10\/2010trhb-300x199.jpg 300w, https:\/\/www.bachstrasse6.de\/wp-content\/uploads\/2008\/10\/2010trhb.jpg 620w\" sizes=\"auto, (max-width: 300px) 100vw, 300px\" \/><p id=\"caption-attachment-841\" class=\"wp-caption-text\">Marco Frei beim Trollinger Marathon Heilbronn 2010<\/p><\/div>\n","protected":false},"excerpt":{"rendered":"<p>Training ist ja recht und sch\u00f6n, doch ein Duell im Wettkampf ist eben durch nichts zu ersetzen. Deshalb starten wir auch wann immer es m\u00f6glich ist bei offiziellen Wettk\u00e4mpfen in unserer Umgebung. Hier die Ergebnisse des Jahres 2010: 8. Rissnertlauf, 21.03.10, Karlsruhe-R\u00fcppurr, 15 km, 330 Teilnehmer Bernhard Frey 1:15:16 h (90) 9. Hermann-Hesse-Lauf, 27.03.10, Calw, [&hellip;]<\/p>\n","protected":false},"author":2,"featured_media":0,"parent":9,"menu_order":0,"comment_status":"open","ping_status":"closed","template":"","meta":{"footnotes":""},"class_list":["post-175","page","type-page","status-publish","hentry"],"_links":{"self":[{"href":"https:\/\/www.bachstrasse6.de\/index.php?rest_route=\/wp\/v2\/pages\/175","targetHints":{"allow":["GET"]}}],"collection":[{"href":"https:\/\/www.bachstrasse6.de\/index.php?rest_route=\/wp\/v2\/pages"}],"about":[{"href":"https:\/\/www.bachstrasse6.de\/index.php?rest_route=\/wp\/v2\/types\/page"}],"author":[{"embeddable":true,"href":"https:\/\/www.bachstrasse6.de\/index.php?rest_route=\/wp\/v2\/users\/2"}],"replies":[{"embeddable":true,"href":"https:\/\/www.bachstrasse6.de\/index.php?rest_route=%2Fwp%2Fv2%2Fcomments&post=175"}],"version-history":[{"count":9,"href":"https:\/\/www.bachstrasse6.de\/index.php?rest_route=\/wp\/v2\/pages\/175\/revisions"}],"predecessor-version":[{"id":1216,"href":"https:\/\/www.bachstrasse6.de\/index.php?rest_route=\/wp\/v2\/pages\/175\/revisions\/1216"}],"up":[{"embeddable":true,"href":"https:\/\/www.bachstrasse6.de\/index.php?rest_route=\/wp\/v2\/pages\/9"}],"wp:attachment":[{"href":"https:\/\/www.bachstrasse6.de\/index.php?rest_route=%2Fwp%2Fv2%2Fmedia&parent=175"}],"curies":[{"name":"wp","href":"https:\/\/api.w.org\/{rel}","templated":true}]}}