{"id":170,"date":"2011-09-17T11:04:46","date_gmt":"2011-09-17T09:04:46","guid":{"rendered":"http:\/\/www.bachstrasse2.de\/?page_id=170"},"modified":"2013-08-20T11:50:16","modified_gmt":"2013-08-20T09:50:16","slug":"laufergebnisse-2009","status":"publish","type":"page","link":"https:\/\/www.bachstrasse6.de\/?page_id=170","title":{"rendered":"Laufergebnisse 2009"},"content":{"rendered":"<p><span><span style=\"font-family: Arial,Helvetica;\"><span>Training ist ja recht und sch\u00f6n, doch ein Duell im Wettkampf ist eben durch nichts zu ersetzen. Deshalb starten wir auch wann immer es m\u00f6glich ist bei offiziellen Wettk\u00e4mpfen in unserer Umgebung. Hier die\u00a0Ergebnisse des Jahres 2009:<\/span><\/span><\/span><\/p>\n<p><span><span style=\"font-family: Arial,Helvetica;\"><span><strong>36. Rheinzaberner Osterlauf<\/strong>, 11.04.09, Rheinzabern, 21,1 km, 305 Teilnehmer<br \/>\nBernhard Frey 1:43:40 h (157), Siegfried Lamprecht 2:17:32 h (290)<br \/>\n<strong>28. Heidelberger Halbmarathon<\/strong>, 26.04.09, Heidelberg, 21,1 km, 3.507 Teilnehmer<br \/>\nMarco Frei 1:55:53 h (1497), Martin Nelius 2:00:37 h (1927), Oliver Lamprecht 2:11:34 h (1634)<br \/>\n<strong>26. K\u00e4mpfelbach-Lauf<\/strong>, 09.05.09, Ersingen, 10 km, 166 Teilnehmer<br \/>\nBernhard Frey 46:13 min. (47), Marco Frei 48:30 min. (63), Christine Frei 52:13 min. (94), Andreas Frey 52:51 min. (99)<br \/>\n<strong>9. Heilbronner Trollinger-Marathon<\/strong>, 17.05.09, Heilbronn, 21,1 km, 4.463 Teilnehmer<br \/>\nMarco Frei 1:53:56 h (1141), Siegfried Lamprecht 2:12:01 h (2688)<br \/>\n<strong>7. Raiffeisen-Altstadtlauf<\/strong>, 01.06.09, Lohr am Main, 10 km, 183 Teilnehmer<br \/>\nBernhard Frey 43:41 min. (55)<br \/>\n<strong>Enzauenlauf Pforzheim<\/strong>, 26.06.09, Pforzheim, 10 km, 716 Teilnehmer<br \/>\nMarco Frei 47:03 min. (161), Christine Frei 49:20 min. (244)<br \/>\n<strong>10. Mosbacher Stadtlauf<\/strong>, 04.07.09, Mosbach, 9,5 km, 144 Teilnehmer<br \/>\nBernhard Frey 43:37 min. (69), Marco Frei 44:58 min. (82), Christine Frei 47:32 min. (101)<br \/>\n<strong>4. Lu\u00dfhardtlauf<\/strong>, 23.08.09, Hambr\u00fccken, 21,1 km, 323 Teilnehmer<br \/>\nMarco Frei 1:47:51 h (168), Siegfried Lamprecht 2:08:55 h (293)<br \/>\n<strong>27. Baden-Marathon<\/strong>, 20.09.09, Karlsruhe, Halbmarathon 21,1 km, 6.009 Teilnehmer<br \/>\nMarco Frei 1:44:21 h (1261)<br \/>\n<strong>14. Ranntal-Lauf<\/strong>, 26.09.09, Wilferdingen, 10 km, 204 Teilnehmer<br \/>\nMarco Frei 45:45 min. (70), Christine Frei 50:18 min. (135), Timo Brenk 50:36 min. (142)<br \/>\n<strong>15. Volkslauf Serres<\/strong>, 03.10.09, Serres, 10 km, 202 Teilnehmer<br \/>\nMarco Frei 45:49 min. (69), Christine Frei 49:56 min. (110), Lothar Becht 51:09 min. (119)<strong><br \/>\n24. Hardtwaldlauf<\/strong>, 11.10.09, Karlsruhe, 10 km, 408 Teilnehmer<br \/>\nMarco Frei 44:28 min. (106), Christine Frei 47:33 min. (181), Lothar Becht 49:23 min. (224)<br \/>\n<strong>22. Forchheimer Silvesterlauf<\/strong>, 31.12.09, Forchheim, 10 km, 571 Teilnehmer<br \/>\nMarco Frei 45:33 min. (125), Bernhard Frey 47:25 min. (174), Lothar Becht 50:10 min. (242), Timo Brenk 55:11 min. (356)<\/span><\/span><\/span><\/p>\n<p>&nbsp;<\/p>\n<div id=\"attachment_836\" style=\"width: 209px\" class=\"wp-caption alignleft\"><img loading=\"lazy\" decoding=\"async\" aria-describedby=\"caption-attachment-836\" src=\"http:\/\/www.bachstrasse6.de\/wp-content\/uploads\/2008\/10\/slmb200901-199x300.jpg\" alt=\"Christine Frei beim Mosbauer Stadtlauf 2009\" width=\"199\" height=\"300\" class=\"size-medium wp-image-836\" srcset=\"https:\/\/www.bachstrasse6.de\/wp-content\/uploads\/2008\/10\/slmb200901-199x300.jpg 199w, https:\/\/www.bachstrasse6.de\/wp-content\/uploads\/2008\/10\/slmb200901.jpg 341w\" sizes=\"auto, (max-width: 199px) 100vw, 199px\" \/><p id=\"caption-attachment-836\" class=\"wp-caption-text\">Christine Frei beim Mosbauer Stadtlauf 2009<\/p><\/div>\n<p>&nbsp;<\/p>\n<div id=\"attachment_837\" style=\"width: 209px\" class=\"wp-caption alignleft\"><img loading=\"lazy\" decoding=\"async\" aria-describedby=\"caption-attachment-837\" src=\"http:\/\/www.bachstrasse6.de\/wp-content\/uploads\/2008\/10\/slmb200904-199x300.jpg\" alt=\"Marco Frei beim Mosbacher Stadtlauf 2009\" width=\"199\" height=\"300\" class=\"size-medium wp-image-837\" srcset=\"https:\/\/www.bachstrasse6.de\/wp-content\/uploads\/2008\/10\/slmb200904-199x300.jpg 199w, https:\/\/www.bachstrasse6.de\/wp-content\/uploads\/2008\/10\/slmb200904.jpg 341w\" sizes=\"auto, (max-width: 199px) 100vw, 199px\" \/><p id=\"caption-attachment-837\" class=\"wp-caption-text\">Marco Frei beim Mosbacher Stadtlauf 2009<\/p><\/div>\n<p>&nbsp;<\/p>\n<div id=\"attachment_838\" style=\"width: 209px\" class=\"wp-caption alignleft\"><img loading=\"lazy\" decoding=\"async\" aria-describedby=\"caption-attachment-838\" src=\"http:\/\/www.bachstrasse6.de\/wp-content\/uploads\/2008\/10\/slmb200907-199x300.jpg\" alt=\"Bernhard Frey beim Mosbacher Stadtlauf 2009\" width=\"199\" height=\"300\" class=\"size-medium wp-image-838\" srcset=\"https:\/\/www.bachstrasse6.de\/wp-content\/uploads\/2008\/10\/slmb200907-199x300.jpg 199w, https:\/\/www.bachstrasse6.de\/wp-content\/uploads\/2008\/10\/slmb200907.jpg 341w\" sizes=\"auto, (max-width: 199px) 100vw, 199px\" \/><p id=\"caption-attachment-838\" class=\"wp-caption-text\">Bernhard Frey beim Mosbacher Stadtlauf 2009<\/p><\/div>\n<p>&nbsp;<\/p>\n<div id=\"attachment_839\" style=\"width: 310px\" class=\"wp-caption alignleft\"><img loading=\"lazy\" decoding=\"async\" aria-describedby=\"caption-attachment-839\" src=\"http:\/\/www.bachstrasse6.de\/wp-content\/uploads\/2008\/10\/lusshardtlaufhb09-300x199.jpg\" alt=\"Marco Frei beim Lu\u00dfhardtlauf Hambr\u00fccken 2009\" width=\"300\" height=\"199\" class=\"size-medium wp-image-839\" srcset=\"https:\/\/www.bachstrasse6.de\/wp-content\/uploads\/2008\/10\/lusshardtlaufhb09-300x199.jpg 300w, https:\/\/www.bachstrasse6.de\/wp-content\/uploads\/2008\/10\/lusshardtlaufhb09.jpg 800w\" sizes=\"auto, (max-width: 300px) 100vw, 300px\" \/><p id=\"caption-attachment-839\" class=\"wp-caption-text\">Marco Frei beim Lu\u00dfhardtlauf Hambr\u00fccken 2009<\/p><\/div>\n<p>&nbsp;<\/p>\n","protected":false},"excerpt":{"rendered":"<p>Training ist ja recht und sch\u00f6n, doch ein Duell im Wettkampf ist eben durch nichts zu ersetzen. Deshalb starten wir auch wann immer es m\u00f6glich ist bei offiziellen Wettk\u00e4mpfen in unserer Umgebung. Hier die\u00a0Ergebnisse des Jahres 2009: 36. Rheinzaberner Osterlauf, 11.04.09, Rheinzabern, 21,1 km, 305 Teilnehmer Bernhard Frey 1:43:40 h (157), Siegfried Lamprecht 2:17:32 h [&hellip;]<\/p>\n","protected":false},"author":2,"featured_media":0,"parent":9,"menu_order":0,"comment_status":"open","ping_status":"closed","template":"","meta":{"footnotes":""},"class_list":["post-170","page","type-page","status-publish","hentry"],"_links":{"self":[{"href":"https:\/\/www.bachstrasse6.de\/index.php?rest_route=\/wp\/v2\/pages\/170","targetHints":{"allow":["GET"]}}],"collection":[{"href":"https:\/\/www.bachstrasse6.de\/index.php?rest_route=\/wp\/v2\/pages"}],"about":[{"href":"https:\/\/www.bachstrasse6.de\/index.php?rest_route=\/wp\/v2\/types\/page"}],"author":[{"embeddable":true,"href":"https:\/\/www.bachstrasse6.de\/index.php?rest_route=\/wp\/v2\/users\/2"}],"replies":[{"embeddable":true,"href":"https:\/\/www.bachstrasse6.de\/index.php?rest_route=%2Fwp%2Fv2%2Fcomments&post=170"}],"version-history":[{"count":6,"href":"https:\/\/www.bachstrasse6.de\/index.php?rest_route=\/wp\/v2\/pages\/170\/revisions"}],"predecessor-version":[{"id":200,"href":"https:\/\/www.bachstrasse6.de\/index.php?rest_route=\/wp\/v2\/pages\/170\/revisions\/200"}],"up":[{"embeddable":true,"href":"https:\/\/www.bachstrasse6.de\/index.php?rest_route=\/wp\/v2\/pages\/9"}],"wp:attachment":[{"href":"https:\/\/www.bachstrasse6.de\/index.php?rest_route=%2Fwp%2Fv2%2Fmedia&parent=170"}],"curies":[{"name":"wp","href":"https:\/\/api.w.org\/{rel}","templated":true}]}}